{"id":1491,"date":"2025-01-10T17:31:43","date_gmt":"2025-01-10T16:31:43","guid":{"rendered":"https:\/\/indie.rent\/catalogue\/produit\/transmetteur-teradek-bolt-6-lt-750\/"},"modified":"2026-04-16T18:14:48","modified_gmt":"2026-04-16T16:14:48","slug":"transmetteur-teradek-bolt-6-lt-750","status":"publish","type":"product","link":"https:\/\/indie.rent\/catalogue\/produit\/transmetteur-teradek-bolt-6-lt-750\/","title":{"rendered":"Transmetteur Teradek Bolt 6 LT 750"},"content":{"rendered":"<p>Le Bolt 6 LT 750 TX est un \u00e9metteur vid\u00e9o sans fil prenant en charge la vid\u00e9o HDR 1080p60 10 bits 4:2:2 via 3G-SDI, ou la 4K30 via HDMI. Le Bolt 6 utilise la puce silicium Zero-Delay brevet\u00e9e de Teradek pour transmettre la vid\u00e9o sans fil sur les fr\u00e9quences radio 5 GHz et 6 GHz.<\/p>\n<p>\u00a0<\/p>\n<p>Caract\u00e9ristiques principales:<\/p>\n<p>&#8211; Transmission jusqu\u2019\u00e0 6 r\u00e9cepteurs simultan\u00e9s<\/p>\n<p>&#8211; Compatible Bolt 6 et retrocompatible Bolt 4K<\/p>\n<p>&#8211; Liaison sans fil jusqu&#8217;\u00e0 230 m\u00e8tres (750 pieds), en visibilit\u00e9 directe<\/p>\n","protected":false},"excerpt":{"rendered":"<p>Le Bolt 6 LT 750 TX est un \u00e9metteur vid\u00e9o sans fil prenant en charge la vid\u00e9o HDR 1080p60 10 bits 4:2:2 via 3G-SDI, ou la 4K30 via HDMI. Le Bolt 6 utilise la puce silicium Zero-Delay brevet\u00e9e de Teradek pour transmettre la vid\u00e9o sans fil sur les fr\u00e9quences radio 5 GHz et 6 GHz. [&hellip;]<\/p>\n","protected":false},"featured_media":5982,"template":"","meta":{"inline_featured_image":false},"product_brand":[],"product_cat":[1965],"product_tag":[],"class_list":{"0":"post-1491","1":"product","2":"type-product","3":"status-publish","4":"has-post-thumbnail","6":"product_cat-transmission-video-hf","8":"first","9":"instock","10":"taxable","11":"shipping-taxable","12":"purchasable","13":"product-type-rentable"},"acf":[],"_links":{"self":[{"href":"https:\/\/indie.rent\/catalogue\/wp-json\/wp\/v2\/product\/1491","targetHints":{"allow":["GET"]}}],"collection":[{"href":"https:\/\/indie.rent\/catalogue\/wp-json\/wp\/v2\/product"}],"about":[{"href":"https:\/\/indie.rent\/catalogue\/wp-json\/wp\/v2\/types\/product"}],"version-history":[{"count":0,"href":"https:\/\/indie.rent\/catalogue\/wp-json\/wp\/v2\/product\/1491\/revisions"}],"wp:featuredmedia":[{"embeddable":true,"href":"https:\/\/indie.rent\/catalogue\/wp-json\/wp\/v2\/media\/5982"}],"wp:attachment":[{"href":"https:\/\/indie.rent\/catalogue\/wp-json\/wp\/v2\/media?parent=1491"}],"wp:term":[{"taxonomy":"product_brand","embeddable":true,"href":"https:\/\/indie.rent\/catalogue\/wp-json\/wp\/v2\/product_brand?post=1491"},{"taxonomy":"product_cat","embeddable":true,"href":"https:\/\/indie.rent\/catalogue\/wp-json\/wp\/v2\/product_cat?post=1491"},{"taxonomy":"product_tag","embeddable":true,"href":"https:\/\/indie.rent\/catalogue\/wp-json\/wp\/v2\/product_tag?post=1491"}],"curies":[{"name":"wp","href":"https:\/\/api.w.org\/{rel}","templated":true}]}}