{"id":1488,"date":"2025-01-10T17:31:42","date_gmt":"2025-01-10T16:31:42","guid":{"rendered":"https:\/\/indie.rent\/catalogue\/produit\/forfait-petite-bijoute\/"},"modified":"2026-04-13T18:35:27","modified_gmt":"2026-04-13T16:35:27","slug":"forfait-petite-bijoute","status":"publish","type":"product","link":"https:\/\/indie.rent\/catalogue\/produit\/forfait-petite-bijoute\/","title":{"rendered":"Forfait Petite Bijoute"},"content":{"rendered":"<p>1 s\u00e9rie de cubes marche (8&#215;5+8&#215;10+8&#215;15)<br \/>1 cube op\u00e9rateur<br \/>1 caisse cales divers<br \/>1 niveau<br \/>10 gueuses<br \/>1 caisse de borniols + taps<br \/>1 caisse de face (clap, feutre, bombe matt, clefs 13\/17\/19, massette)<br \/>2 bras magiques clamp\u00e9s<br \/>1 \u00e9tai<br \/>1 jeux de barres alu (1m+2m+3m+4m)<br \/>1 manchon m\u00e2le + 1 manchon femelle<br \/>2 colliers SP28<br \/>2 colliers SP16<br \/>2 colliers fixes<br \/>2 colliers mobiles<br \/>1 cyclone<br \/>1 rotule<br \/>1 CPK<br \/>2 presses + 2 coulisseaux<br \/>4 boutes + 2 piquets<br \/>2 chapelet de pinces (x10)<br \/>1 chapelet d&#8217;\u00e9lingues (x10)<br \/>1 caisse 8 sangles crochets + 8 sangles plates<br \/>1 escabeau<\/p>\n","protected":false},"excerpt":{"rendered":"<p>1 s\u00e9rie de cubes marche (8&#215;5+8&#215;10+8&#215;15)1 cube op\u00e9rateur1 caisse cales divers1 niveau10 gueuses1 caisse de borniols + taps1 caisse de face (clap, feutre, bombe matt, clefs 13\/17\/19, massette)2 bras magiques clamp\u00e9s1 \u00e9tai1 jeux de barres alu (1m+2m+3m+4m)1 manchon m\u00e2le + 1 manchon femelle2 colliers SP282 colliers SP162 colliers fixes2 colliers mobiles1 cyclone1 rotule1 CPK2 presses [&hellip;]<\/p>\n","protected":false},"featured_media":2230,"template":"","meta":{"inline_featured_image":false},"product_brand":[],"product_cat":[1984],"product_tag":[],"class_list":{"0":"post-1488","1":"product","2":"type-product","3":"status-publish","4":"has-post-thumbnail","6":"product_cat-bijoute-machinerie","8":"first","9":"instock","10":"taxable","11":"shipping-taxable","12":"purchasable","13":"product-type-rentable"},"acf":[],"_links":{"self":[{"href":"https:\/\/indie.rent\/catalogue\/wp-json\/wp\/v2\/product\/1488","targetHints":{"allow":["GET"]}}],"collection":[{"href":"https:\/\/indie.rent\/catalogue\/wp-json\/wp\/v2\/product"}],"about":[{"href":"https:\/\/indie.rent\/catalogue\/wp-json\/wp\/v2\/types\/product"}],"version-history":[{"count":0,"href":"https:\/\/indie.rent\/catalogue\/wp-json\/wp\/v2\/product\/1488\/revisions"}],"wp:featuredmedia":[{"embeddable":true,"href":"https:\/\/indie.rent\/catalogue\/wp-json\/wp\/v2\/media\/2230"}],"wp:attachment":[{"href":"https:\/\/indie.rent\/catalogue\/wp-json\/wp\/v2\/media?parent=1488"}],"wp:term":[{"taxonomy":"product_brand","embeddable":true,"href":"https:\/\/indie.rent\/catalogue\/wp-json\/wp\/v2\/product_brand?post=1488"},{"taxonomy":"product_cat","embeddable":true,"href":"https:\/\/indie.rent\/catalogue\/wp-json\/wp\/v2\/product_cat?post=1488"},{"taxonomy":"product_tag","embeddable":true,"href":"https:\/\/indie.rent\/catalogue\/wp-json\/wp\/v2\/product_tag?post=1488"}],"curies":[{"name":"wp","href":"https:\/\/api.w.org\/{rel}","templated":true}]}}