{"id":1485,"date":"2025-01-10T17:31:41","date_gmt":"2025-01-10T16:31:41","guid":{"rendered":"https:\/\/indie.rent\/catalogue\/produit\/moniteur-lilliput-15-4k-bm150\/"},"modified":"2026-04-15T17:51:23","modified_gmt":"2026-04-15T15:51:23","slug":"moniteur-lilliput-15-4k-bm150","status":"publish","type":"product","link":"https:\/\/indie.rent\/catalogue\/produit\/moniteur-lilliput-15-4k-bm150\/","title":{"rendered":"Moniteur Lilliput 15&#8243; 4K &#8211; BM150"},"content":{"rendered":"<p>Le moniteur Lilliput 15\u2033 4K \u2013 BM150 est un moniteur broadcast professionnel polyvalent, con\u00e7u pour le monitoring cam\u00e9ra, le tournage sur plateau, les r\u00e9gies et les workflows de production et post-production. Il offre une image UHD 3840 \u00d7 2160 sur une dalle 15,6\u2033 avec une connectique SDI, HDMI, DVI et VGA compl\u00e8te et les outils de monitoring essentiels pour un contr\u00f4le pr\u00e9cis de l\u2019image.<\/p>\n<p>Caract\u00e9ristiques: <br \/>Fonction de Quad view : quatre images diff\u00e9rentes s&#8217;affichent dans un \u00e9cran. <br \/>Ce moniteur prend en charge la transmission synchrone de signaux diff\u00e9rents, tels que SDI, HDMI, DVI, VGA. <br \/>HDMI 2.0 supporte 4K 60HZ et HDMI 1.4 supporte 4K 30HZ. <br \/>Image flip\u00a0<\/p>\n<p>Sp\u00e9cifications :<br \/>Taille du panneau : 15.6&#8243;<br \/>R\u00e9solution : jusqu&#8217;\u00e0 3840 * 2160, 4K<br \/>Ratio d&#8217;aspect : 16 : 9 <br \/>Luminosit\u00e9 : 330 cd\/\u33a1 <br \/>Contraste : 1000 : 1 <br \/>Regarde d&#8217;Angle : 170\u00b0\/160\u00b0 (H\/V) <br \/>Entr\u00e9e Signal : 3G-SDI, HDMI 2.0\u00d71 (4K@60Hz) HDMI 1.4\u00d73 (4K@30Hz), DVI, VGA, Audio(L\/R), TALLY <br \/>Sortie : 3G-SDI <br \/>Courant : 1A (15V) <br \/>Tension d&#8217;entr\u00e9e : DC 12-24V (XLR) <br \/>Consommation \u226415W <br \/>Temp\u00e9rature de fonctionnement : 0C\u00b0-60C\u00b0<br \/>Dimensions (LWD): environ 389 x 267 x 38 mm \/ 524 \u00d7 305\u00d7 170 mm (avec le bo\u00eete) <br \/>Poids : environ 3.4kg\/12kg (avec l&#8217;emballage)<\/p>\n","protected":false},"excerpt":{"rendered":"<p>Le moniteur Lilliput 15\u2033 4K \u2013 BM150 est un moniteur broadcast professionnel polyvalent, con\u00e7u pour le monitoring cam\u00e9ra, le tournage sur plateau, les r\u00e9gies et les workflows de production et post-production. Il offre une image UHD 3840 \u00d7 2160 sur une dalle 15,6\u2033 avec une connectique SDI, HDMI, DVI et VGA compl\u00e8te et les outils [&hellip;]<\/p>\n","protected":false},"featured_media":2737,"template":"","meta":{"inline_featured_image":false},"product_brand":[],"product_cat":[1964],"product_tag":[],"class_list":{"0":"post-1485","1":"product","2":"type-product","3":"status-publish","4":"has-post-thumbnail","6":"product_cat-moniteur-combo","8":"first","9":"instock","10":"taxable","11":"shipping-taxable","12":"purchasable","13":"product-type-rentable"},"acf":[],"_links":{"self":[{"href":"https:\/\/indie.rent\/catalogue\/wp-json\/wp\/v2\/product\/1485","targetHints":{"allow":["GET"]}}],"collection":[{"href":"https:\/\/indie.rent\/catalogue\/wp-json\/wp\/v2\/product"}],"about":[{"href":"https:\/\/indie.rent\/catalogue\/wp-json\/wp\/v2\/types\/product"}],"version-history":[{"count":0,"href":"https:\/\/indie.rent\/catalogue\/wp-json\/wp\/v2\/product\/1485\/revisions"}],"wp:featuredmedia":[{"embeddable":true,"href":"https:\/\/indie.rent\/catalogue\/wp-json\/wp\/v2\/media\/2737"}],"wp:attachment":[{"href":"https:\/\/indie.rent\/catalogue\/wp-json\/wp\/v2\/media?parent=1485"}],"wp:term":[{"taxonomy":"product_brand","embeddable":true,"href":"https:\/\/indie.rent\/catalogue\/wp-json\/wp\/v2\/product_brand?post=1485"},{"taxonomy":"product_cat","embeddable":true,"href":"https:\/\/indie.rent\/catalogue\/wp-json\/wp\/v2\/product_cat?post=1485"},{"taxonomy":"product_tag","embeddable":true,"href":"https:\/\/indie.rent\/catalogue\/wp-json\/wp\/v2\/product_tag?post=1485"}],"curies":[{"name":"wp","href":"https:\/\/api.w.org\/{rel}","templated":true}]}}