{"id":1484,"date":"2025-01-10T17:31:40","date_gmt":"2025-01-10T16:31:40","guid":{"rendered":"https:\/\/indie.rent\/catalogue\/produit\/machine-a-fumee-lourde-cumulus\/"},"modified":"2026-04-14T17:08:38","modified_gmt":"2026-04-14T15:08:38","slug":"machine-a-fumee-lourde-chauvet-cumulus","status":"publish","type":"product","link":"https:\/\/indie.rent\/catalogue\/produit\/machine-a-fumee-lourde-chauvet-cumulus\/","title":{"rendered":"Machine \u00e0 fum\u00e9e lourde &#8211; CHAUVET &#8211; Cumulus"},"content":{"rendered":"<p>Le Cumulus est une machine robuste qui produit une fum\u00e9e \u00e9paisse au sol, sans neige carbonique.<br \/>L\u2019agitateur ultrasonique int\u00e9gr\u00e9 convertit l\u2019eau pure en fum\u00e9e. Le temps de chauffe tr\u00e8s court (moins de 4 minutes) de l\u2019appareil permet une utilisation rapide et une production de fum\u00e9e sur demande. Son coffre robuste facilite le transport et les roulettes avec frein emp\u00eachent les d\u00e9placements inopin\u00e9s. Le Cumulus se contr\u00f4le via l\u2019\u00e9cran num\u00e9rique int\u00e9gr\u00e9 ou par DMX.<\/p>\n<p>Caract\u00e9ristiques techniques<\/p>\n<p>Canaux DMX: 2<br \/>Connecteurs DMX: XLR 3 et 5 broches <br \/>Temps de chauffe : 3 min <br \/>Tension d&#8217;entr\u00e9e: 120 VAC, 60 Hz ou 230 VAC, 50 Hz<br \/>Puissance et intensit\u00e9: 970 W, 8 A \u00e0 120 V, 60 Hz 970 W, 4 A \u00e0 230 V, 50 Hz<br \/>Poids: 26,7 kg (58,8 livres)<br \/>Dimensions: 625 x 409 x 453 mm (25 x 16 x 18 po)<br \/>Homologations: CE<br \/>Capacit\u00e9 du r\u00e9servoir de liquide \u00e0 fum\u00e9e : 3,25 l (0,9 gal.) Capacit\u00e9 du r\u00e9servoir d&#8217;eau: 7,6 l (2 gal.)<br \/>Output: 10 000 cfm<br \/>Consommation de liquide \u00e0 fum\u00e9e: 12 ml\/min<br \/>Consommation d&#8217;eau : 120 ml\/min<br \/>Consommation d&#8217;eau : LLF5, FF5<\/p>\n","protected":false},"excerpt":{"rendered":"<p>Le Cumulus est une machine robuste qui produit une fum\u00e9e \u00e9paisse au sol, sans neige carbonique.L\u2019agitateur ultrasonique int\u00e9gr\u00e9 convertit l\u2019eau pure en fum\u00e9e. Le temps de chauffe tr\u00e8s court (moins de 4 minutes) de l\u2019appareil permet une utilisation rapide et une production de fum\u00e9e sur demande. Son coffre robuste facilite le transport et les roulettes [&hellip;]<\/p>\n","protected":false},"featured_media":3683,"template":"","meta":{"inline_featured_image":false},"product_brand":[],"product_cat":[2101],"product_tag":[],"class_list":{"0":"post-1484","1":"product","2":"type-product","3":"status-publish","4":"has-post-thumbnail","6":"product_cat-machine-a-brouillard-fumee","8":"first","9":"instock","10":"taxable","11":"shipping-taxable","12":"purchasable","13":"product-type-rentable"},"acf":[],"_links":{"self":[{"href":"https:\/\/indie.rent\/catalogue\/wp-json\/wp\/v2\/product\/1484","targetHints":{"allow":["GET"]}}],"collection":[{"href":"https:\/\/indie.rent\/catalogue\/wp-json\/wp\/v2\/product"}],"about":[{"href":"https:\/\/indie.rent\/catalogue\/wp-json\/wp\/v2\/types\/product"}],"version-history":[{"count":0,"href":"https:\/\/indie.rent\/catalogue\/wp-json\/wp\/v2\/product\/1484\/revisions"}],"wp:featuredmedia":[{"embeddable":true,"href":"https:\/\/indie.rent\/catalogue\/wp-json\/wp\/v2\/media\/3683"}],"wp:attachment":[{"href":"https:\/\/indie.rent\/catalogue\/wp-json\/wp\/v2\/media?parent=1484"}],"wp:term":[{"taxonomy":"product_brand","embeddable":true,"href":"https:\/\/indie.rent\/catalogue\/wp-json\/wp\/v2\/product_brand?post=1484"},{"taxonomy":"product_cat","embeddable":true,"href":"https:\/\/indie.rent\/catalogue\/wp-json\/wp\/v2\/product_cat?post=1484"},{"taxonomy":"product_tag","embeddable":true,"href":"https:\/\/indie.rent\/catalogue\/wp-json\/wp\/v2\/product_tag?post=1484"}],"curies":[{"name":"wp","href":"https:\/\/api.w.org\/{rel}","templated":true}]}}