{"id":1482,"date":"2025-01-10T17:31:40","date_gmt":"2025-01-10T16:31:40","guid":{"rendered":"https:\/\/indie.rent\/catalogue\/produit\/lyre-triple-pour-maxi-mix\/"},"modified":"2026-04-05T00:17:00","modified_gmt":"2026-04-04T22:17:00","slug":"lyre-triple-pour-maxi-mix","status":"publish","type":"product","link":"https:\/\/indie.rent\/catalogue\/produit\/lyre-triple-pour-maxi-mix\/","title":{"rendered":"Lyre Triple pour Maxi Mix"},"content":{"rendered":"<p>La lyre triple permet de cr\u00e9er un \u00e9quivalent de Skypanel 360 gr\u00e2ce \u00e0 ce support l\u00e9ger facile \u00e0 monter. Le syst\u00e8me d\u2019attache rapide permet \u00e0 une seule personne de le mettre en place. Gr\u00e2ce au montage en s\u00e9rie, une seule ligne \u00e9lectrique est n\u00e9cessaire pour alimenter les trois SL1.<\/p>\n<p>Dimension totale lyre comprise : 145 x 122 x 10,5 cm<br \/>Poids de la lyre vide : 10,3 kg<br \/>Poids total avec 3 SL1 Maxi Mix : 34,3 kg<\/p>\n","protected":false},"excerpt":{"rendered":"<p>La lyre triple permet de cr\u00e9er un \u00e9quivalent de Skypanel 360 gr\u00e2ce \u00e0 ce support l\u00e9ger facile \u00e0 monter. Le syst\u00e8me d\u2019attache rapide permet \u00e0 une seule personne de le mettre en place. Gr\u00e2ce au montage en s\u00e9rie, une seule ligne \u00e9lectrique est n\u00e9cessaire pour alimenter les trois SL1. Dimension totale lyre comprise : 145 [&hellip;]<\/p>\n","protected":false},"featured_media":3645,"template":"","meta":{"inline_featured_image":false},"product_brand":[],"product_cat":[2121],"product_tag":[],"class_list":{"0":"post-1482","1":"product","2":"type-product","3":"status-publish","4":"has-post-thumbnail","6":"product_cat-accessoires-led","8":"first","9":"instock","10":"taxable","11":"shipping-taxable","12":"purchasable","13":"product-type-rentable"},"acf":[],"_links":{"self":[{"href":"https:\/\/indie.rent\/catalogue\/wp-json\/wp\/v2\/product\/1482","targetHints":{"allow":["GET"]}}],"collection":[{"href":"https:\/\/indie.rent\/catalogue\/wp-json\/wp\/v2\/product"}],"about":[{"href":"https:\/\/indie.rent\/catalogue\/wp-json\/wp\/v2\/types\/product"}],"version-history":[{"count":0,"href":"https:\/\/indie.rent\/catalogue\/wp-json\/wp\/v2\/product\/1482\/revisions"}],"wp:featuredmedia":[{"embeddable":true,"href":"https:\/\/indie.rent\/catalogue\/wp-json\/wp\/v2\/media\/3645"}],"wp:attachment":[{"href":"https:\/\/indie.rent\/catalogue\/wp-json\/wp\/v2\/media?parent=1482"}],"wp:term":[{"taxonomy":"product_brand","embeddable":true,"href":"https:\/\/indie.rent\/catalogue\/wp-json\/wp\/v2\/product_brand?post=1482"},{"taxonomy":"product_cat","embeddable":true,"href":"https:\/\/indie.rent\/catalogue\/wp-json\/wp\/v2\/product_cat?post=1482"},{"taxonomy":"product_tag","embeddable":true,"href":"https:\/\/indie.rent\/catalogue\/wp-json\/wp\/v2\/product_tag?post=1482"}],"curies":[{"name":"wp","href":"https:\/\/api.w.org\/{rel}","templated":true}]}}