{"id":1481,"date":"2025-01-10T17:31:39","date_gmt":"2025-01-10T16:31:39","guid":{"rendered":"https:\/\/indie.rent\/catalogue\/produit\/moniteur-tv-logic-5-f-5a\/"},"modified":"2026-04-13T18:46:37","modified_gmt":"2026-04-13T16:46:37","slug":"moniteur-tv-logic-5-f-5a","status":"publish","type":"product","link":"https:\/\/indie.rent\/catalogue\/produit\/moniteur-tv-logic-5-f-5a\/","title":{"rendered":"Moniteur TV Logic 5&#8243; &#8211; F-5A"},"content":{"rendered":"<p>Le moniteur TVLogic F-5A est un moniteur compact et ultra-l\u00e9ger. Dot\u00e9 d\u2019un \u00e9cran LCD IPS de 5 pouces avec une r\u00e9solution Full HD, il offre une image nette, pr\u00e9cise et des angles de vision confortables pour le cadrage et la mise au point sur le terrain.<br \/>Sa luminosit\u00e9 adapt\u00e9e aux conditions de tournage standard et son format r\u00e9duit en font un outil fiable pour les op\u00e9rateurs cam\u00e9ra, assistants ou r\u00e9alisateurs souhaitant un retour vid\u00e9o simple et efficace.\u00a0<\/p>\n<p>Caract\u00e9ristiques techniques :<br \/>\u2013 Type de panneau: IPS LCD<br \/>\u2013 Diagonale: 5.5\u2033<br \/>\u2013 R\u00e9solution: FHD 1920&#215;1080 pixels<br \/>\u2013 Luminosit\u00e9 Max.: 500 nits<br \/>\u2013 Contrast: 1000:1<br \/>\u2013 SDI In\/Out: 1x 3G HD-SDI Input, 1x3G HD-SDI out (SDI-HDMI conversion)<br \/>\u2013 HDMI In\/Out: 1x HDMI IN (v1.2) 1x HDMI Out\u00a0(HDMI-SDI conversion)<br \/>\u2013 Sortie Audio: 1x 3.5mm mini-jack<br \/>\u2013 Entr\u00e9es Alimentation DC: 1x Mini XLR4 (De 6V 1.25A \u00e0 34V 0.27A), 1x\u00a01\u00d7 Support Batterie NP-F<br \/>\u2013 Poids: 0,5Kg<\/p>\n","protected":false},"excerpt":{"rendered":"<p>Le moniteur TVLogic F-5A est un moniteur compact et ultra-l\u00e9ger. Dot\u00e9 d\u2019un \u00e9cran LCD IPS de 5 pouces avec une r\u00e9solution Full HD, il offre une image nette, pr\u00e9cise et des angles de vision confortables pour le cadrage et la mise au point sur le terrain.Sa luminosit\u00e9 adapt\u00e9e aux conditions de tournage standard et son [&hellip;]<\/p>\n","protected":false},"featured_media":2470,"template":"","meta":{"inline_featured_image":false},"product_brand":[],"product_cat":[1962],"product_tag":[],"class_list":{"0":"post-1481","1":"product","2":"type-product","3":"status-publish","4":"has-post-thumbnail","6":"product_cat-moniteur-5","8":"first","9":"instock","10":"taxable","11":"shipping-taxable","12":"purchasable","13":"product-type-rentable"},"acf":[],"_links":{"self":[{"href":"https:\/\/indie.rent\/catalogue\/wp-json\/wp\/v2\/product\/1481","targetHints":{"allow":["GET"]}}],"collection":[{"href":"https:\/\/indie.rent\/catalogue\/wp-json\/wp\/v2\/product"}],"about":[{"href":"https:\/\/indie.rent\/catalogue\/wp-json\/wp\/v2\/types\/product"}],"version-history":[{"count":0,"href":"https:\/\/indie.rent\/catalogue\/wp-json\/wp\/v2\/product\/1481\/revisions"}],"wp:featuredmedia":[{"embeddable":true,"href":"https:\/\/indie.rent\/catalogue\/wp-json\/wp\/v2\/media\/2470"}],"wp:attachment":[{"href":"https:\/\/indie.rent\/catalogue\/wp-json\/wp\/v2\/media?parent=1481"}],"wp:term":[{"taxonomy":"product_brand","embeddable":true,"href":"https:\/\/indie.rent\/catalogue\/wp-json\/wp\/v2\/product_brand?post=1481"},{"taxonomy":"product_cat","embeddable":true,"href":"https:\/\/indie.rent\/catalogue\/wp-json\/wp\/v2\/product_cat?post=1481"},{"taxonomy":"product_tag","embeddable":true,"href":"https:\/\/indie.rent\/catalogue\/wp-json\/wp\/v2\/product_tag?post=1481"}],"curies":[{"name":"wp","href":"https:\/\/api.w.org\/{rel}","templated":true}]}}