{"id":1478,"date":"2025-01-10T17:31:38","date_gmt":"2025-01-10T16:31:38","guid":{"rendered":"https:\/\/indie.rent\/catalogue\/produit\/moniteur-small-hd-5-focus-pro-en-sdi\/"},"modified":"2026-04-13T18:18:09","modified_gmt":"2026-04-13T16:18:09","slug":"moniteur-small-hd-5-focus-pro-1x-sdi-in-uniquement","status":"publish","type":"product","link":"https:\/\/indie.rent\/catalogue\/produit\/moniteur-small-hd-5-focus-pro-1x-sdi-in-uniquement\/","title":{"rendered":"Moniteur Small HD 5&#8243; &#8211; Focus Pro (1x SDI IN uniquement)"},"content":{"rendered":"<p>Le moniteur SmallHD 5\u2033 \u2013 Focus Pro est un moniteur l\u00e9ger et robuste, dot\u00e9 d\u2019un \u00e9cran tactile IPS LCD de 5 pouces Full HD 1920\u00d71080, offrant une bonne visibilit\u00e9 en lumi\u00e8re ambiante gr\u00e2ce \u00e0 sa luminosit\u00e9 d\u2019environ 800 nits.<\/p>\n<p>Caract\u00e9ristiques techniques :<br \/>Type de panneau : IPS LCD tactile<br \/>Diagonale : 5\u2033<br \/>R\u00e9solution : 1920\u00d71080 pixels (Full HD)<br \/>Luminosit\u00e9 Max. : 800 nits<br \/>Contraste : 1000:1<br \/>SDI In\/Out : 1\u00d7 3G\u2011SDI In \u2014 jusqu\u2019\u00e0 1080p60<br \/>HDMI In\/Out : Aucun<br \/>Sortie Audio : 1\u00d7 prise casque 3.5\u202fmm (audio via SDI)<br \/>Interface de donn\u00e9es : 1\u00d7 Slot Carte SD, 1\u00d7 5\u2011pin USB (contr\u00f4le cam\u00e9ra\/firmware)<br \/>Entr\u00e9es Alimentation : 1\u00d7 2\u2011pin LEMO (7\u201316.8\u202fV), 1\u00d7 Support Batterie NPF<br \/>Sortie Alimentation : Aucune<br \/>Consommation \u00e9lectrique : env. 8\u201312\u202fW<br \/>Poids : 270g<\/p>\n<p>\u00a0<\/p>\n","protected":false},"excerpt":{"rendered":"<p>Le moniteur SmallHD 5\u2033 \u2013 Focus Pro est un moniteur l\u00e9ger et robuste, dot\u00e9 d\u2019un \u00e9cran tactile IPS LCD de 5 pouces Full HD 1920\u00d71080, offrant une bonne visibilit\u00e9 en lumi\u00e8re ambiante gr\u00e2ce \u00e0 sa luminosit\u00e9 d\u2019environ 800 nits. Caract\u00e9ristiques techniques :Type de panneau : IPS LCD tactileDiagonale : 5\u2033R\u00e9solution : 1920\u00d71080 pixels (Full HD)Luminosit\u00e9 [&hellip;]<\/p>\n","protected":false},"featured_media":2436,"template":"","meta":{"inline_featured_image":false},"product_brand":[],"product_cat":[1962],"product_tag":[],"class_list":{"0":"post-1478","1":"product","2":"type-product","3":"status-publish","4":"has-post-thumbnail","6":"product_cat-moniteur-5","8":"first","9":"instock","10":"taxable","11":"shipping-taxable","12":"purchasable","13":"product-type-rentable"},"acf":[],"_links":{"self":[{"href":"https:\/\/indie.rent\/catalogue\/wp-json\/wp\/v2\/product\/1478","targetHints":{"allow":["GET"]}}],"collection":[{"href":"https:\/\/indie.rent\/catalogue\/wp-json\/wp\/v2\/product"}],"about":[{"href":"https:\/\/indie.rent\/catalogue\/wp-json\/wp\/v2\/types\/product"}],"version-history":[{"count":0,"href":"https:\/\/indie.rent\/catalogue\/wp-json\/wp\/v2\/product\/1478\/revisions"}],"wp:featuredmedia":[{"embeddable":true,"href":"https:\/\/indie.rent\/catalogue\/wp-json\/wp\/v2\/media\/2436"}],"wp:attachment":[{"href":"https:\/\/indie.rent\/catalogue\/wp-json\/wp\/v2\/media?parent=1478"}],"wp:term":[{"taxonomy":"product_brand","embeddable":true,"href":"https:\/\/indie.rent\/catalogue\/wp-json\/wp\/v2\/product_brand?post=1478"},{"taxonomy":"product_cat","embeddable":true,"href":"https:\/\/indie.rent\/catalogue\/wp-json\/wp\/v2\/product_cat?post=1478"},{"taxonomy":"product_tag","embeddable":true,"href":"https:\/\/indie.rent\/catalogue\/wp-json\/wp\/v2\/product_tag?post=1478"}],"curies":[{"name":"wp","href":"https:\/\/api.w.org\/{rel}","templated":true}]}}