{"id":1477,"date":"2025-01-10T17:31:37","date_gmt":"2025-01-10T16:31:37","guid":{"rendered":"https:\/\/indie.rent\/catalogue\/produit\/prompteur-pour-tablette-tp300-fourni-sans-tablette\/"},"modified":"2026-04-15T10:34:25","modified_gmt":"2026-04-15T08:34:25","slug":"prompteur-datavideo-pour-tablette-tp300-fourni-sans-tablette","status":"publish","type":"product","link":"https:\/\/indie.rent\/catalogue\/produit\/prompteur-datavideo-pour-tablette-tp300-fourni-sans-tablette\/","title":{"rendered":"Prompteur Datavideo pour Tablette &#8211; TP300 (fourni sans tablette)"},"content":{"rendered":"<p>Le Kit Prompteur TP-300 et sa t\u00e9l\u00e9commande Bluetooth WR-500 peuvent \u00eatre utilis\u00e9s dans le cadre d\u2019un th\u00e9\u00e2tre ou dans un studio vid\u00e9o. Les scripts pr\u00e9par\u00e9s ou les feuilles de rep\u00e9rage peuvent \u00eatre facilement copi\u00e9s et coll\u00e9s dans le logiciel d\u2019application du prompteur DV et d\u00e9fil\u00e9s \u00e0 une vitesse automatiquement d\u00e9finie ou contr\u00f4l\u00e9s avec une t\u00e9l\u00e9commande filaire\/sans fil. Un certain nombre de polices, de couleurs et de tailles de texte sont disponibles pour rendre la lecture confortable \u00e0 partir d\u2019une vari\u00e9t\u00e9 de distances.<\/p>\n<p>Avec un nouveau syst\u00e8me de montage, le TP-300 peut \u00eatre rapidement et facilement adapt\u00e9 pour contenir une vari\u00e9t\u00e9 de tablettes.<\/p>\n<p>\u00a0<\/p>\n","protected":false},"excerpt":{"rendered":"<p>Le Kit Prompteur TP-300 et sa t\u00e9l\u00e9commande Bluetooth WR-500 peuvent \u00eatre utilis\u00e9s dans le cadre d\u2019un th\u00e9\u00e2tre ou dans un studio vid\u00e9o. Les scripts pr\u00e9par\u00e9s ou les feuilles de rep\u00e9rage peuvent \u00eatre facilement copi\u00e9s et coll\u00e9s dans le logiciel d\u2019application du prompteur DV et d\u00e9fil\u00e9s \u00e0 une vitesse automatiquement d\u00e9finie ou contr\u00f4l\u00e9s avec une t\u00e9l\u00e9commande [&hellip;]<\/p>\n","protected":false},"featured_media":2380,"template":"","meta":{"inline_featured_image":false},"product_brand":[],"product_cat":[1948],"product_tag":[],"class_list":{"0":"post-1477","1":"product","2":"type-product","3":"status-publish","4":"has-post-thumbnail","6":"product_cat-prompteur","8":"first","9":"instock","10":"taxable","11":"shipping-taxable","12":"purchasable","13":"product-type-rentable"},"acf":[],"_links":{"self":[{"href":"https:\/\/indie.rent\/catalogue\/wp-json\/wp\/v2\/product\/1477","targetHints":{"allow":["GET"]}}],"collection":[{"href":"https:\/\/indie.rent\/catalogue\/wp-json\/wp\/v2\/product"}],"about":[{"href":"https:\/\/indie.rent\/catalogue\/wp-json\/wp\/v2\/types\/product"}],"version-history":[{"count":0,"href":"https:\/\/indie.rent\/catalogue\/wp-json\/wp\/v2\/product\/1477\/revisions"}],"wp:featuredmedia":[{"embeddable":true,"href":"https:\/\/indie.rent\/catalogue\/wp-json\/wp\/v2\/media\/2380"}],"wp:attachment":[{"href":"https:\/\/indie.rent\/catalogue\/wp-json\/wp\/v2\/media?parent=1477"}],"wp:term":[{"taxonomy":"product_brand","embeddable":true,"href":"https:\/\/indie.rent\/catalogue\/wp-json\/wp\/v2\/product_brand?post=1477"},{"taxonomy":"product_cat","embeddable":true,"href":"https:\/\/indie.rent\/catalogue\/wp-json\/wp\/v2\/product_cat?post=1477"},{"taxonomy":"product_tag","embeddable":true,"href":"https:\/\/indie.rent\/catalogue\/wp-json\/wp\/v2\/product_tag?post=1477"}],"curies":[{"name":"wp","href":"https:\/\/api.w.org\/{rel}","templated":true}]}}