{"id":1476,"date":"2025-01-10T17:31:36","date_gmt":"2025-01-10T16:31:36","guid":{"rendered":"https:\/\/indie.rent\/catalogue\/produit\/emetteur-cvw-pro-200-transmetteur-video-sans-fil\/"},"modified":"2026-04-13T18:41:39","modified_gmt":"2026-04-13T16:41:39","slug":"emetteur-cvw-pro-200-transmetteur-video-sans-fil","status":"publish","type":"product","link":"https:\/\/indie.rent\/catalogue\/produit\/emetteur-cvw-pro-200-transmetteur-video-sans-fil\/","title":{"rendered":"\u00c9metteur CVW Pro 200 &#8211; Transmetteur Vid\u00e9o Sans Fil"},"content":{"rendered":"<p>\u00c9metteur Pro 200 &#8211; Wireless HD Video Link<\/p>\n<p>Ces produits sont fournis sans batteries. Voici la fiche produits des batteries qui vous peuvent vous \u00eatre utiles pour leur alimentation : <br \/>https:\/\/indie.rent\/product\/np-f970-247<\/p>\n<p>\u00a0<\/p>\n","protected":false},"excerpt":{"rendered":"<p>\u00c9metteur Pro 200 &#8211; Wireless HD Video Link Ces produits sont fournis sans batteries. Voici la fiche produits des batteries qui vous peuvent vous \u00eatre utiles pour leur alimentation : https:\/\/indie.rent\/product\/np-f970-247 \u00a0<\/p>\n","protected":false},"featured_media":2372,"template":"","meta":{"inline_featured_image":false},"product_brand":[],"product_cat":[1965],"product_tag":[],"class_list":{"0":"post-1476","1":"product","2":"type-product","3":"status-publish","4":"has-post-thumbnail","6":"product_cat-transmission-video-hf","8":"first","9":"instock","10":"taxable","11":"shipping-taxable","12":"purchasable","13":"product-type-rentable"},"acf":[],"_links":{"self":[{"href":"https:\/\/indie.rent\/catalogue\/wp-json\/wp\/v2\/product\/1476","targetHints":{"allow":["GET"]}}],"collection":[{"href":"https:\/\/indie.rent\/catalogue\/wp-json\/wp\/v2\/product"}],"about":[{"href":"https:\/\/indie.rent\/catalogue\/wp-json\/wp\/v2\/types\/product"}],"version-history":[{"count":0,"href":"https:\/\/indie.rent\/catalogue\/wp-json\/wp\/v2\/product\/1476\/revisions"}],"wp:featuredmedia":[{"embeddable":true,"href":"https:\/\/indie.rent\/catalogue\/wp-json\/wp\/v2\/media\/2372"}],"wp:attachment":[{"href":"https:\/\/indie.rent\/catalogue\/wp-json\/wp\/v2\/media?parent=1476"}],"wp:term":[{"taxonomy":"product_brand","embeddable":true,"href":"https:\/\/indie.rent\/catalogue\/wp-json\/wp\/v2\/product_brand?post=1476"},{"taxonomy":"product_cat","embeddable":true,"href":"https:\/\/indie.rent\/catalogue\/wp-json\/wp\/v2\/product_cat?post=1476"},{"taxonomy":"product_tag","embeddable":true,"href":"https:\/\/indie.rent\/catalogue\/wp-json\/wp\/v2\/product_tag?post=1476"}],"curies":[{"name":"wp","href":"https:\/\/api.w.org\/{rel}","templated":true}]}}