{"id":1473,"date":"2025-01-10T17:31:35","date_gmt":"2025-01-10T16:31:35","guid":{"rendered":"https:\/\/indie.rent\/catalogue\/produit\/filtre-tiffen-low-contrast-1-en-4x5-65-a-lunite\/"},"modified":"2026-04-04T00:15:25","modified_gmt":"2026-04-03T22:15:25","slug":"filtre-tiffen-low-contrast-1-en-4x5-65-a-lunite","status":"publish","type":"product","link":"https:\/\/indie.rent\/catalogue\/produit\/filtre-tiffen-low-contrast-1-en-4x5-65-a-lunite\/","title":{"rendered":"Filtre Tiffen Low Contrast 1 en 4&#215;5.65&#8243; &#8211; A l&#8217;Unit\u00e9"},"content":{"rendered":"<p>Le filtre Tiffen \u00e0 faible contraste peut \u00eatre appliqu\u00e9 pour r\u00e9duire d\u00e9lib\u00e9r\u00e9ment le contraste. En redistribuant l&#8217;\u00e9xposition des zones les plus claires vers les zones les plus sombres d&#8217;une sc\u00e8ne, ce filtre est utile pour aider \u00e0 \u00e9quilibrer la courbe de luminance entre les hautes lumi\u00e8res et les ombres. Les d\u00e9tails sont augment\u00e9s dans les zones d&#8217;ombre tandis qu&#8217;un effet de halo autour des hautes lumi\u00e8res est cr\u00e9\u00e9.<\/p>\n","protected":false},"excerpt":{"rendered":"<p>Le filtre Tiffen \u00e0 faible contraste peut \u00eatre appliqu\u00e9 pour r\u00e9duire d\u00e9lib\u00e9r\u00e9ment le contraste. En redistribuant l&#8217;\u00e9xposition des zones les plus claires vers les zones les plus sombres d&#8217;une sc\u00e8ne, ce filtre est utile pour aider \u00e0 \u00e9quilibrer la courbe de luminance entre les hautes lumi\u00e8res et les ombres. Les d\u00e9tails sont augment\u00e9s dans les [&hellip;]<\/p>\n","protected":false},"featured_media":2329,"template":"","meta":{"inline_featured_image":false},"product_brand":[],"product_cat":[1939],"product_tag":[],"class_list":{"0":"post-1473","1":"product","2":"type-product","3":"status-publish","4":"has-post-thumbnail","6":"product_cat-filtres-4x5-6-correction","8":"first","9":"instock","10":"taxable","11":"shipping-taxable","12":"purchasable","13":"product-type-rentable"},"acf":[],"_links":{"self":[{"href":"https:\/\/indie.rent\/catalogue\/wp-json\/wp\/v2\/product\/1473","targetHints":{"allow":["GET"]}}],"collection":[{"href":"https:\/\/indie.rent\/catalogue\/wp-json\/wp\/v2\/product"}],"about":[{"href":"https:\/\/indie.rent\/catalogue\/wp-json\/wp\/v2\/types\/product"}],"version-history":[{"count":2,"href":"https:\/\/indie.rent\/catalogue\/wp-json\/wp\/v2\/product\/1473\/revisions"}],"predecessor-version":[{"id":5517,"href":"https:\/\/indie.rent\/catalogue\/wp-json\/wp\/v2\/product\/1473\/revisions\/5517"}],"wp:featuredmedia":[{"embeddable":true,"href":"https:\/\/indie.rent\/catalogue\/wp-json\/wp\/v2\/media\/2329"}],"wp:attachment":[{"href":"https:\/\/indie.rent\/catalogue\/wp-json\/wp\/v2\/media?parent=1473"}],"wp:term":[{"taxonomy":"product_brand","embeddable":true,"href":"https:\/\/indie.rent\/catalogue\/wp-json\/wp\/v2\/product_brand?post=1473"},{"taxonomy":"product_cat","embeddable":true,"href":"https:\/\/indie.rent\/catalogue\/wp-json\/wp\/v2\/product_cat?post=1473"},{"taxonomy":"product_tag","embeddable":true,"href":"https:\/\/indie.rent\/catalogue\/wp-json\/wp\/v2\/product_tag?post=1473"}],"curies":[{"name":"wp","href":"https:\/\/api.w.org\/{rel}","templated":true}]}}