{"id":147,"date":"2024-12-10T21:36:33","date_gmt":"2024-12-10T20:36:33","guid":{"rendered":"https:\/\/indie.rent\/catalogue\/produit\/tulipe-nestor\/"},"modified":"2026-04-16T18:16:41","modified_gmt":"2026-04-16T16:16:41","slug":"tulipe-brennenstuhl","status":"publish","type":"product","link":"https:\/\/indie.rent\/catalogue\/produit\/tulipe-brennenstuhl\/","title":{"rendered":"Tulipe &#8211; Brennenstuhl"},"content":{"rendered":"<p>\u00c9clairage panoramique avec 6 panneaux de lampes LED repliables individuellement pour un \u00e9clairage sur mesure.<br \/>4 modes d&#8217;\u00e9clairage : 25% &#8211; 50% &#8211; 75% &#8211; 100%.<br \/>Bo\u00eetier de commande avec guide-c\u00e2ble pour ranger le c\u00e2ble IP44.<br \/>Livr\u00e9 avec support pour montage sur tr\u00e9pied (Tr\u00e9pied \u00e0 commander s\u00e9par\u00e9ment code 0773770), et un sac de transport robuste.<\/p>\n<p>Contenu du colis : 1x professionalLINE Projecteur LED R17000 portable 360\u00b0 + 1x support pour montage sur tr\u00e9pied + 1x bo\u00eetier de commande + 6,7m de c\u00e2ble H07RN-F 3G1,0 + 3,3m de c\u00e2ble H05RN-F 2&#215;1,0 + 1x sac de transport + 1x notice.<\/p>\n<p>Sp\u00e9cificit\u00e9s<br \/>Flux lumineux total : 23500 Lm.<br \/>Indice de protection : IP65.<br \/>Puissance : 185 W.<br \/>Interrupteur marche\/arr\u00eat avec m\u00e9moire de dernier statut.<br \/>R\u00e9sistance aux chocs : IK08.<br \/>Longueur de c\u00e2ble : 10 m (6,7m H07RN-F2x1,0 + 3,3m H05RN-F 2&#215;1,0).<\/p>\n<p>Application<br \/>Utilisation en int\u00e9rieur et en ext\u00e9rieur.<\/p>\n<p>Agr\u00e9ments, normes et labels<br \/>Classe \u00e9nerg\u00e9tique : E.<\/p>\n","protected":false},"excerpt":{"rendered":"<p>\u00c9clairage panoramique avec 6 panneaux de lampes LED repliables individuellement pour un \u00e9clairage sur mesure.<br \/>4 modes d&#8217;\u00e9clairage : 25% &#8211; 50% &#8211; 75% &#8211; 100%.<br \/>Bo\u00eetier de commande avec guide-c\u00e2ble pour ranger le c\u00e2ble IP44.<br \/>Livr\u00e9 avec support pour montage sur tr\u00e9pied (Tr\u00e9pied \u00e0 commander s\u00e9par\u00e9ment code 0773770), et un sac de transport robuste.<\/p>\n<p>Contenu du colis : 1x professionalLINE Projecteur LED R17000 portable 360\u00b0 + 1x support pour montage sur tr\u00e9pied + 1x bo\u00eetier de commande + 6,7m de c\u00e2ble H07RN-F 3G1,0 + 3,3m de c\u00e2ble H05RN-F 2&#215;1,0 + 1x sac de transport + 1x notice.<\/p>\n<p>Sp\u00e9cificit\u00e9s<br \/>Flux lumineux total : 23500 Lm.<br \/>Indice de protection : IP65.<br \/>Puissance : 185 W.<br \/>Interrupteur marche\/arr\u00eat avec m\u00e9moire de dernier statut.<br \/>R\u00e9sistance aux chocs : IK08.<br \/>Longueur de c\u00e2ble : 10 m (6,7m H07RN-F2x1,0 + 3,3m H05RN-F 2&#215;1,0).<\/p>\n<p>Application<br \/>Utilisation en int\u00e9rieur et en ext\u00e9rieur.<\/p>\n<p>Agr\u00e9ments, normes et labels<br \/>Classe \u00e9nerg\u00e9tique : E.<\/p>\n","protected":false},"featured_media":2729,"template":"","meta":{"inline_featured_image":false},"product_brand":[],"product_cat":[2161],"product_tag":[],"class_list":{"0":"post-147","1":"product","2":"type-product","3":"status-publish","4":"has-post-thumbnail","6":"product_cat-eclairage-sur-secteur","8":"first","9":"instock","10":"taxable","11":"shipping-taxable","12":"purchasable","13":"product-type-rentable"},"acf":[],"_links":{"self":[{"href":"https:\/\/indie.rent\/catalogue\/wp-json\/wp\/v2\/product\/147","targetHints":{"allow":["GET"]}}],"collection":[{"href":"https:\/\/indie.rent\/catalogue\/wp-json\/wp\/v2\/product"}],"about":[{"href":"https:\/\/indie.rent\/catalogue\/wp-json\/wp\/v2\/types\/product"}],"version-history":[{"count":0,"href":"https:\/\/indie.rent\/catalogue\/wp-json\/wp\/v2\/product\/147\/revisions"}],"wp:featuredmedia":[{"embeddable":true,"href":"https:\/\/indie.rent\/catalogue\/wp-json\/wp\/v2\/media\/2729"}],"wp:attachment":[{"href":"https:\/\/indie.rent\/catalogue\/wp-json\/wp\/v2\/media?parent=147"}],"wp:term":[{"taxonomy":"product_brand","embeddable":true,"href":"https:\/\/indie.rent\/catalogue\/wp-json\/wp\/v2\/product_brand?post=147"},{"taxonomy":"product_cat","embeddable":true,"href":"https:\/\/indie.rent\/catalogue\/wp-json\/wp\/v2\/product_cat?post=147"},{"taxonomy":"product_tag","embeddable":true,"href":"https:\/\/indie.rent\/catalogue\/wp-json\/wp\/v2\/product_tag?post=147"}],"curies":[{"name":"wp","href":"https:\/\/api.w.org\/{rel}","templated":true}]}}