{"id":1466,"date":"2025-01-10T17:31:32","date_gmt":"2025-01-10T16:31:32","guid":{"rendered":"https:\/\/indie.rent\/catalogue\/produit\/moniteur-tv-logic-5-vfm-055a\/"},"modified":"2026-04-13T18:31:03","modified_gmt":"2026-04-13T16:31:03","slug":"moniteur-tv-logic-5-vfm-055a","status":"publish","type":"product","link":"https:\/\/indie.rent\/catalogue\/produit\/moniteur-tv-logic-5-vfm-055a\/","title":{"rendered":"Moniteur TV Logic 5&#8243; &#8211; VFM-055A"},"content":{"rendered":"<p>Le moniteur TV Logic 5\u2033 \u2013 VFM\u2011055A est un moniteur compact onboard professionnel dot\u00e9 d\u2019un \u00e9cran OLED Full\u202fHD 5,5\u2033 (1920\u00d71080) offrant des noirs profonds, une tr\u00e8s bonne reproduction des couleurs et un contraste exceptionnel.<\/p>\n<p>Caract\u00e9ristiques techniques :<\/p>\n<p>Type de panneau : OLED<br \/>Diagonale : 5,5\u2033<br \/>R\u00e9solution : 1920\u00d71080 pixels (Full HD)<br \/>Luminosit\u00e9 Max. : 350\u202fnits<br \/>Contraste : 17\u202f000:1<br \/>HDMI In\/Out : 1\u00d7 HDMI In, 1\u00d7 HDMI Out \u2014 jusqu\u2019\u00e0 1080p60<br \/>Sortie Audio : 1\u00d7 mini\u2011jack 3,5\u202fmm<br \/>Interface de donn\u00e9es : Aucun slot SD interne<br \/>Entr\u00e9es Alimentation : 1\u00d7 mini xlr4 (12\u202fV), 1\u00d7 Support Batterie NP-F<br \/>Sortie Alimentation : Aucune<br \/>Consommation \u00e9lectrique : 11\u202fW<br \/>Poids : 420 g<\/p>\n","protected":false},"excerpt":{"rendered":"<p>Le moniteur TV Logic 5\u2033 \u2013 VFM\u2011055A est un moniteur compact onboard professionnel dot\u00e9 d\u2019un \u00e9cran OLED Full\u202fHD 5,5\u2033 (1920\u00d71080) offrant des noirs profonds, une tr\u00e8s bonne reproduction des couleurs et un contraste exceptionnel. Caract\u00e9ristiques techniques : Type de panneau : OLEDDiagonale : 5,5\u2033R\u00e9solution : 1920\u00d71080 pixels (Full HD)Luminosit\u00e9 Max. : 350\u202fnitsContraste : 17\u202f000:1HDMI In\/Out [&hellip;]<\/p>\n","protected":false},"featured_media":2131,"template":"","meta":{"inline_featured_image":false},"product_brand":[],"product_cat":[1962],"product_tag":[],"class_list":{"0":"post-1466","1":"product","2":"type-product","3":"status-publish","4":"has-post-thumbnail","6":"product_cat-moniteur-5","8":"first","9":"instock","10":"taxable","11":"shipping-taxable","12":"purchasable","13":"product-type-rentable"},"acf":[],"_links":{"self":[{"href":"https:\/\/indie.rent\/catalogue\/wp-json\/wp\/v2\/product\/1466","targetHints":{"allow":["GET"]}}],"collection":[{"href":"https:\/\/indie.rent\/catalogue\/wp-json\/wp\/v2\/product"}],"about":[{"href":"https:\/\/indie.rent\/catalogue\/wp-json\/wp\/v2\/types\/product"}],"version-history":[{"count":0,"href":"https:\/\/indie.rent\/catalogue\/wp-json\/wp\/v2\/product\/1466\/revisions"}],"wp:featuredmedia":[{"embeddable":true,"href":"https:\/\/indie.rent\/catalogue\/wp-json\/wp\/v2\/media\/2131"}],"wp:attachment":[{"href":"https:\/\/indie.rent\/catalogue\/wp-json\/wp\/v2\/media?parent=1466"}],"wp:term":[{"taxonomy":"product_brand","embeddable":true,"href":"https:\/\/indie.rent\/catalogue\/wp-json\/wp\/v2\/product_brand?post=1466"},{"taxonomy":"product_cat","embeddable":true,"href":"https:\/\/indie.rent\/catalogue\/wp-json\/wp\/v2\/product_cat?post=1466"},{"taxonomy":"product_tag","embeddable":true,"href":"https:\/\/indie.rent\/catalogue\/wp-json\/wp\/v2\/product_tag?post=1466"}],"curies":[{"name":"wp","href":"https:\/\/api.w.org\/{rel}","templated":true}]}}