{"id":1461,"date":"2025-01-10T17:31:30","date_gmt":"2025-01-10T16:31:30","guid":{"rendered":"https:\/\/indie.rent\/catalogue\/produit\/follow-focus-manuel-ff4\/"},"modified":"2026-04-14T17:07:53","modified_gmt":"2026-04-14T15:07:53","slug":"follow-focus-manuel-arri-ff4","status":"publish","type":"product","link":"https:\/\/indie.rent\/catalogue\/produit\/follow-focus-manuel-arri-ff4\/","title":{"rendered":"Follow Focus Manuel ARRI FF4"},"content":{"rendered":"<p>Le Studio FF-4 de ARRI est ind\u00e9niablement le Follow Focus le plus r\u00e9put\u00e9 du march\u00e9 pour sa robustesse et sa fiabilit\u00e9. Constamment utilis\u00e9 depuis de nombreuses ann\u00e9es, il a prouv\u00e9 son efficacit\u00e9 sur les tournages . Il peut passer rapidement d\u2019une configuration studio sur tiges 19mm \u00e0 une configuration l\u00e9g\u00e8re en tiges 15mm en retirant simplement 2 vis.<\/p>\n","protected":false},"excerpt":{"rendered":"<p>Le Studio FF-4 de ARRI est ind\u00e9niablement le Follow Focus le plus r\u00e9put\u00e9 du march\u00e9 pour sa robustesse et sa fiabilit\u00e9. Constamment utilis\u00e9 depuis de nombreuses ann\u00e9es, il a prouv\u00e9 son efficacit\u00e9 sur les tournages . Il peut passer rapidement d\u2019une configuration studio sur tiges 19mm \u00e0 une configuration l\u00e9g\u00e8re en tiges 15mm en retirant [&hellip;]<\/p>\n","protected":false},"featured_media":2066,"template":"","meta":{"inline_featured_image":false},"product_brand":[],"product_cat":[1956],"product_tag":[],"class_list":{"0":"post-1461","1":"product","2":"type-product","3":"status-publish","4":"has-post-thumbnail","6":"product_cat-follow-focus-manuel","8":"first","9":"instock","10":"taxable","11":"shipping-taxable","12":"purchasable","13":"product-type-rentable"},"acf":[],"_links":{"self":[{"href":"https:\/\/indie.rent\/catalogue\/wp-json\/wp\/v2\/product\/1461","targetHints":{"allow":["GET"]}}],"collection":[{"href":"https:\/\/indie.rent\/catalogue\/wp-json\/wp\/v2\/product"}],"about":[{"href":"https:\/\/indie.rent\/catalogue\/wp-json\/wp\/v2\/types\/product"}],"version-history":[{"count":0,"href":"https:\/\/indie.rent\/catalogue\/wp-json\/wp\/v2\/product\/1461\/revisions"}],"wp:featuredmedia":[{"embeddable":true,"href":"https:\/\/indie.rent\/catalogue\/wp-json\/wp\/v2\/media\/2066"}],"wp:attachment":[{"href":"https:\/\/indie.rent\/catalogue\/wp-json\/wp\/v2\/media?parent=1461"}],"wp:term":[{"taxonomy":"product_brand","embeddable":true,"href":"https:\/\/indie.rent\/catalogue\/wp-json\/wp\/v2\/product_brand?post=1461"},{"taxonomy":"product_cat","embeddable":true,"href":"https:\/\/indie.rent\/catalogue\/wp-json\/wp\/v2\/product_cat?post=1461"},{"taxonomy":"product_tag","embeddable":true,"href":"https:\/\/indie.rent\/catalogue\/wp-json\/wp\/v2\/product_tag?post=1461"}],"curies":[{"name":"wp","href":"https:\/\/api.w.org\/{rel}","templated":true}]}}