{"id":1458,"date":"2025-01-10T17:31:24","date_gmt":"2025-01-10T16:31:24","guid":{"rendered":"https:\/\/indie.rent\/catalogue\/produit\/kit-de-poignees-rouges-ogrip-15mm-19mm\/"},"modified":"2026-04-16T17:13:31","modified_gmt":"2026-04-16T15:13:31","slug":"kit-de-poignees-rouges-ogrip-15mm-19mm","status":"publish","type":"product","link":"https:\/\/indie.rent\/catalogue\/produit\/kit-de-poignees-rouges-ogrip-15mm-19mm\/","title":{"rendered":"Kit de Poign\u00e9es Rouges O&#8217;Grip &#8211; 15mm\/19mm"},"content":{"rendered":"<p>Ce kit de poign\u00e9es O&#8217;GRIP est un bon \u00e9l\u00e9ment pour vos tournages avec des configurations \u00e9paules. Il s&#8217;adapte sur des tiges de 15 ou de 19mm.<\/p>\n<p>\u00a0<\/p>\n","protected":false},"excerpt":{"rendered":"<p>Ce kit de poign\u00e9es O&#8217;GRIP est un bon \u00e9l\u00e9ment pour vos tournages avec des configurations \u00e9paules. Il s&#8217;adapte sur des tiges de 15 ou de 19mm. \u00a0<\/p>\n","protected":false},"featured_media":2026,"template":"","meta":{"inline_featured_image":false},"product_brand":[],"product_cat":[1945],"product_tag":[],"class_list":{"0":"post-1458","1":"product","2":"type-product","3":"status-publish","4":"has-post-thumbnail","6":"product_cat-poignees-camera","8":"first","9":"instock","10":"taxable","11":"shipping-taxable","12":"purchasable","13":"product-type-rentable"},"acf":[],"_links":{"self":[{"href":"https:\/\/indie.rent\/catalogue\/wp-json\/wp\/v2\/product\/1458","targetHints":{"allow":["GET"]}}],"collection":[{"href":"https:\/\/indie.rent\/catalogue\/wp-json\/wp\/v2\/product"}],"about":[{"href":"https:\/\/indie.rent\/catalogue\/wp-json\/wp\/v2\/types\/product"}],"version-history":[{"count":0,"href":"https:\/\/indie.rent\/catalogue\/wp-json\/wp\/v2\/product\/1458\/revisions"}],"wp:featuredmedia":[{"embeddable":true,"href":"https:\/\/indie.rent\/catalogue\/wp-json\/wp\/v2\/media\/2026"}],"wp:attachment":[{"href":"https:\/\/indie.rent\/catalogue\/wp-json\/wp\/v2\/media?parent=1458"}],"wp:term":[{"taxonomy":"product_brand","embeddable":true,"href":"https:\/\/indie.rent\/catalogue\/wp-json\/wp\/v2\/product_brand?post=1458"},{"taxonomy":"product_cat","embeddable":true,"href":"https:\/\/indie.rent\/catalogue\/wp-json\/wp\/v2\/product_cat?post=1458"},{"taxonomy":"product_tag","embeddable":true,"href":"https:\/\/indie.rent\/catalogue\/wp-json\/wp\/v2\/product_tag?post=1458"}],"curies":[{"name":"wp","href":"https:\/\/api.w.org\/{rel}","templated":true}]}}