{"id":1455,"date":"2025-01-10T17:31:23","date_gmt":"2025-01-10T16:31:23","guid":{"rendered":"https:\/\/indie.rent\/catalogue\/produit\/crosse-epaule-shape-revolt-vct-poignees-telescopiques\/"},"modified":"2026-04-15T17:12:32","modified_gmt":"2026-04-15T15:12:32","slug":"crosse-epaule-shape-revolt-vct-poignees-telescopiques","status":"publish","type":"product","link":"https:\/\/indie.rent\/catalogue\/produit\/crosse-epaule-shape-revolt-vct-poignees-telescopiques\/","title":{"rendered":"Crosse \u00c9paule Shape Revolt VCT (Poign\u00e9es T\u00e9lescopiques)"},"content":{"rendered":"<p>Cette crosse \u00e9paule Revolt Shape VCT permet une r\u00e9partition pr\u00e9cise du poids et s&#8217;aligne avec le centre optique de votre cam\u00e9ra.<\/p>\n<p>Construction en aluminium usin\u00e9 CNC, \u00e9pauli\u00e8re antid\u00e9rapante et coussinets de protection en caoutchouc. Comprend un syst\u00e8me de d\u00e9part tiges de 15 mm avec 2 paires de tiges, des rosaces Arri pour les poign\u00e9es et une plaque d&#8217;adaptation \u00e0 d\u00e9gagement rapide au standard VCT14.<\/p>\n<p>Poign\u00e9es t\u00e9lescopiques avec rosaces ARRI et syst\u00e8me de bouton-poussoir brevet\u00e9 pour des r\u00e9glages rapides.<\/p>\n","protected":false},"excerpt":{"rendered":"<p>Cette crosse \u00e9paule Revolt Shape VCT permet une r\u00e9partition pr\u00e9cise du poids et s&#8217;aligne avec le centre optique de votre cam\u00e9ra. Construction en aluminium usin\u00e9 CNC, \u00e9pauli\u00e8re antid\u00e9rapante et coussinets de protection en caoutchouc. Comprend un syst\u00e8me de d\u00e9part tiges de 15 mm avec 2 paires de tiges, des rosaces Arri pour les poign\u00e9es et [&hellip;]<\/p>\n","protected":false},"featured_media":1997,"template":"","meta":{"inline_featured_image":false},"product_brand":[],"product_cat":[1946],"product_tag":[],"class_list":{"0":"post-1455","1":"product","2":"type-product","3":"status-publish","4":"has-post-thumbnail","6":"product_cat-rig-camera","8":"first","9":"instock","10":"taxable","11":"shipping-taxable","12":"purchasable","13":"product-type-rentable"},"acf":[],"_links":{"self":[{"href":"https:\/\/indie.rent\/catalogue\/wp-json\/wp\/v2\/product\/1455","targetHints":{"allow":["GET"]}}],"collection":[{"href":"https:\/\/indie.rent\/catalogue\/wp-json\/wp\/v2\/product"}],"about":[{"href":"https:\/\/indie.rent\/catalogue\/wp-json\/wp\/v2\/types\/product"}],"version-history":[{"count":1,"href":"https:\/\/indie.rent\/catalogue\/wp-json\/wp\/v2\/product\/1455\/revisions"}],"predecessor-version":[{"id":6739,"href":"https:\/\/indie.rent\/catalogue\/wp-json\/wp\/v2\/product\/1455\/revisions\/6739"}],"wp:featuredmedia":[{"embeddable":true,"href":"https:\/\/indie.rent\/catalogue\/wp-json\/wp\/v2\/media\/1997"}],"wp:attachment":[{"href":"https:\/\/indie.rent\/catalogue\/wp-json\/wp\/v2\/media?parent=1455"}],"wp:term":[{"taxonomy":"product_brand","embeddable":true,"href":"https:\/\/indie.rent\/catalogue\/wp-json\/wp\/v2\/product_brand?post=1455"},{"taxonomy":"product_cat","embeddable":true,"href":"https:\/\/indie.rent\/catalogue\/wp-json\/wp\/v2\/product_cat?post=1455"},{"taxonomy":"product_tag","embeddable":true,"href":"https:\/\/indie.rent\/catalogue\/wp-json\/wp\/v2\/product_tag?post=1455"}],"curies":[{"name":"wp","href":"https:\/\/api.w.org\/{rel}","templated":true}]}}