{"id":1454,"date":"2025-01-10T17:31:22","date_gmt":"2025-01-10T16:31:22","guid":{"rendered":"https:\/\/indie.rent\/catalogue\/produit\/moniteur-small-hd-5-502-avec-viseur\/"},"modified":"2026-04-15T10:09:04","modified_gmt":"2026-04-15T08:09:04","slug":"moniteur-small-hd-5-502-avec-viseur","status":"publish","type":"product","link":"https:\/\/indie.rent\/catalogue\/produit\/moniteur-small-hd-5-502-avec-viseur\/","title":{"rendered":"Moniteur Small HD 5&#8243; &#8211; 502 avec Viseur"},"content":{"rendered":"<p>Le moniteur cam\u00e9ra SmallHD 502 poss\u00e8de un \u00e9cran LCD Full HD 1920&#215;1080. Gr\u00e2ce \u00e0 une densit\u00e9 de pixels sup\u00e9rieure \u00e0 celle de l&#8217;iPhone 6, le moniteur 502 est le moniteur cam\u00e9ra le plus pr\u00e9cis du march\u00e9. En ce qui concerne la luminosit\u00e9 et les couleurs, le Moniteur 502 de Small HD surpasse une fois encore tous ses concurrents. Il est capable de produire un rendu \u00e0 85% NTSC Color Gamut, rivalisant ainsi avec la technologie OLED.<\/p>\n<p>Le moniteur 502 permet un traitement du signal optimal. Gr\u00e2ce \u00e0 un processeur cr\u00e9\u00e9 sur-mesure, le moniteur est capable d&#8217;accepter la plupart des r\u00e9solutions et fr\u00e9quences d&#8217;image depuis n&#8217;importe quelle cam\u00e9ra.<\/p>\n<p>Le Small HD Sidefinder est un viseur HD avec un affichage ajustable 1080p. Il s&#8217;agit d&#8217;une loupe EVF intelligemment con\u00e7ue qui s&#8217;allie parfaitement avec un moniteur Small HD 502.<\/p>\n<p>** Ce moniteur est fourni sans cage.<\/p>\n<p>\u00a0<\/p>\n","protected":false},"excerpt":{"rendered":"<p>Le moniteur cam\u00e9ra SmallHD 502 poss\u00e8de un \u00e9cran LCD Full HD 1920&#215;1080. Gr\u00e2ce \u00e0 une densit\u00e9 de pixels sup\u00e9rieure \u00e0 celle de l&#8217;iPhone 6, le moniteur 502 est le moniteur cam\u00e9ra le plus pr\u00e9cis du march\u00e9. En ce qui concerne la luminosit\u00e9 et les couleurs, le Moniteur 502 de Small HD surpasse une fois encore [&hellip;]<\/p>\n","protected":false},"featured_media":1993,"template":"","meta":{"inline_featured_image":false},"product_brand":[],"product_cat":[1971],"product_tag":[],"class_list":{"0":"post-1454","1":"product","2":"type-product","3":"status-publish","4":"has-post-thumbnail","6":"product_cat-viewfinder","8":"first","9":"instock","10":"taxable","11":"shipping-taxable","12":"purchasable","13":"product-type-rentable"},"acf":[],"_links":{"self":[{"href":"https:\/\/indie.rent\/catalogue\/wp-json\/wp\/v2\/product\/1454","targetHints":{"allow":["GET"]}}],"collection":[{"href":"https:\/\/indie.rent\/catalogue\/wp-json\/wp\/v2\/product"}],"about":[{"href":"https:\/\/indie.rent\/catalogue\/wp-json\/wp\/v2\/types\/product"}],"version-history":[{"count":0,"href":"https:\/\/indie.rent\/catalogue\/wp-json\/wp\/v2\/product\/1454\/revisions"}],"wp:featuredmedia":[{"embeddable":true,"href":"https:\/\/indie.rent\/catalogue\/wp-json\/wp\/v2\/media\/1993"}],"wp:attachment":[{"href":"https:\/\/indie.rent\/catalogue\/wp-json\/wp\/v2\/media?parent=1454"}],"wp:term":[{"taxonomy":"product_brand","embeddable":true,"href":"https:\/\/indie.rent\/catalogue\/wp-json\/wp\/v2\/product_brand?post=1454"},{"taxonomy":"product_cat","embeddable":true,"href":"https:\/\/indie.rent\/catalogue\/wp-json\/wp\/v2\/product_cat?post=1454"},{"taxonomy":"product_tag","embeddable":true,"href":"https:\/\/indie.rent\/catalogue\/wp-json\/wp\/v2\/product_tag?post=1454"}],"curies":[{"name":"wp","href":"https:\/\/api.w.org\/{rel}","templated":true}]}}