{"id":1448,"date":"2025-01-10T17:31:20","date_gmt":"2025-01-10T16:31:20","guid":{"rendered":"https:\/\/indie.rent\/catalogue\/produit\/optique-zoom-nikon-g-24-70mm-f2-8\/"},"modified":"2026-04-16T17:11:22","modified_gmt":"2026-04-16T15:11:22","slug":"zoom-nikon-g-24-70mm-f2-8-o77-mm","status":"publish","type":"product","link":"https:\/\/indie.rent\/catalogue\/produit\/zoom-nikon-g-24-70mm-f2-8-o77-mm\/","title":{"rendered":"Zoom Nikon G : 24-70mm F2.8 &#8211; \u00d877 mm"},"content":{"rendered":"<p>Optique Zoom Nikon G : 24-70mm F2.8<\/p>\n<p>Zoom standard professionnel ultra-lumineux avec moteur SWM pour un autofocus rapide et silencieux. Con\u00e7u pour les appareils photo num\u00e9riques, cet objectif rivalise avec les focales fixes en terme de nettet\u00e9 du centre \u00e0 la p\u00e9riph\u00e9rie, et comporte un traitement nanocristal pour r\u00e9duire les images parasites et les reflets.<\/p>\n<p>Caract\u00e9ristiques principales :<br \/>&#8211; Ouverture constante F2.8 sur toute la plage de focales,<br \/>&#8211; Clich\u00e9s nets et parfaitement contrast\u00e9s sur l&#8217;ensemble du cadre,<br \/>&#8211; Construction optique haut de gamme,<br \/>&#8211; AF ultra-silencieux et ultra-rapide, avec basculement instantan\u00e9 vers la mise au point manuelle,<br \/>&#8211; Lentilles en verre ED pour r\u00e9duire les aberrations chromatiques,<br \/>&#8211; Joint en caoutchouc sur la monture,<br \/>&#8211; Basculement en mise au point manuelle imm\u00e9diate (mode M\/A).<\/p>\n","protected":false},"excerpt":{"rendered":"<p>Optique Zoom Nikon G : 24-70mm F2.8 Zoom standard professionnel ultra-lumineux avec moteur SWM pour un autofocus rapide et silencieux. Con\u00e7u pour les appareils photo num\u00e9riques, cet objectif rivalise avec les focales fixes en terme de nettet\u00e9 du centre \u00e0 la p\u00e9riph\u00e9rie, et comporte un traitement nanocristal pour r\u00e9duire les images parasites et les reflets. [&hellip;]<\/p>\n","protected":false},"featured_media":1961,"template":"","meta":{"inline_featured_image":false},"product_brand":[],"product_cat":[2255],"product_tag":[],"class_list":{"0":"post-1448","1":"product","2":"type-product","3":"status-publish","4":"has-post-thumbnail","6":"product_cat-optiques-g","8":"first","9":"instock","10":"taxable","11":"shipping-taxable","12":"purchasable","13":"product-type-rentable"},"acf":[],"_links":{"self":[{"href":"https:\/\/indie.rent\/catalogue\/wp-json\/wp\/v2\/product\/1448","targetHints":{"allow":["GET"]}}],"collection":[{"href":"https:\/\/indie.rent\/catalogue\/wp-json\/wp\/v2\/product"}],"about":[{"href":"https:\/\/indie.rent\/catalogue\/wp-json\/wp\/v2\/types\/product"}],"version-history":[{"count":0,"href":"https:\/\/indie.rent\/catalogue\/wp-json\/wp\/v2\/product\/1448\/revisions"}],"wp:featuredmedia":[{"embeddable":true,"href":"https:\/\/indie.rent\/catalogue\/wp-json\/wp\/v2\/media\/1961"}],"wp:attachment":[{"href":"https:\/\/indie.rent\/catalogue\/wp-json\/wp\/v2\/media?parent=1448"}],"wp:term":[{"taxonomy":"product_brand","embeddable":true,"href":"https:\/\/indie.rent\/catalogue\/wp-json\/wp\/v2\/product_brand?post=1448"},{"taxonomy":"product_cat","embeddable":true,"href":"https:\/\/indie.rent\/catalogue\/wp-json\/wp\/v2\/product_cat?post=1448"},{"taxonomy":"product_tag","embeddable":true,"href":"https:\/\/indie.rent\/catalogue\/wp-json\/wp\/v2\/product_tag?post=1448"}],"curies":[{"name":"wp","href":"https:\/\/api.w.org\/{rel}","templated":true}]}}