{"id":1447,"date":"2025-01-10T17:31:19","date_gmt":"2025-01-10T16:31:19","guid":{"rendered":"https:\/\/indie.rent\/catalogue\/produit\/optique-zoom-nikon-g-14-24mm-f2-8\/"},"modified":"2026-04-16T17:11:20","modified_gmt":"2026-04-16T15:11:20","slug":"zoom-nikon-g-14-24mm-f2-8","status":"publish","type":"product","link":"https:\/\/indie.rent\/catalogue\/produit\/zoom-nikon-g-14-24mm-f2-8\/","title":{"rendered":"Zoom Nikon G : 14-24mm F2.8"},"content":{"rendered":"<p>Optique Zoom Nikon G : 14-24mm F2.8<\/p>\n<p>Cet objectif professionnel remarquable comporte un traitement nanocristal pour r\u00e9duire les images parasites et les reflets, et assure une nettet\u00e9 du centre \u00e0 la p\u00e9riph\u00e9rie qui peut \u00eatre sup\u00e9rieure \u00e0 celle de certaines focales fixes.<\/p>\n<p>Caract\u00e9ristiques principales :<br \/>&#8211; Zoom Nikkor ultra grand-angle professionnel,<br \/>&#8211; Ouverture lumineuse F2.8 sur toute la plage de focales,<br \/>&#8211; Moteur SWM pour un autofocus silencieux et rapide,<br \/>&#8211; Lentille en verre ED pour r\u00e9duire les aberrations chromatiques,<br \/>&#8211; Joint en caoutchouc sur la monture,<br \/>&#8211; Basculement en mise au point manuelle imm\u00e9diate (mode M\/A ou M).<\/p>\n","protected":false},"excerpt":{"rendered":"<p>Optique Zoom Nikon G : 14-24mm F2.8 Cet objectif professionnel remarquable comporte un traitement nanocristal pour r\u00e9duire les images parasites et les reflets, et assure une nettet\u00e9 du centre \u00e0 la p\u00e9riph\u00e9rie qui peut \u00eatre sup\u00e9rieure \u00e0 celle de certaines focales fixes. Caract\u00e9ristiques principales :&#8211; Zoom Nikkor ultra grand-angle professionnel,&#8211; Ouverture lumineuse F2.8 sur toute [&hellip;]<\/p>\n","protected":false},"featured_media":1960,"template":"","meta":{"inline_featured_image":false},"product_brand":[],"product_cat":[2255],"product_tag":[],"class_list":{"0":"post-1447","1":"product","2":"type-product","3":"status-publish","4":"has-post-thumbnail","6":"product_cat-optiques-g","8":"first","9":"instock","10":"taxable","11":"shipping-taxable","12":"purchasable","13":"product-type-rentable"},"acf":[],"_links":{"self":[{"href":"https:\/\/indie.rent\/catalogue\/wp-json\/wp\/v2\/product\/1447","targetHints":{"allow":["GET"]}}],"collection":[{"href":"https:\/\/indie.rent\/catalogue\/wp-json\/wp\/v2\/product"}],"about":[{"href":"https:\/\/indie.rent\/catalogue\/wp-json\/wp\/v2\/types\/product"}],"version-history":[{"count":0,"href":"https:\/\/indie.rent\/catalogue\/wp-json\/wp\/v2\/product\/1447\/revisions"}],"wp:featuredmedia":[{"embeddable":true,"href":"https:\/\/indie.rent\/catalogue\/wp-json\/wp\/v2\/media\/1960"}],"wp:attachment":[{"href":"https:\/\/indie.rent\/catalogue\/wp-json\/wp\/v2\/media?parent=1447"}],"wp:term":[{"taxonomy":"product_brand","embeddable":true,"href":"https:\/\/indie.rent\/catalogue\/wp-json\/wp\/v2\/product_brand?post=1447"},{"taxonomy":"product_cat","embeddable":true,"href":"https:\/\/indie.rent\/catalogue\/wp-json\/wp\/v2\/product_cat?post=1447"},{"taxonomy":"product_tag","embeddable":true,"href":"https:\/\/indie.rent\/catalogue\/wp-json\/wp\/v2\/product_tag?post=1447"}],"curies":[{"name":"wp","href":"https:\/\/api.w.org\/{rel}","templated":true}]}}