{"id":1445,"date":"2025-01-10T17:31:18","date_gmt":"2025-01-10T16:31:18","guid":{"rendered":"https:\/\/indie.rent\/catalogue\/produit\/moniteur-lilliput-23-4k-bm230\/"},"modified":"2026-04-15T17:10:59","modified_gmt":"2026-04-15T15:10:59","slug":"moniteur-lilliput-23-4k-bm230","status":"publish","type":"product","link":"https:\/\/indie.rent\/catalogue\/produit\/moniteur-lilliput-23-4k-bm230\/","title":{"rendered":"Moniteur Lilliput 23&#8243; 4K &#8211; BM230"},"content":{"rendered":"<p>Le moniteur Lilliput 23\u2033 4K \u2013 BM230 est un moniteur broadcast professionnel polyvalent, con\u00e7u pour le monitoring cam\u00e9ra, le tournage sur plateau, les r\u00e9gies et les workflows de production et post-production. Il offre une image UHD 3840\u00d72160 sur une dalle 23,8\u2033 avec une connectique SDI, HDMI, DVI et VGA compl\u00e8te et les outils de monitoring essentiels pour un contr\u00f4le pr\u00e9cis de l\u2019image.<\/p>\n<p>CARACTERISTIQUES :<\/p>\n<p>Mod\u00e8le\u202f: BM230\u20134 K<br \/>\u00c9cran\u202f: 60,5 cm<br \/>R\u00e9solution physique\u202f: 3840 x 2160, signal compatible 4 K<br \/>Rapport d&#8217;aspect\u202f: 16\u202f: 9<br \/>Haute contraste\u202f: 1000\u202f: 1<br \/>Luminosit\u00e9\u202f: CD-R\/RW m\u00b2<br \/>Abondante interfaces\u202f: 3 G-SDI, HDMI, VGA, AV, bo\u00eetier en m\u00e9tal<br \/>Large tension\u202f: DC12\u201324 V<br \/>Angle de vue 178 \u00b0\/178 \u00b0 (H\/V)<br \/>Entr\u00e9e\u202f: 3 g-sdix1, signal HDMI 2.0,4 (Support 4 K) dvix1, vgax 1, audiox1, tallyx1<br \/>Sortie\u202f: 3 g-sdix1<br \/>Haut-parleur * 2 (l\/r)<br \/>Fente T\u00e9l\u00e9phone oreille * 1<br \/>Alimentation\u202f: courant 2800 mA (15 V)<br \/>Tension d&#8217;entr\u00e9e\u202f: DC 12\u201324 V (XLR)<br \/>Batterie plaque\u202f: V-mount\/Anton Bauer Mont<br \/>Consommation d&#8217;\u00e9nergie\u202f: &amp; # x2264\u202f; 37.5 W<br \/>Environnement\u202f: Temp\u00e9rature de fonctionnement -20 &amp; # x2103, &amp; # xff5e, 50 &amp; # x2103\u202f;<br \/>Temp\u00e9rature de stockage\u202f: -30 &amp; # x2103\u202f; &amp; # xff5e\u202f; 60 &amp; # x2103\u202f;<br \/>Dimensions\u202f: 670 x 425 x 45 mm\/761 x 474 x 173 mm (avec \u00e9tui)<br \/>Poids 9,4 kg\/21 kg (avec \u00e9tui)<\/p>\n","protected":false},"excerpt":{"rendered":"<p>Le moniteur Lilliput 23\u2033 4K \u2013 BM230 est un moniteur broadcast professionnel polyvalent, con\u00e7u pour le monitoring cam\u00e9ra, le tournage sur plateau, les r\u00e9gies et les workflows de production et post-production. Il offre une image UHD 3840\u00d72160 sur une dalle 23,8\u2033 avec une connectique SDI, HDMI, DVI et VGA compl\u00e8te et les outils de monitoring [&hellip;]<\/p>\n","protected":false},"featured_media":1951,"template":"","meta":{"inline_featured_image":false},"product_brand":[],"product_cat":[1964],"product_tag":[],"class_list":{"0":"post-1445","1":"product","2":"type-product","3":"status-publish","4":"has-post-thumbnail","6":"product_cat-moniteur-combo","8":"first","9":"instock","10":"taxable","11":"shipping-taxable","12":"purchasable","13":"product-type-rentable"},"acf":[],"_links":{"self":[{"href":"https:\/\/indie.rent\/catalogue\/wp-json\/wp\/v2\/product\/1445","targetHints":{"allow":["GET"]}}],"collection":[{"href":"https:\/\/indie.rent\/catalogue\/wp-json\/wp\/v2\/product"}],"about":[{"href":"https:\/\/indie.rent\/catalogue\/wp-json\/wp\/v2\/types\/product"}],"version-history":[{"count":0,"href":"https:\/\/indie.rent\/catalogue\/wp-json\/wp\/v2\/product\/1445\/revisions"}],"wp:featuredmedia":[{"embeddable":true,"href":"https:\/\/indie.rent\/catalogue\/wp-json\/wp\/v2\/media\/1951"}],"wp:attachment":[{"href":"https:\/\/indie.rent\/catalogue\/wp-json\/wp\/v2\/media?parent=1445"}],"wp:term":[{"taxonomy":"product_brand","embeddable":true,"href":"https:\/\/indie.rent\/catalogue\/wp-json\/wp\/v2\/product_brand?post=1445"},{"taxonomy":"product_cat","embeddable":true,"href":"https:\/\/indie.rent\/catalogue\/wp-json\/wp\/v2\/product_cat?post=1445"},{"taxonomy":"product_tag","embeddable":true,"href":"https:\/\/indie.rent\/catalogue\/wp-json\/wp\/v2\/product_tag?post=1445"}],"curies":[{"name":"wp","href":"https:\/\/api.w.org\/{rel}","templated":true}]}}