{"id":1443,"date":"2025-01-10T17:31:16","date_gmt":"2025-01-10T16:31:16","guid":{"rendered":"https:\/\/indie.rent\/catalogue\/produit\/matrox-multi-afficheur-micro-quad-sdi-vers-hdmi\/"},"modified":"2026-04-16T17:07:45","modified_gmt":"2026-04-16T15:07:45","slug":"multi-afficheur-matrox-microquad-4x-sdi-in-vers-1x-hdmi-out","status":"publish","type":"product","link":"https:\/\/indie.rent\/catalogue\/produit\/multi-afficheur-matrox-microquad-4x-sdi-in-vers-1x-hdmi-out\/","title":{"rendered":"Multi-Afficheur Matrox MicroQuad (4x SDI IN vers 1x HDMI Out)"},"content":{"rendered":"<p>Le Matrox Micro Quad permet de r\u00e9unir 4 signaux vid\u00e9o ind\u00e9pendants sur un seul moniteur de contr\u00f4le. Le Microquad dispose de 4 entr\u00e9es 3G-SDI et d&#8217;une sortie HDMI. Ce syst\u00e8me permet \u00e9galement d&#8217;afficher les informations li\u00e9es au TALLY \u00e0 l&#8217;aide de rectangles rouges ainsi qu&#8217;un audiom\u00e8tre visible sur chaque canal vid\u00e9o. Le tout est personnalisable et programmable \u00e0 l&#8217;aide d&#8217;un logiciel. Le contr\u00f4le peut se faire directement sur le boitier ou bien par un ordinateur en passant par la sortie USB du boitier.<\/p>\n","protected":false},"excerpt":{"rendered":"<p>Le Matrox Micro Quad permet de r\u00e9unir 4 signaux vid\u00e9o ind\u00e9pendants sur un seul moniteur de contr\u00f4le. Le Microquad dispose de 4 entr\u00e9es 3G-SDI et d&#8217;une sortie HDMI. Ce syst\u00e8me permet \u00e9galement d&#8217;afficher les informations li\u00e9es au TALLY \u00e0 l&#8217;aide de rectangles rouges ainsi qu&#8217;un audiom\u00e8tre visible sur chaque canal vid\u00e9o. Le tout est personnalisable [&hellip;]<\/p>\n","protected":false},"featured_media":1871,"template":"","meta":{"inline_featured_image":false},"product_brand":[],"product_cat":[1972],"product_tag":[2249],"class_list":{"0":"post-1443","1":"product","2":"type-product","3":"status-publish","4":"has-post-thumbnail","6":"product_cat-convertisseur","7":"product_tag-pas-de-facture","9":"first","10":"instock","11":"taxable","12":"shipping-taxable","13":"purchasable","14":"product-type-rentable"},"acf":[],"_links":{"self":[{"href":"https:\/\/indie.rent\/catalogue\/wp-json\/wp\/v2\/product\/1443","targetHints":{"allow":["GET"]}}],"collection":[{"href":"https:\/\/indie.rent\/catalogue\/wp-json\/wp\/v2\/product"}],"about":[{"href":"https:\/\/indie.rent\/catalogue\/wp-json\/wp\/v2\/types\/product"}],"version-history":[{"count":1,"href":"https:\/\/indie.rent\/catalogue\/wp-json\/wp\/v2\/product\/1443\/revisions"}],"predecessor-version":[{"id":7301,"href":"https:\/\/indie.rent\/catalogue\/wp-json\/wp\/v2\/product\/1443\/revisions\/7301"}],"wp:featuredmedia":[{"embeddable":true,"href":"https:\/\/indie.rent\/catalogue\/wp-json\/wp\/v2\/media\/1871"}],"wp:attachment":[{"href":"https:\/\/indie.rent\/catalogue\/wp-json\/wp\/v2\/media?parent=1443"}],"wp:term":[{"taxonomy":"product_brand","embeddable":true,"href":"https:\/\/indie.rent\/catalogue\/wp-json\/wp\/v2\/product_brand?post=1443"},{"taxonomy":"product_cat","embeddable":true,"href":"https:\/\/indie.rent\/catalogue\/wp-json\/wp\/v2\/product_cat?post=1443"},{"taxonomy":"product_tag","embeddable":true,"href":"https:\/\/indie.rent\/catalogue\/wp-json\/wp\/v2\/product_tag?post=1443"}],"curies":[{"name":"wp","href":"https:\/\/api.w.org\/{rel}","templated":true}]}}