{"id":1440,"date":"2025-01-10T17:31:14","date_gmt":"2025-01-10T16:31:14","guid":{"rendered":"https:\/\/indie.rent\/catalogue\/produit\/optique-nikon-105-macro-g-f2-8\/"},"modified":"2026-04-16T17:07:04","modified_gmt":"2026-04-16T15:07:04","slug":"optique-nikon-g-105-macro-f2-8-o62-mm","status":"publish","type":"product","link":"https:\/\/indie.rent\/catalogue\/produit\/optique-nikon-g-105-macro-f2-8-o62-mm\/","title":{"rendered":"Optique Nikon G : 105 macro F2.8 &#8211; \u00d862 mm"},"content":{"rendered":"<p>Nikon 105 macro F2.8<\/p>\n<p>L\u2019objectif Nikon AF-S VR Micro-Nikkor 105 mm f\/2.8 G IF-ED est une longue focale \u00e0 ouverture maximale de 2.8 et minimale de 32. Elle poss\u00e8de un diam\u00e8tre de 62 mm et un diaphragme circulaire de 9 lamelles. Sa distance minimale de mise au point est de 0,314 m. Il fait parti des premiers objectifs macro proposant la stabilisation d\u2019optique. Il est constitu\u00e9 de 14 lentilles en 12 groupes dont une en verre ED et d\u2019autres b\u00e9n\u00e9ficiant d\u2019un traitement nanocristal permettant de diminuer le flare et d\u2019augmenter le contraste.<\/p>\n<p>Il p\u00e8se environ 750 g.<\/p>\n","protected":false},"excerpt":{"rendered":"<p>Nikon 105 macro F2.8 L\u2019objectif Nikon AF-S VR Micro-Nikkor 105 mm f\/2.8 G IF-ED est une longue focale \u00e0 ouverture maximale de 2.8 et minimale de 32. Elle poss\u00e8de un diam\u00e8tre de 62 mm et un diaphragme circulaire de 9 lamelles. Sa distance minimale de mise au point est de 0,314 m. Il fait parti [&hellip;]<\/p>\n","protected":false},"featured_media":1847,"template":"","meta":{"inline_featured_image":false},"product_brand":[],"product_cat":[2255],"product_tag":[],"class_list":{"0":"post-1440","1":"product","2":"type-product","3":"status-publish","4":"has-post-thumbnail","6":"product_cat-optiques-g","8":"first","9":"instock","10":"taxable","11":"shipping-taxable","12":"purchasable","13":"product-type-rentable"},"acf":[],"_links":{"self":[{"href":"https:\/\/indie.rent\/catalogue\/wp-json\/wp\/v2\/product\/1440","targetHints":{"allow":["GET"]}}],"collection":[{"href":"https:\/\/indie.rent\/catalogue\/wp-json\/wp\/v2\/product"}],"about":[{"href":"https:\/\/indie.rent\/catalogue\/wp-json\/wp\/v2\/types\/product"}],"version-history":[{"count":0,"href":"https:\/\/indie.rent\/catalogue\/wp-json\/wp\/v2\/product\/1440\/revisions"}],"wp:featuredmedia":[{"embeddable":true,"href":"https:\/\/indie.rent\/catalogue\/wp-json\/wp\/v2\/media\/1847"}],"wp:attachment":[{"href":"https:\/\/indie.rent\/catalogue\/wp-json\/wp\/v2\/media?parent=1440"}],"wp:term":[{"taxonomy":"product_brand","embeddable":true,"href":"https:\/\/indie.rent\/catalogue\/wp-json\/wp\/v2\/product_brand?post=1440"},{"taxonomy":"product_cat","embeddable":true,"href":"https:\/\/indie.rent\/catalogue\/wp-json\/wp\/v2\/product_cat?post=1440"},{"taxonomy":"product_tag","embeddable":true,"href":"https:\/\/indie.rent\/catalogue\/wp-json\/wp\/v2\/product_tag?post=1440"}],"curies":[{"name":"wp","href":"https:\/\/api.w.org\/{rel}","templated":true}]}}