{"id":1439,"date":"2025-01-10T17:31:14","date_gmt":"2025-01-10T16:31:14","guid":{"rendered":"https:\/\/indie.rent\/catalogue\/produit\/recepteur-teradek-bolt-6-lt-750-module-pour-smallhd-702-touch\/"},"modified":"2026-04-13T19:04:03","modified_gmt":"2026-04-13T17:04:03","slug":"recepteur-teradek-bolt-6-lt-750-module-pour-smallhd-7","status":"publish","type":"product","link":"https:\/\/indie.rent\/catalogue\/produit\/recepteur-teradek-bolt-6-lt-750-module-pour-smallhd-7\/","title":{"rendered":"R\u00e9cepteur Teradek Bolt 6 LT 750 &#8211; Module pour Smallhd 7&#8243;"},"content":{"rendered":"<p>Le module de r\u00e9ception Bolt 6 est un r\u00e9cepteur vid\u00e9o sans fil compatible avec la vid\u00e9o HDR 4K30 10 bits 4:2:2. Il utilise la puce silicium Zero-Delay brevet\u00e9e de Teradek pour transmettre la vid\u00e9o sans fil sur les fr\u00e9quences radio 5 GHz et 6 GHz.<\/p>\n<p>Le module de r\u00e9ception Bolt 6 se fixe facilement \u00e0 l&#8217;arri\u00e8re des moniteurs SmallHD Cine 7, 702 Touch et Indie 7.<\/p>\n<p>Gr\u00e2ce \u00e0 cette int\u00e9gration directe, le Bolt 6 et le moniteur\u00a0partagent l&#8217;alimentation et le signal vid\u00e9o, ce qui r\u00e9duit le nombre de c\u00e2bles sur le plateau.\u00a0<\/p>\n","protected":false},"excerpt":{"rendered":"<p>Le module de r\u00e9ception Bolt 6 est un r\u00e9cepteur vid\u00e9o sans fil compatible avec la vid\u00e9o HDR 4K30 10 bits 4:2:2. Il utilise la puce silicium Zero-Delay brevet\u00e9e de Teradek pour transmettre la vid\u00e9o sans fil sur les fr\u00e9quences radio 5 GHz et 6 GHz. Le module de r\u00e9ception Bolt 6 se fixe facilement \u00e0 [&hellip;]<\/p>\n","protected":false},"featured_media":3379,"template":"","meta":{"inline_featured_image":false},"product_brand":[],"product_cat":[1965],"product_tag":[],"class_list":{"0":"post-1439","1":"product","2":"type-product","3":"status-publish","4":"has-post-thumbnail","6":"product_cat-transmission-video-hf","8":"first","9":"instock","10":"taxable","11":"shipping-taxable","12":"purchasable","13":"product-type-rentable"},"acf":[],"_links":{"self":[{"href":"https:\/\/indie.rent\/catalogue\/wp-json\/wp\/v2\/product\/1439","targetHints":{"allow":["GET"]}}],"collection":[{"href":"https:\/\/indie.rent\/catalogue\/wp-json\/wp\/v2\/product"}],"about":[{"href":"https:\/\/indie.rent\/catalogue\/wp-json\/wp\/v2\/types\/product"}],"version-history":[{"count":0,"href":"https:\/\/indie.rent\/catalogue\/wp-json\/wp\/v2\/product\/1439\/revisions"}],"wp:featuredmedia":[{"embeddable":true,"href":"https:\/\/indie.rent\/catalogue\/wp-json\/wp\/v2\/media\/3379"}],"wp:attachment":[{"href":"https:\/\/indie.rent\/catalogue\/wp-json\/wp\/v2\/media?parent=1439"}],"wp:term":[{"taxonomy":"product_brand","embeddable":true,"href":"https:\/\/indie.rent\/catalogue\/wp-json\/wp\/v2\/product_brand?post=1439"},{"taxonomy":"product_cat","embeddable":true,"href":"https:\/\/indie.rent\/catalogue\/wp-json\/wp\/v2\/product_cat?post=1439"},{"taxonomy":"product_tag","embeddable":true,"href":"https:\/\/indie.rent\/catalogue\/wp-json\/wp\/v2\/product_tag?post=1439"}],"curies":[{"name":"wp","href":"https:\/\/api.w.org\/{rel}","templated":true}]}}