{"id":1434,"date":"2025-01-10T17:31:12","date_gmt":"2025-01-10T16:31:12","guid":{"rendered":"https:\/\/indie.rent\/catalogue\/produit\/systeme-intercom-hollyland-solidcom-6-casques-sans-fil\/"},"modified":"2026-04-13T18:49:03","modified_gmt":"2026-04-13T16:49:03","slug":"systeme-intercom-hollyland-solidcom-6-casques-sans-fil","status":"publish","type":"product","link":"https:\/\/indie.rent\/catalogue\/produit\/systeme-intercom-hollyland-solidcom-6-casques-sans-fil\/","title":{"rendered":"Syst\u00e8me Intercom Hollyland Solidcom &#8211; 6 Casques Sans Fil"},"content":{"rendered":"<p>Ces Intercom poss\u00e8de une large r\u00e9ponse en fr\u00e9quence pour un son clair avec un couplage instantan\u00e9 qui facilite grandement son utilisation <br \/>Casque sans fil et sans ceinture, il est tr\u00e8s confortable \u00e0 porter toute la journ\u00e9e<br \/>Il poss\u00e8de une plage de fonctionnement bidirectionnelle de 300 m.<\/p>\n<p>Ces casques peuvent \u00eatre coupl\u00e9s avec d\u2019autres unit\u00e9s de la m\u00eame gamme pour une utilisation plus large. <br \/>Outil largement utilis\u00e9 pour des prestations plateau\/r\u00e9gie (t\u00e9l\u00e9) etc. <\/p>\n<p>Norme DECT 6.0 pour la stabilit\u00e9 et la s\u00e9curit\u00e9<\/p>\n","protected":false},"excerpt":{"rendered":"<p>Ces Intercom poss\u00e8de une large r\u00e9ponse en fr\u00e9quence pour un son clair avec un couplage instantan\u00e9 qui facilite grandement son utilisation Casque sans fil et sans ceinture, il est tr\u00e8s confortable \u00e0 porter toute la journ\u00e9eIl poss\u00e8de une plage de fonctionnement bidirectionnelle de 300 m. Ces casques peuvent \u00eatre coupl\u00e9s avec d\u2019autres unit\u00e9s de la [&hellip;]<\/p>\n","protected":false},"featured_media":2499,"template":"","meta":{"inline_featured_image":false},"product_brand":[],"product_cat":[2126],"product_tag":[],"class_list":{"0":"post-1434","1":"product","2":"type-product","3":"status-publish","4":"has-post-thumbnail","6":"product_cat-intercommie","8":"first","9":"instock","10":"featured","11":"taxable","12":"shipping-taxable","13":"purchasable","14":"product-type-rentable"},"acf":[],"_links":{"self":[{"href":"https:\/\/indie.rent\/catalogue\/wp-json\/wp\/v2\/product\/1434","targetHints":{"allow":["GET"]}}],"collection":[{"href":"https:\/\/indie.rent\/catalogue\/wp-json\/wp\/v2\/product"}],"about":[{"href":"https:\/\/indie.rent\/catalogue\/wp-json\/wp\/v2\/types\/product"}],"version-history":[{"count":0,"href":"https:\/\/indie.rent\/catalogue\/wp-json\/wp\/v2\/product\/1434\/revisions"}],"wp:featuredmedia":[{"embeddable":true,"href":"https:\/\/indie.rent\/catalogue\/wp-json\/wp\/v2\/media\/2499"}],"wp:attachment":[{"href":"https:\/\/indie.rent\/catalogue\/wp-json\/wp\/v2\/media?parent=1434"}],"wp:term":[{"taxonomy":"product_brand","embeddable":true,"href":"https:\/\/indie.rent\/catalogue\/wp-json\/wp\/v2\/product_brand?post=1434"},{"taxonomy":"product_cat","embeddable":true,"href":"https:\/\/indie.rent\/catalogue\/wp-json\/wp\/v2\/product_cat?post=1434"},{"taxonomy":"product_tag","embeddable":true,"href":"https:\/\/indie.rent\/catalogue\/wp-json\/wp\/v2\/product_tag?post=1434"}],"curies":[{"name":"wp","href":"https:\/\/api.w.org\/{rel}","templated":true}]}}