{"id":1431,"date":"2025-01-10T17:31:10","date_gmt":"2025-01-10T16:31:10","guid":{"rendered":"https:\/\/indie.rent\/catalogue\/produit\/roulante-camera-magliner-senior\/"},"modified":"2026-04-30T16:44:59","modified_gmt":"2026-04-30T14:44:59","slug":"roulante-camera-magliner-senior","status":"publish","type":"product","link":"https:\/\/indie.rent\/catalogue\/produit\/roulante-camera-magliner-senior\/","title":{"rendered":"Roulante Cam\u00e9ra Magliner Senior"},"content":{"rendered":"<p>Roulante TT-TC03<\/p>\n<p>Poids max support\u00e9 : 49kg<\/p>\n<p>Taille (mm) :<br \/>L: 1200<br \/>W: 610<br \/>H: 945<\/p>\n<p>         Voir cette publication sur Instagram            Une publication partag\u00e9e par Indie Loc (@indie_la_location) le 16 Janv. 2019 \u00e0 12 :21 PST<\/p>\n","protected":false},"excerpt":{"rendered":"<p>Roulante TT-TC03 Poids max support\u00e9 : 49kg Taille (mm) :L: 1200W: 610H: 945 Voir cette publication sur Instagram Une publication partag\u00e9e par Indie Loc (@indie_la_location) le 16 Janv. 2019 \u00e0 12 :21 PST<\/p>\n","protected":false},"featured_media":2717,"template":"","meta":{"inline_featured_image":false},"product_brand":[],"product_cat":[1952],"product_tag":[],"class_list":{"0":"post-1431","1":"product","2":"type-product","3":"status-publish","4":"has-post-thumbnail","6":"product_cat-roulante-camera","8":"first","9":"instock","10":"taxable","11":"shipping-taxable","12":"purchasable","13":"product-type-rentable"},"acf":[],"_links":{"self":[{"href":"https:\/\/indie.rent\/catalogue\/wp-json\/wp\/v2\/product\/1431","targetHints":{"allow":["GET"]}}],"collection":[{"href":"https:\/\/indie.rent\/catalogue\/wp-json\/wp\/v2\/product"}],"about":[{"href":"https:\/\/indie.rent\/catalogue\/wp-json\/wp\/v2\/types\/product"}],"version-history":[{"count":0,"href":"https:\/\/indie.rent\/catalogue\/wp-json\/wp\/v2\/product\/1431\/revisions"}],"wp:featuredmedia":[{"embeddable":true,"href":"https:\/\/indie.rent\/catalogue\/wp-json\/wp\/v2\/media\/2717"}],"wp:attachment":[{"href":"https:\/\/indie.rent\/catalogue\/wp-json\/wp\/v2\/media?parent=1431"}],"wp:term":[{"taxonomy":"product_brand","embeddable":true,"href":"https:\/\/indie.rent\/catalogue\/wp-json\/wp\/v2\/product_brand?post=1431"},{"taxonomy":"product_cat","embeddable":true,"href":"https:\/\/indie.rent\/catalogue\/wp-json\/wp\/v2\/product_cat?post=1431"},{"taxonomy":"product_tag","embeddable":true,"href":"https:\/\/indie.rent\/catalogue\/wp-json\/wp\/v2\/product_tag?post=1431"}],"curies":[{"name":"wp","href":"https:\/\/api.w.org\/{rel}","templated":true}]}}