{"id":1428,"date":"2025-01-10T17:31:08","date_gmt":"2025-01-10T16:31:08","guid":{"rendered":"https:\/\/indie.rent\/catalogue\/produit\/rampe-de-chargement\/"},"modified":"2026-04-16T18:06:14","modified_gmt":"2026-04-16T16:06:14","slug":"rampe-de-chargement","status":"publish","type":"product","link":"https:\/\/indie.rent\/catalogue\/produit\/rampe-de-chargement\/","title":{"rendered":"Rampe de chargement"},"content":{"rendered":"<p>Cette rampe d&#8217;acc\u00e8s se replie tr\u00e8s facilement (2 fois: en longueur et largeur). Surfaces r\u00e9sistantes et anti-glissantes m\u00eame par temps humide ou pluie. Produit durable dans le temps.Mat\u00e9riel : aluminium anodis\u00e9 de haute qualit\u00e9. Conception optimis\u00e9e , unique et solide.Tr\u00e8s pratique pour la manutention ou le transport en voiture ainsi que pour le stockage<\/p>\n<p>Longueur d\u00e9pli\u00e9e:183cm<br \/>Longueur repli\u00e9e: 91.5cm <br \/>Largeur d\u00e9pli\u00e9e: 74cm<br \/>Largeur repli\u00e9e: 37cm <br \/>Poids:15kg<br \/>Capacit\u00e9 maximale: 272kg<\/p>\n","protected":false},"excerpt":{"rendered":"<p>Cette rampe d&#8217;acc\u00e8s se replie tr\u00e8s facilement (2 fois: en longueur et largeur). Surfaces r\u00e9sistantes et anti-glissantes m\u00eame par temps humide ou pluie. Produit durable dans le temps.Mat\u00e9riel : aluminium anodis\u00e9 de haute qualit\u00e9. Conception optimis\u00e9e , unique et solide.Tr\u00e8s pratique pour la manutention ou le transport en voiture ainsi que pour le stockage Longueur [&hellip;]<\/p>\n","protected":false},"featured_media":2521,"template":"","meta":{"inline_featured_image":false},"product_brand":[],"product_cat":[2133],"product_tag":[],"class_list":{"0":"post-1428","1":"product","2":"type-product","3":"status-publish","4":"has-post-thumbnail","6":"product_cat-divers-manutention","8":"first","9":"instock","10":"taxable","11":"shipping-taxable","12":"purchasable","13":"product-type-rentable"},"acf":[],"_links":{"self":[{"href":"https:\/\/indie.rent\/catalogue\/wp-json\/wp\/v2\/product\/1428","targetHints":{"allow":["GET"]}}],"collection":[{"href":"https:\/\/indie.rent\/catalogue\/wp-json\/wp\/v2\/product"}],"about":[{"href":"https:\/\/indie.rent\/catalogue\/wp-json\/wp\/v2\/types\/product"}],"version-history":[{"count":0,"href":"https:\/\/indie.rent\/catalogue\/wp-json\/wp\/v2\/product\/1428\/revisions"}],"wp:featuredmedia":[{"embeddable":true,"href":"https:\/\/indie.rent\/catalogue\/wp-json\/wp\/v2\/media\/2521"}],"wp:attachment":[{"href":"https:\/\/indie.rent\/catalogue\/wp-json\/wp\/v2\/media?parent=1428"}],"wp:term":[{"taxonomy":"product_brand","embeddable":true,"href":"https:\/\/indie.rent\/catalogue\/wp-json\/wp\/v2\/product_brand?post=1428"},{"taxonomy":"product_cat","embeddable":true,"href":"https:\/\/indie.rent\/catalogue\/wp-json\/wp\/v2\/product_cat?post=1428"},{"taxonomy":"product_tag","embeddable":true,"href":"https:\/\/indie.rent\/catalogue\/wp-json\/wp\/v2\/product_tag?post=1428"}],"curies":[{"name":"wp","href":"https:\/\/api.w.org\/{rel}","templated":true}]}}