{"id":1427,"date":"2025-01-10T17:31:08","date_gmt":"2025-01-10T16:31:08","guid":{"rendered":"https:\/\/indie.rent\/catalogue\/produit\/airtube-200\/"},"modified":"2026-04-13T18:46:06","modified_gmt":"2026-04-13T16:46:06","slug":"airtube-200","status":"publish","type":"product","link":"https:\/\/indie.rent\/catalogue\/produit\/airtube-200\/","title":{"rendered":"Airtube 200"},"content":{"rendered":"<p>AirTube 2 m\u00e8tres pour LED type Astera TITAN \/ HYPERION + Magic Cloth\u00ae<\/p>\n<p>L&#8217;AirTube permet de fixer facilement un ou plusieurs tubes LED type ASTERA afin d\u2019obtenir une lumi\u00e8re douce et uniforme tout en acc\u00e9dant \u00e0 de toutes les fonctionnalit\u00e9s de vos tubes LED, telles que le fonctionnement de la batterie, la s\u00e9lection des couleurs, les effets et le contr\u00f4le des pixels.<\/p>\n<p>Connecter plusieurs tubes LED simplement l&#8217;un apr\u00e8s l&#8217;autre \u00e0 l\u2019AIRTUBE, parfait pour g\u00e9n\u00e9rer des lumi\u00e8res extr\u00eamement longues et ininterrompues pour les tournages de films ou les s\u00e9ances photo de produits. Vous pouvez par exemple fixer deux tubes HELIOS dans un AIRTUBE 100 ou 8x tubes TITAN dans un AIRTUBE 800 !<\/p>\n<p>Caligri utilise uniquement des mat\u00e9riaux de haute qualit\u00e9, tels que les tissus techniques cin\u00e9matographiques Magic Cloth\u00ae et Ultrabounce\u00ae de The Rag Place.<\/p>\n<p>*Compatible avec tous les tubes LED  : Astera HELIOS, TITAN, HYPERION etc..<\/p>\n","protected":false},"excerpt":{"rendered":"<p>AirTube 2 m\u00e8tres pour LED type Astera TITAN \/ HYPERION + Magic Cloth\u00ae L&#8217;AirTube permet de fixer facilement un ou plusieurs tubes LED type ASTERA afin d\u2019obtenir une lumi\u00e8re douce et uniforme tout en acc\u00e9dant \u00e0 de toutes les fonctionnalit\u00e9s de vos tubes LED, telles que le fonctionnement de la batterie, la s\u00e9lection des couleurs, [&hellip;]<\/p>\n","protected":false},"featured_media":3982,"template":"","meta":{"inline_featured_image":false},"product_brand":[],"product_cat":[2209],"product_tag":[],"class_list":{"0":"post-1427","1":"product","2":"type-product","3":"status-publish","4":"has-post-thumbnail","6":"product_cat-led-tube-lights","8":"first","9":"instock","10":"taxable","11":"shipping-taxable","12":"purchasable","13":"product-type-rentable"},"acf":[],"_links":{"self":[{"href":"https:\/\/indie.rent\/catalogue\/wp-json\/wp\/v2\/product\/1427","targetHints":{"allow":["GET"]}}],"collection":[{"href":"https:\/\/indie.rent\/catalogue\/wp-json\/wp\/v2\/product"}],"about":[{"href":"https:\/\/indie.rent\/catalogue\/wp-json\/wp\/v2\/types\/product"}],"version-history":[{"count":0,"href":"https:\/\/indie.rent\/catalogue\/wp-json\/wp\/v2\/product\/1427\/revisions"}],"wp:featuredmedia":[{"embeddable":true,"href":"https:\/\/indie.rent\/catalogue\/wp-json\/wp\/v2\/media\/3982"}],"wp:attachment":[{"href":"https:\/\/indie.rent\/catalogue\/wp-json\/wp\/v2\/media?parent=1427"}],"wp:term":[{"taxonomy":"product_brand","embeddable":true,"href":"https:\/\/indie.rent\/catalogue\/wp-json\/wp\/v2\/product_brand?post=1427"},{"taxonomy":"product_cat","embeddable":true,"href":"https:\/\/indie.rent\/catalogue\/wp-json\/wp\/v2\/product_cat?post=1427"},{"taxonomy":"product_tag","embeddable":true,"href":"https:\/\/indie.rent\/catalogue\/wp-json\/wp\/v2\/product_tag?post=1427"}],"curies":[{"name":"wp","href":"https:\/\/api.w.org\/{rel}","templated":true}]}}