{"id":1424,"date":"2025-01-10T17:31:06","date_gmt":"2025-01-10T16:31:06","guid":{"rendered":"https:\/\/indie.rent\/catalogue\/produit\/nez-optique-prolycht-monture-bowen\/"},"modified":"2026-04-13T18:16:14","modified_gmt":"2026-04-13T16:16:14","slug":"nez-optique-prolycht-monture-bowen-22","status":"publish","type":"product","link":"https:\/\/indie.rent\/catalogue\/produit\/nez-optique-prolycht-monture-bowen-22\/","title":{"rendered":"Nez Optique PROLYCHT Monture Bowen 22\u00b0"},"content":{"rendered":"<p>Le nez Optique Prolycht en monture bowen vous permet d&#8217;obtenir des formes pr\u00e9cises sur les projecteurs \u00e9quip\u00e9s de la monture Bowen (Forza 300, Forza 500). Il est fournit avec 16 gobos, une iris et 4 couteaux qui vous permettent de reproduire avec des projecteurs LED puissant ce qui \u00e9tait possible de faire avec les gammes Dedo.<\/p>\n","protected":false},"excerpt":{"rendered":"<p>Le nez Optique Prolycht en monture bowen vous permet d&#8217;obtenir des formes pr\u00e9cises sur les projecteurs \u00e9quip\u00e9s de la monture Bowen (Forza 300, Forza 500). Il est fournit avec 16 gobos, une iris et 4 couteaux qui vous permettent de reproduire avec des projecteurs LED puissant ce qui \u00e9tait possible de faire avec les gammes [&hellip;]<\/p>\n","protected":false},"featured_media":3612,"template":"","meta":{"inline_featured_image":false},"product_brand":[],"product_cat":[2099],"product_tag":[],"class_list":{"0":"post-1424","1":"product","2":"type-product","3":"status-publish","4":"has-post-thumbnail","6":"product_cat-beamer","8":"first","9":"instock","10":"taxable","11":"shipping-taxable","12":"purchasable","13":"product-type-rentable"},"acf":[],"_links":{"self":[{"href":"https:\/\/indie.rent\/catalogue\/wp-json\/wp\/v2\/product\/1424","targetHints":{"allow":["GET"]}}],"collection":[{"href":"https:\/\/indie.rent\/catalogue\/wp-json\/wp\/v2\/product"}],"about":[{"href":"https:\/\/indie.rent\/catalogue\/wp-json\/wp\/v2\/types\/product"}],"version-history":[{"count":0,"href":"https:\/\/indie.rent\/catalogue\/wp-json\/wp\/v2\/product\/1424\/revisions"}],"wp:featuredmedia":[{"embeddable":true,"href":"https:\/\/indie.rent\/catalogue\/wp-json\/wp\/v2\/media\/3612"}],"wp:attachment":[{"href":"https:\/\/indie.rent\/catalogue\/wp-json\/wp\/v2\/media?parent=1424"}],"wp:term":[{"taxonomy":"product_brand","embeddable":true,"href":"https:\/\/indie.rent\/catalogue\/wp-json\/wp\/v2\/product_brand?post=1424"},{"taxonomy":"product_cat","embeddable":true,"href":"https:\/\/indie.rent\/catalogue\/wp-json\/wp\/v2\/product_cat?post=1424"},{"taxonomy":"product_tag","embeddable":true,"href":"https:\/\/indie.rent\/catalogue\/wp-json\/wp\/v2\/product_tag?post=1424"}],"curies":[{"name":"wp","href":"https:\/\/api.w.org\/{rel}","templated":true}]}}