{"id":1417,"date":"2025-01-10T17:31:03","date_gmt":"2025-01-10T16:31:03","guid":{"rendered":"https:\/\/indie.rent\/catalogue\/produit\/follow-focus-manuel-chrosziel-206-05s\/"},"modified":"2026-04-14T17:29:14","modified_gmt":"2026-04-14T15:29:14","slug":"follow-focus-manuel-chrosziel-206-05s","status":"publish","type":"product","link":"https:\/\/indie.rent\/catalogue\/produit\/follow-focus-manuel-chrosziel-206-05s\/","title":{"rendered":"Follow Focus Manuel Chrosziel 206-05s"},"content":{"rendered":"<p>Le Mini Follow Focus 206-05S est sp\u00e9cialement con\u00e7u pour les cam\u00e9ras DSLR ou HDV.Compact et l\u00e9ger il se fixe sur des tiges standards de 15mm. Le mouvement est pr\u00e9cis sans aucun jeu ni \u00e0 coups. La qualit\u00e9 de fabrication assure une robustesse et une fiabilit\u00e9 dans le temps. Le volant a une surface finement structur\u00e9 pour assurer un excellent grip.<\/p>\n","protected":false},"excerpt":{"rendered":"<p>Le Mini Follow Focus 206-05S est sp\u00e9cialement con\u00e7u pour les cam\u00e9ras DSLR ou HDV.Compact et l\u00e9ger il se fixe sur des tiges standards de 15mm. Le mouvement est pr\u00e9cis sans aucun jeu ni \u00e0 coups. La qualit\u00e9 de fabrication assure une robustesse et une fiabilit\u00e9 dans le temps. Le volant a une surface finement structur\u00e9 [&hellip;]<\/p>\n","protected":false},"featured_media":2156,"template":"","meta":{"inline_featured_image":false},"product_brand":[],"product_cat":[1956],"product_tag":[],"class_list":{"0":"post-1417","1":"product","2":"type-product","3":"status-publish","4":"has-post-thumbnail","6":"product_cat-follow-focus-manuel","8":"first","9":"instock","10":"taxable","11":"shipping-taxable","12":"purchasable","13":"product-type-rentable"},"acf":[],"_links":{"self":[{"href":"https:\/\/indie.rent\/catalogue\/wp-json\/wp\/v2\/product\/1417","targetHints":{"allow":["GET"]}}],"collection":[{"href":"https:\/\/indie.rent\/catalogue\/wp-json\/wp\/v2\/product"}],"about":[{"href":"https:\/\/indie.rent\/catalogue\/wp-json\/wp\/v2\/types\/product"}],"version-history":[{"count":1,"href":"https:\/\/indie.rent\/catalogue\/wp-json\/wp\/v2\/product\/1417\/revisions"}],"predecessor-version":[{"id":6736,"href":"https:\/\/indie.rent\/catalogue\/wp-json\/wp\/v2\/product\/1417\/revisions\/6736"}],"wp:featuredmedia":[{"embeddable":true,"href":"https:\/\/indie.rent\/catalogue\/wp-json\/wp\/v2\/media\/2156"}],"wp:attachment":[{"href":"https:\/\/indie.rent\/catalogue\/wp-json\/wp\/v2\/media?parent=1417"}],"wp:term":[{"taxonomy":"product_brand","embeddable":true,"href":"https:\/\/indie.rent\/catalogue\/wp-json\/wp\/v2\/product_brand?post=1417"},{"taxonomy":"product_cat","embeddable":true,"href":"https:\/\/indie.rent\/catalogue\/wp-json\/wp\/v2\/product_cat?post=1417"},{"taxonomy":"product_tag","embeddable":true,"href":"https:\/\/indie.rent\/catalogue\/wp-json\/wp\/v2\/product_tag?post=1417"}],"curies":[{"name":"wp","href":"https:\/\/api.w.org\/{rel}","templated":true}]}}