{"id":1413,"date":"2025-01-10T17:31:02","date_gmt":"2025-01-10T16:31:02","guid":{"rendered":"https:\/\/indie.rent\/catalogue\/produit\/roulante-regie-de-face\/"},"modified":"2026-04-16T17:17:57","modified_gmt":"2026-04-16T15:17:57","slug":"roulante-regie-de-face","status":"publish","type":"product","link":"https:\/\/indie.rent\/catalogue\/produit\/roulante-regie-de-face\/","title":{"rendered":"Roulante R\u00e9gie de Face"},"content":{"rendered":"<p>Une petite roulante de r\u00e9gie de face est disponible \u00e0 la location chez Indie ! <\/p>\n<p>Sa praticit\u00e9 la rend indispensable : fermer en un bloc pour limiter l&#8217;espace de stockage ou ouverte pour en faire une table r\u00e9gie d&#8217;appoint, elle est parfaite pour les tournages qui n\u00e9cessite beaucoup de d\u00e9placement. <\/p>\n<p>         Voir cette publication sur Instagram            Une publication partag\u00e9e par Indie Loc (@indie_la_location) le 22 D\u00e9c. 2018 \u00e0 2 :15 PST<\/p>\n","protected":false},"excerpt":{"rendered":"<p>Une petite roulante de r\u00e9gie de face est disponible \u00e0 la location chez Indie ! Sa praticit\u00e9 la rend indispensable : fermer en un bloc pour limiter l&#8217;espace de stockage ou ouverte pour en faire une table r\u00e9gie d&#8217;appoint, elle est parfaite pour les tournages qui n\u00e9cessite beaucoup de d\u00e9placement. Voir cette publication sur Instagram [&hellip;]<\/p>\n","protected":false},"featured_media":2094,"template":"","meta":{"inline_featured_image":false},"product_brand":[],"product_cat":[2129],"product_tag":[],"class_list":{"0":"post-1413","1":"product","2":"type-product","3":"status-publish","4":"has-post-thumbnail","6":"product_cat-roulantes","8":"first","9":"instock","10":"taxable","11":"shipping-taxable","12":"purchasable","13":"product-type-rentable"},"acf":[],"_links":{"self":[{"href":"https:\/\/indie.rent\/catalogue\/wp-json\/wp\/v2\/product\/1413","targetHints":{"allow":["GET"]}}],"collection":[{"href":"https:\/\/indie.rent\/catalogue\/wp-json\/wp\/v2\/product"}],"about":[{"href":"https:\/\/indie.rent\/catalogue\/wp-json\/wp\/v2\/types\/product"}],"version-history":[{"count":0,"href":"https:\/\/indie.rent\/catalogue\/wp-json\/wp\/v2\/product\/1413\/revisions"}],"wp:featuredmedia":[{"embeddable":true,"href":"https:\/\/indie.rent\/catalogue\/wp-json\/wp\/v2\/media\/2094"}],"wp:attachment":[{"href":"https:\/\/indie.rent\/catalogue\/wp-json\/wp\/v2\/media?parent=1413"}],"wp:term":[{"taxonomy":"product_brand","embeddable":true,"href":"https:\/\/indie.rent\/catalogue\/wp-json\/wp\/v2\/product_brand?post=1413"},{"taxonomy":"product_cat","embeddable":true,"href":"https:\/\/indie.rent\/catalogue\/wp-json\/wp\/v2\/product_cat?post=1413"},{"taxonomy":"product_tag","embeddable":true,"href":"https:\/\/indie.rent\/catalogue\/wp-json\/wp\/v2\/product_tag?post=1413"}],"curies":[{"name":"wp","href":"https:\/\/api.w.org\/{rel}","templated":true}]}}