{"id":1412,"date":"2025-01-10T17:31:01","date_gmt":"2025-01-10T16:31:01","guid":{"rendered":"https:\/\/indie.rent\/catalogue\/produit\/mattebox-clamp-on-arri-lmb-4x5-6\/"},"modified":"2026-04-13T18:25:47","modified_gmt":"2026-04-13T16:25:47","slug":"mattebox-clamp-on-arri-lmb-4x5-6","status":"publish","type":"product","link":"https:\/\/indie.rent\/catalogue\/produit\/mattebox-clamp-on-arri-lmb-4x5-6\/","title":{"rendered":"Mattebox Clamp-On ARRI LMB 4&#215;5.6"},"content":{"rendered":"<p>Indie Location dispose de matte boxs ARRI LMB en clip on qui se compose de 3 tiroirs en 4&#215;5,6&#8243;. Il dispose d&#8217;un volet sup\u00e9rieur pour contrer toute lumi\u00e8re parasite. Cet \u00e9l\u00e9ment vous permettra de mettre plusieurs filtres mais aussi de prot\u00e9ger vos optiques d&#8217;incidents de tournages. <br \/>Nous compl\u00e9tons ce kit avec des LENS CLAMPS de tailles diff\u00e9rentes qui s&#8217;adaptent au diam\u00e8tre de frontale de vos optiques. Des adaptateurs pour DIOPTRIE de 138mm sont ajustables sur ces matte boxs.<\/p>\n","protected":false},"excerpt":{"rendered":"<p>Indie Location dispose de matte boxs ARRI LMB en clip on qui se compose de 3 tiroirs en 4&#215;5,6&#8243;. Il dispose d&#8217;un volet sup\u00e9rieur pour contrer toute lumi\u00e8re parasite. Cet \u00e9l\u00e9ment vous permettra de mettre plusieurs filtres mais aussi de prot\u00e9ger vos optiques d&#8217;incidents de tournages. Nous compl\u00e9tons ce kit avec des LENS CLAMPS de [&hellip;]<\/p>\n","protected":false},"featured_media":2025,"template":"","meta":{"inline_featured_image":false},"product_brand":[],"product_cat":[1955],"product_tag":[],"class_list":{"0":"post-1412","1":"product","2":"type-product","3":"status-publish","4":"has-post-thumbnail","6":"product_cat-mattebox","8":"first","9":"instock","10":"taxable","11":"shipping-taxable","12":"purchasable","13":"product-type-rentable"},"acf":[],"_links":{"self":[{"href":"https:\/\/indie.rent\/catalogue\/wp-json\/wp\/v2\/product\/1412","targetHints":{"allow":["GET"]}}],"collection":[{"href":"https:\/\/indie.rent\/catalogue\/wp-json\/wp\/v2\/product"}],"about":[{"href":"https:\/\/indie.rent\/catalogue\/wp-json\/wp\/v2\/types\/product"}],"version-history":[{"count":0,"href":"https:\/\/indie.rent\/catalogue\/wp-json\/wp\/v2\/product\/1412\/revisions"}],"wp:featuredmedia":[{"embeddable":true,"href":"https:\/\/indie.rent\/catalogue\/wp-json\/wp\/v2\/media\/2025"}],"wp:attachment":[{"href":"https:\/\/indie.rent\/catalogue\/wp-json\/wp\/v2\/media?parent=1412"}],"wp:term":[{"taxonomy":"product_brand","embeddable":true,"href":"https:\/\/indie.rent\/catalogue\/wp-json\/wp\/v2\/product_brand?post=1412"},{"taxonomy":"product_cat","embeddable":true,"href":"https:\/\/indie.rent\/catalogue\/wp-json\/wp\/v2\/product_cat?post=1412"},{"taxonomy":"product_tag","embeddable":true,"href":"https:\/\/indie.rent\/catalogue\/wp-json\/wp\/v2\/product_tag?post=1412"}],"curies":[{"name":"wp","href":"https:\/\/api.w.org\/{rel}","templated":true}]}}