{"id":1410,"date":"2025-01-10T17:31:00","date_gmt":"2025-01-10T16:31:00","guid":{"rendered":"https:\/\/indie.rent\/catalogue\/produit\/serie-de-3-filtres-tokina-irnd-4x4\/"},"modified":"2026-04-04T00:13:52","modified_gmt":"2026-04-03T22:13:52","slug":"serie-de-3-filtres-tokina-irnd-4x4","status":"publish","type":"product","link":"https:\/\/indie.rent\/catalogue\/produit\/serie-de-3-filtres-tokina-irnd-4x4\/","title":{"rendered":"S\u00e9rie de 3 Filtres Tokina IRND \u2013 4&#215;4\u201c"},"content":{"rendered":"<p>Ce filtre ND Tokina assombrit votre image gr\u00e2ce \u00e0 sa densit\u00e9 de 0,3, vous permettant ainsi de r\u00e9aliser des prises de vue avec une ouverture plus grande ou une vitesse d&#8217;obturation plus lente, ce qui facilite l&#8217;int\u00e9gration du mouvement et de la profondeur de champ dans votre photo.Ces filtres ND n&#8217;affectent pas la couleur de votre image et sont donc id\u00e9aux pour une utilisation avec d&#8217;autres filtres.<\/p>\n<p>Chacun de ces filtres est pourvu d\u2019une couche de traitement ACCU-ND Vapor Deposition, afin d\u2019emp\u00eacher toute surexposition et de garder vos couleurs plus belles. Les filtres sont \u00e9quip\u00e9s d&#8217;un verre optique super clair et d&#8217;un anneau de filtre en alliage d&#8217;aluminium.<\/p>\n","protected":false},"excerpt":{"rendered":"<p>Ce filtre ND Tokina assombrit votre image gr\u00e2ce \u00e0 sa densit\u00e9 de 0,3, vous permettant ainsi de r\u00e9aliser des prises de vue avec une ouverture plus grande ou une vitesse d&#8217;obturation plus lente, ce qui facilite l&#8217;int\u00e9gration du mouvement et de la profondeur de champ dans votre photo.Ces filtres ND n&#8217;affectent pas la couleur de [&hellip;]<\/p>\n","protected":false},"featured_media":2003,"template":"","meta":{"inline_featured_image":false},"product_brand":[],"product_cat":[1939],"product_tag":[],"class_list":{"0":"post-1410","1":"product","2":"type-product","3":"status-publish","4":"has-post-thumbnail","6":"product_cat-filtres-4x5-6-correction","8":"first","9":"instock","10":"taxable","11":"shipping-taxable","12":"purchasable","13":"product-type-rentable"},"acf":[],"_links":{"self":[{"href":"https:\/\/indie.rent\/catalogue\/wp-json\/wp\/v2\/product\/1410","targetHints":{"allow":["GET"]}}],"collection":[{"href":"https:\/\/indie.rent\/catalogue\/wp-json\/wp\/v2\/product"}],"about":[{"href":"https:\/\/indie.rent\/catalogue\/wp-json\/wp\/v2\/types\/product"}],"version-history":[{"count":1,"href":"https:\/\/indie.rent\/catalogue\/wp-json\/wp\/v2\/product\/1410\/revisions"}],"predecessor-version":[{"id":5508,"href":"https:\/\/indie.rent\/catalogue\/wp-json\/wp\/v2\/product\/1410\/revisions\/5508"}],"wp:featuredmedia":[{"embeddable":true,"href":"https:\/\/indie.rent\/catalogue\/wp-json\/wp\/v2\/media\/2003"}],"wp:attachment":[{"href":"https:\/\/indie.rent\/catalogue\/wp-json\/wp\/v2\/media?parent=1410"}],"wp:term":[{"taxonomy":"product_brand","embeddable":true,"href":"https:\/\/indie.rent\/catalogue\/wp-json\/wp\/v2\/product_brand?post=1410"},{"taxonomy":"product_cat","embeddable":true,"href":"https:\/\/indie.rent\/catalogue\/wp-json\/wp\/v2\/product_cat?post=1410"},{"taxonomy":"product_tag","embeddable":true,"href":"https:\/\/indie.rent\/catalogue\/wp-json\/wp\/v2\/product_tag?post=1410"}],"curies":[{"name":"wp","href":"https:\/\/api.w.org\/{rel}","templated":true}]}}