{"id":1405,"date":"2025-01-10T17:30:58","date_gmt":"2025-01-10T16:30:58","guid":{"rendered":"https:\/\/indie.rent\/catalogue\/produit\/table-top-kit-n1\/"},"modified":"2026-04-13T18:20:28","modified_gmt":"2026-04-13T16:20:28","slug":"table-top-kit-n1","status":"publish","type":"product","link":"https:\/\/indie.rent\/catalogue\/produit\/table-top-kit-n1\/","title":{"rendered":"Table Top Kit n\u00b01"},"content":{"rendered":"<p>K-flect Table Top Kit<\/p>\n<p>Le kit K-flectors, compos\u00e9 de plusieurs sortes de surfaces r\u00e9flechissantes propose un ensemble de r\u00e9flections allant du miroir, pour rediriger le faisceau lumineux \u00e0 des r\u00e9flexions tr\u00e8s douces, directionnelles ou non. Tous les r\u00e9flecteurs sont fabriqu\u00e9s en aluminium trait\u00e9s avec diff\u00e9rentes plages lumineuses (elliptiques, rondes ou lin\u00e9aires). Cela permet un travail tr\u00e8s pr\u00e9cis dans la r\u00e9flexion et la cr\u00e9ation d&#8217;un \u00e9clairage. Les k-flectors sont fabriqu\u00e9s \u00e0 partir d&#8217;un panneau tr\u00e8s robuste tout en restant ultra-l\u00e9ger les rendant tr\u00e8s facile \u00e0 manipuler. Chacun des panneaux poss\u00e8dent une lamelle en acier galvanis\u00e9e de mani\u00e8re \u00e0 les monter ais\u00e9ment sur des supports magn\u00e9tiques.<\/p>\n","protected":false},"excerpt":{"rendered":"<p>K-flect Table Top Kit Le kit K-flectors, compos\u00e9 de plusieurs sortes de surfaces r\u00e9flechissantes propose un ensemble de r\u00e9flections allant du miroir, pour rediriger le faisceau lumineux \u00e0 des r\u00e9flexions tr\u00e8s douces, directionnelles ou non. Tous les r\u00e9flecteurs sont fabriqu\u00e9s en aluminium trait\u00e9s avec diff\u00e9rentes plages lumineuses (elliptiques, rondes ou lin\u00e9aires). Cela permet un travail [&hellip;]<\/p>\n","protected":false},"featured_media":3503,"template":"","meta":{"inline_featured_image":false},"product_brand":[],"product_cat":[2117],"product_tag":[],"class_list":{"0":"post-1405","1":"product","2":"type-product","3":"status-publish","4":"has-post-thumbnail","6":"product_cat-reflecteur","8":"first","9":"instock","10":"taxable","11":"shipping-taxable","12":"purchasable","13":"product-type-rentable"},"acf":[],"_links":{"self":[{"href":"https:\/\/indie.rent\/catalogue\/wp-json\/wp\/v2\/product\/1405","targetHints":{"allow":["GET"]}}],"collection":[{"href":"https:\/\/indie.rent\/catalogue\/wp-json\/wp\/v2\/product"}],"about":[{"href":"https:\/\/indie.rent\/catalogue\/wp-json\/wp\/v2\/types\/product"}],"version-history":[{"count":0,"href":"https:\/\/indie.rent\/catalogue\/wp-json\/wp\/v2\/product\/1405\/revisions"}],"wp:featuredmedia":[{"embeddable":true,"href":"https:\/\/indie.rent\/catalogue\/wp-json\/wp\/v2\/media\/3503"}],"wp:attachment":[{"href":"https:\/\/indie.rent\/catalogue\/wp-json\/wp\/v2\/media?parent=1405"}],"wp:term":[{"taxonomy":"product_brand","embeddable":true,"href":"https:\/\/indie.rent\/catalogue\/wp-json\/wp\/v2\/product_brand?post=1405"},{"taxonomy":"product_cat","embeddable":true,"href":"https:\/\/indie.rent\/catalogue\/wp-json\/wp\/v2\/product_cat?post=1405"},{"taxonomy":"product_tag","embeddable":true,"href":"https:\/\/indie.rent\/catalogue\/wp-json\/wp\/v2\/product_tag?post=1405"}],"curies":[{"name":"wp","href":"https:\/\/api.w.org\/{rel}","templated":true}]}}