{"id":1402,"date":"2025-01-10T17:30:57","date_gmt":"2025-01-10T16:30:57","guid":{"rendered":"https:\/\/indie.rent\/catalogue\/produit\/roulante-camera-tlv-avec-support-camera-qrp\/"},"modified":"2026-04-13T18:16:29","modified_gmt":"2026-04-13T16:16:29","slug":"roulante-camera-tlv-avec-support-camera-qrp","status":"publish","type":"product","link":"https:\/\/indie.rent\/catalogue\/produit\/roulante-camera-tlv-avec-support-camera-qrp\/","title":{"rendered":"Roulante Cam\u00e9ra TLV avec Support Cam\u00e9ra QRP"},"content":{"rendered":"<p>Roulante Cam\u00e9ra TLV avec 3 plateaux et Plaque QRP.<\/p>\n","protected":false},"excerpt":{"rendered":"<p>Roulante Cam\u00e9ra TLV avec 3 plateaux et Plaque QRP.<\/p>\n","protected":false},"featured_media":2758,"template":"","meta":{"inline_featured_image":false},"product_brand":[],"product_cat":[1952],"product_tag":[],"class_list":{"0":"post-1402","1":"product","2":"type-product","3":"status-publish","4":"has-post-thumbnail","6":"product_cat-roulante-camera","8":"first","9":"instock","10":"taxable","11":"shipping-taxable","12":"purchasable","13":"product-type-rentable"},"acf":[],"_links":{"self":[{"href":"https:\/\/indie.rent\/catalogue\/wp-json\/wp\/v2\/product\/1402","targetHints":{"allow":["GET"]}}],"collection":[{"href":"https:\/\/indie.rent\/catalogue\/wp-json\/wp\/v2\/product"}],"about":[{"href":"https:\/\/indie.rent\/catalogue\/wp-json\/wp\/v2\/types\/product"}],"version-history":[{"count":0,"href":"https:\/\/indie.rent\/catalogue\/wp-json\/wp\/v2\/product\/1402\/revisions"}],"wp:featuredmedia":[{"embeddable":true,"href":"https:\/\/indie.rent\/catalogue\/wp-json\/wp\/v2\/media\/2758"}],"wp:attachment":[{"href":"https:\/\/indie.rent\/catalogue\/wp-json\/wp\/v2\/media?parent=1402"}],"wp:term":[{"taxonomy":"product_brand","embeddable":true,"href":"https:\/\/indie.rent\/catalogue\/wp-json\/wp\/v2\/product_brand?post=1402"},{"taxonomy":"product_cat","embeddable":true,"href":"https:\/\/indie.rent\/catalogue\/wp-json\/wp\/v2\/product_cat?post=1402"},{"taxonomy":"product_tag","embeddable":true,"href":"https:\/\/indie.rent\/catalogue\/wp-json\/wp\/v2\/product_tag?post=1402"}],"curies":[{"name":"wp","href":"https:\/\/api.w.org\/{rel}","templated":true}]}}