{"id":1399,"date":"2025-01-10T17:30:50","date_gmt":"2025-01-10T16:30:50","guid":{"rendered":"https:\/\/indie.rent\/catalogue\/produit\/recepteur-cvw-pro-200-recepteur-video-hd-sans-fil\/"},"modified":"2026-04-13T18:41:40","modified_gmt":"2026-04-13T16:41:40","slug":"recepteur-cvw-pro-200-recepteur-video-hd-sans-fil","status":"publish","type":"product","link":"https:\/\/indie.rent\/catalogue\/produit\/recepteur-cvw-pro-200-recepteur-video-hd-sans-fil\/","title":{"rendered":"R\u00e9cepteur CVW Pro 200 &#8211; R\u00e9cepteur Video HD Sans Fil"},"content":{"rendered":"<p>R\u00e9cepteur Pro 200 &#8211; Wireless HD Video Link<\/p>\n<p>Ces produits sont fournis sans batteries. Voici la fiche produits des batteries qui vous peuvent vous \u00eatre utiles pour leur alimentation : <br \/>https:\/\/indie.rent\/product\/np-f970-247<\/p>\n","protected":false},"excerpt":{"rendered":"<p>R\u00e9cepteur Pro 200 &#8211; Wireless HD Video Link Ces produits sont fournis sans batteries. Voici la fiche produits des batteries qui vous peuvent vous \u00eatre utiles pour leur alimentation : https:\/\/indie.rent\/product\/np-f970-247<\/p>\n","protected":false},"featured_media":2373,"template":"","meta":{"inline_featured_image":false},"product_brand":[],"product_cat":[1965],"product_tag":[],"class_list":{"0":"post-1399","1":"product","2":"type-product","3":"status-publish","4":"has-post-thumbnail","6":"product_cat-transmission-video-hf","8":"first","9":"instock","10":"taxable","11":"shipping-taxable","12":"purchasable","13":"product-type-rentable"},"acf":[],"_links":{"self":[{"href":"https:\/\/indie.rent\/catalogue\/wp-json\/wp\/v2\/product\/1399","targetHints":{"allow":["GET"]}}],"collection":[{"href":"https:\/\/indie.rent\/catalogue\/wp-json\/wp\/v2\/product"}],"about":[{"href":"https:\/\/indie.rent\/catalogue\/wp-json\/wp\/v2\/types\/product"}],"version-history":[{"count":0,"href":"https:\/\/indie.rent\/catalogue\/wp-json\/wp\/v2\/product\/1399\/revisions"}],"wp:featuredmedia":[{"embeddable":true,"href":"https:\/\/indie.rent\/catalogue\/wp-json\/wp\/v2\/media\/2373"}],"wp:attachment":[{"href":"https:\/\/indie.rent\/catalogue\/wp-json\/wp\/v2\/media?parent=1399"}],"wp:term":[{"taxonomy":"product_brand","embeddable":true,"href":"https:\/\/indie.rent\/catalogue\/wp-json\/wp\/v2\/product_brand?post=1399"},{"taxonomy":"product_cat","embeddable":true,"href":"https:\/\/indie.rent\/catalogue\/wp-json\/wp\/v2\/product_cat?post=1399"},{"taxonomy":"product_tag","embeddable":true,"href":"https:\/\/indie.rent\/catalogue\/wp-json\/wp\/v2\/product_tag?post=1399"}],"curies":[{"name":"wp","href":"https:\/\/api.w.org\/{rel}","templated":true}]}}