{"id":1391,"date":"2025-01-10T17:30:47","date_gmt":"2025-01-10T16:30:47","guid":{"rendered":"https:\/\/indie.rent\/catalogue\/produit\/roulante-regie-l\/"},"modified":"2026-04-13T18:49:43","modified_gmt":"2026-04-13T16:49:43","slug":"roulante-regie-l","status":"publish","type":"product","link":"https:\/\/indie.rent\/catalogue\/produit\/roulante-regie-l\/","title":{"rendered":"Roulante R\u00e9gie L"},"content":{"rendered":"<p>Cette roulante r\u00e9gie (mod\u00e8le L) est disponible \u00e0 la location chez nous ! <\/p>\n<p>Pratique, transport facile, bonne surface disponible pour la mise en place d&#8217;une table de r\u00e9gie d&#8217;appoint. <br \/>Cette roulante poss\u00e8de une \u00e9tag\u00e8re dont il est possible de r\u00e9cup\u00e9rer la &#8220;planche&#8221; pour en faire un rebord et ainsi, en cas de transport, s\u00e9curis\u00e9 les \u00e9l\u00e9ments placer sur la roulante.<\/p>\n","protected":false},"excerpt":{"rendered":"<p>Cette roulante r\u00e9gie (mod\u00e8le L) est disponible \u00e0 la location chez nous ! Pratique, transport facile, bonne surface disponible pour la mise en place d&#8217;une table de r\u00e9gie d&#8217;appoint. Cette roulante poss\u00e8de une \u00e9tag\u00e8re dont il est possible de r\u00e9cup\u00e9rer la &#8220;planche&#8221; pour en faire un rebord et ainsi, en cas de transport, s\u00e9curis\u00e9 les [&hellip;]<\/p>\n","protected":false},"featured_media":2517,"template":"","meta":{"inline_featured_image":false},"product_brand":[],"product_cat":[2129],"product_tag":[],"class_list":{"0":"post-1391","1":"product","2":"type-product","3":"status-publish","4":"has-post-thumbnail","6":"product_cat-roulantes","8":"first","9":"instock","10":"taxable","11":"shipping-taxable","12":"purchasable","13":"product-type-rentable"},"acf":[],"_links":{"self":[{"href":"https:\/\/indie.rent\/catalogue\/wp-json\/wp\/v2\/product\/1391","targetHints":{"allow":["GET"]}}],"collection":[{"href":"https:\/\/indie.rent\/catalogue\/wp-json\/wp\/v2\/product"}],"about":[{"href":"https:\/\/indie.rent\/catalogue\/wp-json\/wp\/v2\/types\/product"}],"version-history":[{"count":0,"href":"https:\/\/indie.rent\/catalogue\/wp-json\/wp\/v2\/product\/1391\/revisions"}],"wp:featuredmedia":[{"embeddable":true,"href":"https:\/\/indie.rent\/catalogue\/wp-json\/wp\/v2\/media\/2517"}],"wp:attachment":[{"href":"https:\/\/indie.rent\/catalogue\/wp-json\/wp\/v2\/media?parent=1391"}],"wp:term":[{"taxonomy":"product_brand","embeddable":true,"href":"https:\/\/indie.rent\/catalogue\/wp-json\/wp\/v2\/product_brand?post=1391"},{"taxonomy":"product_cat","embeddable":true,"href":"https:\/\/indie.rent\/catalogue\/wp-json\/wp\/v2\/product_cat?post=1391"},{"taxonomy":"product_tag","embeddable":true,"href":"https:\/\/indie.rent\/catalogue\/wp-json\/wp\/v2\/product_tag?post=1391"}],"curies":[{"name":"wp","href":"https:\/\/api.w.org\/{rel}","templated":true}]}}