{"id":1390,"date":"2025-01-10T17:30:47","date_gmt":"2025-01-10T16:30:47","guid":{"rendered":"https:\/\/indie.rent\/catalogue\/produit\/telecommande-de-controle-air-remote\/"},"modified":"2026-04-10T10:28:05","modified_gmt":"2026-04-10T08:28:05","slug":"telecommande-de-controle-air-remote","status":"publish","type":"product","link":"https:\/\/indie.rent\/catalogue\/produit\/telecommande-de-controle-air-remote\/","title":{"rendered":"T\u00e9l\u00e9commande de contr\u00f4le Air Remote"},"content":{"rendered":"<p>Profoto t\u00e9l\u00e9commande de contr\u00f4le Air Remote pour torche B1, B2, D1, D2<\/p>\n<p>Il est d\u00e9sormais facile de modeler et contr\u00f4ler votre lumi\u00e8re jusqu&#8217;\u00e0 300m de distance. Le nouveau syst\u00e8me radio num\u00e9rique, le Profoto Air Remote est int\u00e9gr\u00e9 \u00e0 tous les g\u00e9n\u00e9rateurs Pro-8a Air et \u00e0 toutes les torches PROFOTO.<\/p>\n<p>Elle permet un contr\u00f4le complet des flashes depuis votre boitier, votre ordinateur ou votre main (incluant le r\u00e9glage de la puissance des t\u00eates et le r\u00e9glage des lampes pilotes). Une seule t\u00e9l\u00e9commande contr\u00f4le un nombre illimit\u00e9 de g\u00e9n\u00e9rateurs et de t\u00eates, sur 8 canaux radio.<\/p>\n<p>Les modules Profoto Air envoient un signal de synchronisation dans un d\u00e9lai tr\u00e8s court, seulement 100 ms en mode rapide. La connexion du module se fait soit par c\u00e2ble soit par sabot flash. Ce boitier petit et maniable p\u00e8se seulement 70 g batteries inclues. Il rassemble beaucoup de fonctionnalit\u00e9s et de fiabilit\u00e9 sur un panneau de r\u00e9glage facile \u00e0 utiliser. Fonctionnant \u00e0 2,4 GHz, il peut \u00eatre utilis\u00e9 partout dans le monde.<\/p>\n<p>Le syst\u00e8me Profoto Air peut \u00e9galement synchroniser des g\u00e9n\u00e9rateurs d&#8217;anciennes g\u00e9n\u00e9rations ou d&#8217;autres marques en connectant un module Air Sync.<\/p>\n<p>Cette t\u00e9l\u00e9commande est compatible avec toutes les torches PROFOTO B1, B2, D1, D2.<\/p>\n<p>Points forts de la t\u00e9l\u00e9commande de contr\u00f4le PROFOTO Air Remote pour torche B1, B2, D1, D2 :<br \/>&#8211; Contr\u00f4le complet des flashes PROFOTO<br \/>&#8211; R\u00e9ception et transmission, port\u00e9e jusqu&#8217;\u00e0 300 m avec une fr\u00e9quence de 2.4 GHz<br \/>&#8211; Synchronisation boitier \u00e0 distance gr\u00e0ce \u00e0 son antenne int\u00e9gr\u00e9e<br \/>&#8211; Extinction automatique pour une meilleure autonomie<br \/>&#8211; Synchronisation jusqu&#8217;au 1\/1500e<\/p>\n<p>Caract\u00e9ristiques de la t\u00e9l\u00e9commande de contr\u00f4le PROFOTO Air Remote pour torche B1, B2, D1 ,D2 :<br \/>Sortie Synchro : 3.5 mm<br \/>Sabot flash standard (non compatible SONY, KONICA, MINOLTA)<br \/>Controle de la puissance : flash et lampe pilote<br \/>Communication automatique avec le g\u00e9n\u00e9rateur<br \/>Dimensions : 70 x 50 x 40 mm<br \/>Poids : 40 g<br \/>Accessoire fourni : dragonne<\/p>\n","protected":false},"excerpt":{"rendered":"<p>Profoto t\u00e9l\u00e9commande de contr\u00f4le Air Remote pour torche B1, B2, D1, D2 Il est d\u00e9sormais facile de modeler et contr\u00f4ler votre lumi\u00e8re jusqu&#8217;\u00e0 300m de distance. Le nouveau syst\u00e8me radio num\u00e9rique, le Profoto Air Remote est int\u00e9gr\u00e9 \u00e0 tous les g\u00e9n\u00e9rateurs Pro-8a Air et \u00e0 toutes les torches PROFOTO. Elle permet un contr\u00f4le complet des [&hellip;]<\/p>\n","protected":false},"featured_media":2478,"template":"","meta":{"inline_featured_image":false},"product_brand":[],"product_cat":[2183],"product_tag":[],"class_list":{"0":"post-1390","1":"product","2":"type-product","3":"status-publish","4":"has-post-thumbnail","6":"product_cat-accessoires-flash","8":"first","9":"instock","10":"taxable","11":"shipping-taxable","12":"purchasable","13":"product-type-rentable"},"acf":[],"_links":{"self":[{"href":"https:\/\/indie.rent\/catalogue\/wp-json\/wp\/v2\/product\/1390","targetHints":{"allow":["GET"]}}],"collection":[{"href":"https:\/\/indie.rent\/catalogue\/wp-json\/wp\/v2\/product"}],"about":[{"href":"https:\/\/indie.rent\/catalogue\/wp-json\/wp\/v2\/types\/product"}],"version-history":[{"count":0,"href":"https:\/\/indie.rent\/catalogue\/wp-json\/wp\/v2\/product\/1390\/revisions"}],"wp:featuredmedia":[{"embeddable":true,"href":"https:\/\/indie.rent\/catalogue\/wp-json\/wp\/v2\/media\/2478"}],"wp:attachment":[{"href":"https:\/\/indie.rent\/catalogue\/wp-json\/wp\/v2\/media?parent=1390"}],"wp:term":[{"taxonomy":"product_brand","embeddable":true,"href":"https:\/\/indie.rent\/catalogue\/wp-json\/wp\/v2\/product_brand?post=1390"},{"taxonomy":"product_cat","embeddable":true,"href":"https:\/\/indie.rent\/catalogue\/wp-json\/wp\/v2\/product_cat?post=1390"},{"taxonomy":"product_tag","embeddable":true,"href":"https:\/\/indie.rent\/catalogue\/wp-json\/wp\/v2\/product_tag?post=1390"}],"curies":[{"name":"wp","href":"https:\/\/api.w.org\/{rel}","templated":true}]}}