{"id":1389,"date":"2025-01-10T17:30:47","date_gmt":"2025-01-10T16:30:47","guid":{"rendered":"https:\/\/indie.rent\/catalogue\/produit\/flashmate-l308x\/"},"modified":"2026-04-10T10:27:53","modified_gmt":"2026-04-10T08:27:53","slug":"flashmate-l308x","status":"publish","type":"product","link":"https:\/\/indie.rent\/catalogue\/produit\/flashmate-l308x\/","title":{"rendered":"FLASHMATE L308X"},"content":{"rendered":"<p>Le posem\u00e8tre L-308x FLASHMATE de Sekonic est un outil compact pour la mesure \u00e0 la fois l&#8217;\u00e9clairage ambiant et le flash ainsi que le travail en vid\u00e9o avec des modes d\u00e9di\u00e9s Cine et HD Cine. Equip\u00e9 d&#8217;un Lumisphere coulissant, la L-308x est capable de mesurer la lumi\u00e8re ambiante, ainsi que la lumi\u00e8re r\u00e9fl\u00e9chie par l&#8217;interm\u00e9diaire d&#8217;une lentille avec un angle de r\u00e9ception de 40 \u00b0. Cet appareil dispose \u00e9galement d&#8217;une large plage de mesure; 0 \u00e0 19,9 EV \u00e0 la norme ISO 100, et peut fonctionner avec flash dans une plage de f \/ 1,0 \u00e0 f \/ 90,9 \u00e0 ISO 100. Pr\u00e9cision de r\u00e9p\u00e9tition est \u00e9galement importante lorsque la mesure, que la L-308x d\u00e9livre avec une cote de<\/p>\n","protected":false},"excerpt":{"rendered":"<p>Le posem\u00e8tre L-308x FLASHMATE de Sekonic est un outil compact pour la mesure \u00e0 la fois l&#8217;\u00e9clairage ambiant et le flash ainsi que le travail en vid\u00e9o avec des modes d\u00e9di\u00e9s Cine et HD Cine. Equip\u00e9 d&#8217;un Lumisphere coulissant, la L-308x est capable de mesurer la lumi\u00e8re ambiante, ainsi que la lumi\u00e8re r\u00e9fl\u00e9chie par l&#8217;interm\u00e9diaire [&hellip;]<\/p>\n","protected":false},"featured_media":2473,"template":"","meta":{"inline_featured_image":false},"product_brand":[],"product_cat":[2183],"product_tag":[],"class_list":{"0":"post-1389","1":"product","2":"type-product","3":"status-publish","4":"has-post-thumbnail","6":"product_cat-accessoires-flash","8":"first","9":"instock","10":"taxable","11":"shipping-taxable","12":"purchasable","13":"product-type-rentable"},"acf":[],"_links":{"self":[{"href":"https:\/\/indie.rent\/catalogue\/wp-json\/wp\/v2\/product\/1389","targetHints":{"allow":["GET"]}}],"collection":[{"href":"https:\/\/indie.rent\/catalogue\/wp-json\/wp\/v2\/product"}],"about":[{"href":"https:\/\/indie.rent\/catalogue\/wp-json\/wp\/v2\/types\/product"}],"version-history":[{"count":0,"href":"https:\/\/indie.rent\/catalogue\/wp-json\/wp\/v2\/product\/1389\/revisions"}],"wp:featuredmedia":[{"embeddable":true,"href":"https:\/\/indie.rent\/catalogue\/wp-json\/wp\/v2\/media\/2473"}],"wp:attachment":[{"href":"https:\/\/indie.rent\/catalogue\/wp-json\/wp\/v2\/media?parent=1389"}],"wp:term":[{"taxonomy":"product_brand","embeddable":true,"href":"https:\/\/indie.rent\/catalogue\/wp-json\/wp\/v2\/product_brand?post=1389"},{"taxonomy":"product_cat","embeddable":true,"href":"https:\/\/indie.rent\/catalogue\/wp-json\/wp\/v2\/product_cat?post=1389"},{"taxonomy":"product_tag","embeddable":true,"href":"https:\/\/indie.rent\/catalogue\/wp-json\/wp\/v2\/product_tag?post=1389"}],"curies":[{"name":"wp","href":"https:\/\/api.w.org\/{rel}","templated":true}]}}