{"id":1386,"date":"2025-01-10T17:30:46","date_gmt":"2025-01-10T16:30:46","guid":{"rendered":"https:\/\/indie.rent\/catalogue\/produit\/pack-de-6-talkies-walkies-xt420\/"},"modified":"2026-04-10T10:23:18","modified_gmt":"2026-04-10T08:23:18","slug":"pack-de-6-talkies-walkies-xt420","status":"publish","type":"product","link":"https:\/\/indie.rent\/catalogue\/produit\/pack-de-6-talkies-walkies-xt420\/","title":{"rendered":"Pack de 6 Talkies Walkies &#8211; XT420"},"content":{"rendered":"<p>Ce mod\u00e8le de talkie-walkie est robuste et poss\u00e8de une tr\u00e8s bonne qualit\u00e9 sonore.<br \/>Il a une port\u00e9e maximum de 10km en terrain d\u00e9gag\u00e9. <br \/>Pack de 6 pouvant \u00eatre coupl\u00e9 avec les talkies du m\u00eame mod\u00e8le. <br \/>3 packs dispos donc possibilit\u00e9 de coupler 18 talkies en m\u00eame temps. <br \/>Il poss\u00e8de 8 canaux.<\/p>\n<p>Talkie Walkie Fr\u00e9quences PMR446 sans licence.<br \/>Norme IP55<\/p>\n","protected":false},"excerpt":{"rendered":"<p>Ce mod\u00e8le de talkie-walkie est robuste et poss\u00e8de une tr\u00e8s bonne qualit\u00e9 sonore.Il a une port\u00e9e maximum de 10km en terrain d\u00e9gag\u00e9. Pack de 6 pouvant \u00eatre coupl\u00e9 avec les talkies du m\u00eame mod\u00e8le. 3 packs dispos donc possibilit\u00e9 de coupler 18 talkies en m\u00eame temps. Il poss\u00e8de 8 canaux. Talkie Walkie Fr\u00e9quences PMR446 sans [&hellip;]<\/p>\n","protected":false},"featured_media":2406,"template":"","meta":{"inline_featured_image":false},"product_brand":[],"product_cat":[2125],"product_tag":[],"class_list":{"0":"post-1386","1":"product","2":"type-product","3":"status-publish","4":"has-post-thumbnail","6":"product_cat-talkies_walkies","8":"first","9":"instock","10":"taxable","11":"shipping-taxable","12":"purchasable","13":"product-type-rentable"},"acf":[],"_links":{"self":[{"href":"https:\/\/indie.rent\/catalogue\/wp-json\/wp\/v2\/product\/1386","targetHints":{"allow":["GET"]}}],"collection":[{"href":"https:\/\/indie.rent\/catalogue\/wp-json\/wp\/v2\/product"}],"about":[{"href":"https:\/\/indie.rent\/catalogue\/wp-json\/wp\/v2\/types\/product"}],"version-history":[{"count":0,"href":"https:\/\/indie.rent\/catalogue\/wp-json\/wp\/v2\/product\/1386\/revisions"}],"wp:featuredmedia":[{"embeddable":true,"href":"https:\/\/indie.rent\/catalogue\/wp-json\/wp\/v2\/media\/2406"}],"wp:attachment":[{"href":"https:\/\/indie.rent\/catalogue\/wp-json\/wp\/v2\/media?parent=1386"}],"wp:term":[{"taxonomy":"product_brand","embeddable":true,"href":"https:\/\/indie.rent\/catalogue\/wp-json\/wp\/v2\/product_brand?post=1386"},{"taxonomy":"product_cat","embeddable":true,"href":"https:\/\/indie.rent\/catalogue\/wp-json\/wp\/v2\/product_cat?post=1386"},{"taxonomy":"product_tag","embeddable":true,"href":"https:\/\/indie.rent\/catalogue\/wp-json\/wp\/v2\/product_tag?post=1386"}],"curies":[{"name":"wp","href":"https:\/\/api.w.org\/{rel}","templated":true}]}}