{"id":1379,"date":"2025-01-10T17:30:43","date_gmt":"2025-01-10T16:30:43","guid":{"rendered":"https:\/\/indie.rent\/catalogue\/produit\/glace-maquillage-a-led-glassmak\/"},"modified":"2026-04-30T15:46:12","modified_gmt":"2026-04-30T13:46:12","slug":"glace-maquillage-a-led-glassmak","status":"publish","type":"product","link":"https:\/\/indie.rent\/catalogue\/produit\/glace-maquillage-a-led-glassmak\/","title":{"rendered":"Glace maquillage \u00e0 LED GLASSMAK"},"content":{"rendered":"<p>Venez louer chez nous une glace maquillage \u00e0 LED GLASSMAK<\/p>\n<p>Les dimensions g\u00e9n\u00e9reuses du miroir, 60 cm de largeur pour 65 cm de hauteur offrent un plus grand confort de travail, notamment pour les coiffures de films d\u2019\u00e9poque.<br \/>Cette glace maquillage est tr\u00e8s maniable : elle est l\u00e8g\u00e9re, fine, et ses deux poign\u00e9es facilitent son utilisation.<br \/>D\u2019une \u00e9paisseur de seulement 8cm, ce miroir associe finesse et ergonomie.<\/p>\n<p>Le bouton SWITCH permet de r\u00e9gler soit la temp\u00e9rature de couleur, soit l\u2019intensit\u00e9 de la lumi\u00e8re.<br \/>La GlassMak Studio est \u00e9quip\u00e9e d\u2019une platine sp\u00e9ciale pour recevoir le support batterie monture V-lock sur lequel vous n\u2019aurez plus qu\u2019\u00e0 connecter votre batterie.<br \/>Id\u00e9al pour vos tournages en ext\u00e9rieur.<\/p>\n<p>Eclairage et Puissance : LED sur circuits imprim\u00e9s, Type de LED SMD2835 Input : 85-264 V AC 50\/60Hz, 1,4 A max Output : 12 V DC-5A, 65W max<\/p>\n<p>Temp\u00e9rature de couleur : 3000 \u00e0 5600\u00b0k par palier de 50\u00b0k.IRC : 3200\u00b0k (94%), 5600\u00b0k (96%)TLCI : 3200\u00b0k (91%), 5600\u00b0k (94%)Variation de 0 \u00e0 100% de l\u2019intensit\u00e9 de la lumi\u00e8re ( 0,3A en 220V)<\/p>\n<p>Alimentation : Sur secteur : de 85 \u00e0 264 V AC Sur batterie : Chaque source DC de 12 \u00e0 35V<\/p>\n<p>Dimensions et Poids :<br \/>Sans le capot de protection (L x l x h) : 74x8x84cm <br \/>Avec le capot de protection (L x l x h) : 74x12x84cm <br \/>Dimensions du Miroir ( l x h) : 60cm x 65cm <br \/>Poids : 13 kg (17,5kg avec son capot de protection)<\/p>\n","protected":false},"excerpt":{"rendered":"<p>Venez louer chez nous une glace maquillage \u00e0 LED GLASSMAK Les dimensions g\u00e9n\u00e9reuses du miroir, 60 cm de largeur pour 65 cm de hauteur offrent un plus grand confort de travail, notamment pour les coiffures de films d\u2019\u00e9poque.Cette glace maquillage est tr\u00e8s maniable : elle est l\u00e8g\u00e9re, fine, et ses deux poign\u00e9es facilitent son utilisation.D\u2019une [&hellip;]<\/p>\n","protected":false},"featured_media":3528,"template":"","meta":{"inline_featured_image":false},"product_brand":[],"product_cat":[2149],"product_tag":[],"class_list":{"0":"post-1379","1":"product","2":"type-product","3":"status-publish","4":"has-post-thumbnail","6":"product_cat-maquillage","8":"first","9":"instock","10":"featured","11":"taxable","12":"shipping-taxable","13":"purchasable","14":"product-type-rentable"},"acf":[],"_links":{"self":[{"href":"https:\/\/indie.rent\/catalogue\/wp-json\/wp\/v2\/product\/1379","targetHints":{"allow":["GET"]}}],"collection":[{"href":"https:\/\/indie.rent\/catalogue\/wp-json\/wp\/v2\/product"}],"about":[{"href":"https:\/\/indie.rent\/catalogue\/wp-json\/wp\/v2\/types\/product"}],"version-history":[{"count":0,"href":"https:\/\/indie.rent\/catalogue\/wp-json\/wp\/v2\/product\/1379\/revisions"}],"wp:featuredmedia":[{"embeddable":true,"href":"https:\/\/indie.rent\/catalogue\/wp-json\/wp\/v2\/media\/3528"}],"wp:attachment":[{"href":"https:\/\/indie.rent\/catalogue\/wp-json\/wp\/v2\/media?parent=1379"}],"wp:term":[{"taxonomy":"product_brand","embeddable":true,"href":"https:\/\/indie.rent\/catalogue\/wp-json\/wp\/v2\/product_brand?post=1379"},{"taxonomy":"product_cat","embeddable":true,"href":"https:\/\/indie.rent\/catalogue\/wp-json\/wp\/v2\/product_cat?post=1379"},{"taxonomy":"product_tag","embeddable":true,"href":"https:\/\/indie.rent\/catalogue\/wp-json\/wp\/v2\/product_tag?post=1379"}],"curies":[{"name":"wp","href":"https:\/\/api.w.org\/{rel}","templated":true}]}}