{"id":1378,"date":"2025-01-10T17:30:43","date_gmt":"2025-01-10T16:30:43","guid":{"rendered":"https:\/\/indie.rent\/catalogue\/produit\/convertisseur-hdmi-hd-sdi-c-box\/"},"modified":"2026-04-16T17:13:03","modified_gmt":"2026-04-16T15:13:03","slug":"convertisseur-hdmi-hd-sdi-c-box","status":"publish","type":"product","link":"https:\/\/indie.rent\/catalogue\/produit\/convertisseur-hdmi-hd-sdi-c-box\/","title":{"rendered":"Convertisseur HDMI\/HD-SDI &#8211; C-Box"},"content":{"rendered":"<p>La C-Box de Wooden Camera s\u2019attache via V-Lock ou sur tiges de 15mm et inclut une plaque V-Lock elle-m\u00eame permettant d\u2019alimenter la cam\u00e9ra. Elle fonctionne soit en entr\u00e9e HD-SDI ou en HDMI et toutes les sorties HD-SDI et HDMI seront active. Elle inclut des sorties HDMI sur sa partie sup\u00e9rieur, id\u00e9al pour l\u2019utilisation de diverses accessoires.<\/p>\n<p>&#8211; Power input via V-Mount battery, 12-24 VDC .5A<br \/>&#8211; Attaches between standard V-Mount battery and camera V-Mount plate<br \/>&#8211; LED indicator for Signal and Power on operator side<br \/>&#8211; 5V mini USB output for accessory power<br \/>&#8211; 1\/4-20 holes on bottom allow for attachment of rod clamps, cheeseplates, and other accessories<br \/>&#8211; Re-clocks standard SD, HD and 3G SDI data rates<br \/>&#8211; Auto bypasses non-standard SDI rates from 20Mbit\/s to 3Gbit\/s<br \/>&#8211; Passes SDI embedded audio and ancillary data<br \/>&#8211; Operating Temperature 0 to +40 C<br \/>&#8211; Operating Humidity 0 to 90% Non-Condensing<br \/>&lt;img src=&#8221;https:\/\/cdn3.volusion.com\/akmsw.skkga\/v\/vspfiles\/photos\/176300-4T.jpg?1518013887&#8243; alt=&#8221;sch\u00e9ma&#8221;&gt;<\/p>\n","protected":false},"excerpt":{"rendered":"<p>La C-Box de Wooden Camera s\u2019attache via V-Lock ou sur tiges de 15mm et inclut une plaque V-Lock elle-m\u00eame permettant d\u2019alimenter la cam\u00e9ra. Elle fonctionne soit en entr\u00e9e HD-SDI ou en HDMI et toutes les sorties HD-SDI et HDMI seront active. Elle inclut des sorties HDMI sur sa partie sup\u00e9rieur, id\u00e9al pour l\u2019utilisation de diverses [&hellip;]<\/p>\n","protected":false},"featured_media":2010,"template":"","meta":{"inline_featured_image":false},"product_brand":[],"product_cat":[1972],"product_tag":[],"class_list":{"0":"post-1378","1":"product","2":"type-product","3":"status-publish","4":"has-post-thumbnail","6":"product_cat-convertisseur","8":"first","9":"instock","10":"taxable","11":"shipping-taxable","12":"purchasable","13":"product-type-rentable"},"acf":[],"_links":{"self":[{"href":"https:\/\/indie.rent\/catalogue\/wp-json\/wp\/v2\/product\/1378","targetHints":{"allow":["GET"]}}],"collection":[{"href":"https:\/\/indie.rent\/catalogue\/wp-json\/wp\/v2\/product"}],"about":[{"href":"https:\/\/indie.rent\/catalogue\/wp-json\/wp\/v2\/types\/product"}],"version-history":[{"count":0,"href":"https:\/\/indie.rent\/catalogue\/wp-json\/wp\/v2\/product\/1378\/revisions"}],"wp:featuredmedia":[{"embeddable":true,"href":"https:\/\/indie.rent\/catalogue\/wp-json\/wp\/v2\/media\/2010"}],"wp:attachment":[{"href":"https:\/\/indie.rent\/catalogue\/wp-json\/wp\/v2\/media?parent=1378"}],"wp:term":[{"taxonomy":"product_brand","embeddable":true,"href":"https:\/\/indie.rent\/catalogue\/wp-json\/wp\/v2\/product_brand?post=1378"},{"taxonomy":"product_cat","embeddable":true,"href":"https:\/\/indie.rent\/catalogue\/wp-json\/wp\/v2\/product_cat?post=1378"},{"taxonomy":"product_tag","embeddable":true,"href":"https:\/\/indie.rent\/catalogue\/wp-json\/wp\/v2\/product_tag?post=1378"}],"curies":[{"name":"wp","href":"https:\/\/api.w.org\/{rel}","templated":true}]}}