{"id":1376,"date":"2025-01-10T17:30:42","date_gmt":"2025-01-10T16:30:42","guid":{"rendered":"https:\/\/indie.rent\/catalogue\/produit\/ventilateur-a-tambour\/"},"modified":"2026-04-16T18:34:53","modified_gmt":"2026-04-16T16:34:53","slug":"ventilateur-a-tambour-100cm","status":"publish","type":"product","link":"https:\/\/indie.rent\/catalogue\/produit\/ventilateur-a-tambour-100cm\/","title":{"rendered":"Ventilateur \u00e0 tambour 100cm"},"content":{"rendered":"<p>Le TTW 25000 S est un brasseur d&#8217;air robuste \u00e0 carter en acier galvanis\u00e9. Gr\u00e2ce \u00e0 son ch\u00e2ssis \u00e0 roulettes, il est facile \u00e0 transporter et est dot\u00e9 d&#8217;un tambour inclinable permettant d&#8217;ajuster le sens du flux d&#8217;air. Ceci permet par exemple de diriger le flux d&#8217;air en direction du plafond et d&#8217;utiliser le ventilateur pour les effets sp\u00e9ciaux aux th\u00e9\u00e2tres ainsi que sur les sets cin\u00e9\/photo.<\/p>\n<p>Caract\u00e9ristiques : <br \/>L x l x h : 1.060 x 525 x 1.140 mm<br \/>Poids : 44 kg<br \/>Vitesses de ventilation : 2<\/p>\n<p>Vitesse 1 : <br \/>&#8211; D\u00e9bit d&#8217;air vitesse 1 : 21.000 m\u00b3\/h<br \/>&#8211; Puissance vitesse 1 : 0,52 kW<br \/>&#8211; Niveau sonore vitesse 1 : 65 dB(A)<\/p>\n<p>Vitesse 2 : <br \/>&#8211; D\u00e9bit d&#8217;air vitesse 2 : 27.600 m\u00b3\/h<br \/>&#8211; Puissance vitesse 2 : 0,65 kW<br \/>&#8211; Niveau sonore vitesse 2 : 75 dB(A)<\/p>\n<p>Raccordement \u00e9lectrique : 230 V\/50 Hz (2,9 A)<br \/>Fusible : 16 A<br \/>Prise : CEE 7\/7<\/p>\n","protected":false},"excerpt":{"rendered":"<p>Le TTW 25000 S est un brasseur d&#8217;air robuste \u00e0 carter en acier galvanis\u00e9. Gr\u00e2ce \u00e0 son ch\u00e2ssis \u00e0 roulettes, il est facile \u00e0 transporter et est dot\u00e9 d&#8217;un tambour inclinable permettant d&#8217;ajuster le sens du flux d&#8217;air. Ceci permet par exemple de diriger le flux d&#8217;air en direction du plafond et d&#8217;utiliser le ventilateur [&hellip;]<\/p>\n","protected":false},"featured_media":1894,"template":"","meta":{"inline_featured_image":false},"product_brand":[],"product_cat":[2142],"product_tag":[],"class_list":{"0":"post-1376","1":"product","2":"type-product","3":"status-publish","4":"has-post-thumbnail","6":"product_cat-ventilateur","8":"first","9":"instock","10":"taxable","11":"shipping-taxable","12":"purchasable","13":"product-type-rentable"},"acf":[],"_links":{"self":[{"href":"https:\/\/indie.rent\/catalogue\/wp-json\/wp\/v2\/product\/1376","targetHints":{"allow":["GET"]}}],"collection":[{"href":"https:\/\/indie.rent\/catalogue\/wp-json\/wp\/v2\/product"}],"about":[{"href":"https:\/\/indie.rent\/catalogue\/wp-json\/wp\/v2\/types\/product"}],"version-history":[{"count":0,"href":"https:\/\/indie.rent\/catalogue\/wp-json\/wp\/v2\/product\/1376\/revisions"}],"wp:featuredmedia":[{"embeddable":true,"href":"https:\/\/indie.rent\/catalogue\/wp-json\/wp\/v2\/media\/1894"}],"wp:attachment":[{"href":"https:\/\/indie.rent\/catalogue\/wp-json\/wp\/v2\/media?parent=1376"}],"wp:term":[{"taxonomy":"product_brand","embeddable":true,"href":"https:\/\/indie.rent\/catalogue\/wp-json\/wp\/v2\/product_brand?post=1376"},{"taxonomy":"product_cat","embeddable":true,"href":"https:\/\/indie.rent\/catalogue\/wp-json\/wp\/v2\/product_cat?post=1376"},{"taxonomy":"product_tag","embeddable":true,"href":"https:\/\/indie.rent\/catalogue\/wp-json\/wp\/v2\/product_tag?post=1376"}],"curies":[{"name":"wp","href":"https:\/\/api.w.org\/{rel}","templated":true}]}}