{"id":1371,"date":"2025-01-10T17:30:41","date_gmt":"2025-01-10T16:30:41","guid":{"rendered":"https:\/\/indie.rent\/catalogue\/produit\/moniteur-small-hd-4-3-dp4\/"},"modified":"2026-04-16T13:13:13","modified_gmt":"2026-04-16T11:13:13","slug":"moniteur-small-hd-4-3-dp4","status":"publish","type":"product","link":"https:\/\/indie.rent\/catalogue\/produit\/moniteur-small-hd-4-3-dp4\/","title":{"rendered":"Moniteur Small HD 4.3&#8243; &#8211; DP4"},"content":{"rendered":"<p>Moniteur Small HD DP4<\/p>\n<p>Avec son \u00e9cran de 4.3&#8243;, le Small HD DP4 est un moniteur tr\u00e8s versatile tout en \u00e9tant, encore aujourd&#8217;hui, d&#8217;une tr\u00e8s bonne qualit\u00e9. Avec ses entr\u00e9es HDMI et YbPbr, il supporte la 1920&#215;1080 et est le compagnon parfait des DSLR, hybrides, cam\u00e9scopes et s&#8217;adapte \u00e9galement tr\u00e8s bien sur les cam\u00e9ras S35 poss\u00e9dant une sortie HDMI.<\/p>\n<p>Disposant d&#8217;une r\u00e9solution de 800&#215;400 pixels, d&#8217;une luminosit\u00e9 de 350 nits et d&#8217;un contraste de 800:1, son utilisation est aussi agr\u00e9able en int\u00e9rieur qu&#8217;en ext\u00e9rieur. Ses diff\u00e9rentes fonctionalit\u00e9s de falsce color, peaking, focus assist, blue only, frame guide (&#8230;) et ses 9 options de presets le rendent tr\u00e8s complet et tr\u00e8s utile. Avec une fa\u00e7ade en aluminium et une conception globale en plastique renforc\u00e9, ce moniteur est tr\u00e8s solide et r\u00e9sistant \u00e0 tout type de conditions.<\/p>\n","protected":false},"excerpt":{"rendered":"<p>Moniteur Small HD DP4 Avec son \u00e9cran de 4.3&#8243;, le Small HD DP4 est un moniteur tr\u00e8s versatile tout en \u00e9tant, encore aujourd&#8217;hui, d&#8217;une tr\u00e8s bonne qualit\u00e9. Avec ses entr\u00e9es HDMI et YbPbr, il supporte la 1920&#215;1080 et est le compagnon parfait des DSLR, hybrides, cam\u00e9scopes et s&#8217;adapte \u00e9galement tr\u00e8s bien sur les cam\u00e9ras S35 [&hellip;]<\/p>\n","protected":false},"featured_media":1869,"template":"","meta":{"inline_featured_image":false},"product_brand":[],"product_cat":[1973],"product_tag":[],"class_list":{"0":"post-1371","1":"product","2":"type-product","3":"status-publish","4":"has-post-thumbnail","6":"product_cat-moniteurs-specifiques","8":"first","9":"instock","10":"taxable","11":"shipping-taxable","12":"purchasable","13":"product-type-rentable"},"acf":[],"_links":{"self":[{"href":"https:\/\/indie.rent\/catalogue\/wp-json\/wp\/v2\/product\/1371","targetHints":{"allow":["GET"]}}],"collection":[{"href":"https:\/\/indie.rent\/catalogue\/wp-json\/wp\/v2\/product"}],"about":[{"href":"https:\/\/indie.rent\/catalogue\/wp-json\/wp\/v2\/types\/product"}],"version-history":[{"count":0,"href":"https:\/\/indie.rent\/catalogue\/wp-json\/wp\/v2\/product\/1371\/revisions"}],"wp:featuredmedia":[{"embeddable":true,"href":"https:\/\/indie.rent\/catalogue\/wp-json\/wp\/v2\/media\/1869"}],"wp:attachment":[{"href":"https:\/\/indie.rent\/catalogue\/wp-json\/wp\/v2\/media?parent=1371"}],"wp:term":[{"taxonomy":"product_brand","embeddable":true,"href":"https:\/\/indie.rent\/catalogue\/wp-json\/wp\/v2\/product_brand?post=1371"},{"taxonomy":"product_cat","embeddable":true,"href":"https:\/\/indie.rent\/catalogue\/wp-json\/wp\/v2\/product_cat?post=1371"},{"taxonomy":"product_tag","embeddable":true,"href":"https:\/\/indie.rent\/catalogue\/wp-json\/wp\/v2\/product_tag?post=1371"}],"curies":[{"name":"wp","href":"https:\/\/api.w.org\/{rel}","templated":true}]}}