{"id":1370,"date":"2025-01-10T17:30:41","date_gmt":"2025-01-10T16:30:41","guid":{"rendered":"https:\/\/indie.rent\/catalogue\/produit\/follow-focus-manuel-z-drive-tornado\/"},"modified":"2026-04-16T17:07:14","modified_gmt":"2026-04-16T15:07:14","slug":"follow-focus-manuel-zacuto-z-drive-tornado","status":"publish","type":"product","link":"https:\/\/indie.rent\/catalogue\/produit\/follow-focus-manuel-zacuto-z-drive-tornado\/","title":{"rendered":"Follow Focus Manuel  Zacuto Z-Drive + Tornado"},"content":{"rendered":"<p>Follow Focus Zacuto compos\u00e9 du Z-Drive et du Tornado<\/p>\n<p>Le Zacuto Z-Drive est un follow focus manuel qui s\u2019\u00e9quipe sur une seule tige de 15 mm, il est principalement utilis\u00e9 sur des configurations cam\u00e9ras \u00e0 l\u2019\u00e9paule, avec un seul op\u00e9rateur pour la cam\u00e9ra et le point. La majorit\u00e9 du temps il est utilis\u00e9 avec la poign\u00e9e Tornado de Zacuto \u00e9galement. Cette poign\u00e9e permet d\u2019am\u00e9liorer consid\u00e9rablement l\u2019utilisation du follow focus pour l\u2019op\u00e9rateur, dans le cas o\u00f9 la cam\u00e9ra est op\u00e9r\u00e9e par une seule personne. Le principal point n\u00e9gatif du Z-Drive est que la majorit\u00e9 du temps, en fonction de l\u2019optique choisi, l\u2019utilisation d\u2019une mattebox n\u2019est pas possible.<\/p>\n","protected":false},"excerpt":{"rendered":"<p>Follow Focus Zacuto compos\u00e9 du Z-Drive et du Tornado Le Zacuto Z-Drive est un follow focus manuel qui s\u2019\u00e9quipe sur une seule tige de 15 mm, il est principalement utilis\u00e9 sur des configurations cam\u00e9ras \u00e0 l\u2019\u00e9paule, avec un seul op\u00e9rateur pour la cam\u00e9ra et le point. La majorit\u00e9 du temps il est utilis\u00e9 avec la [&hellip;]<\/p>\n","protected":false},"featured_media":1856,"template":"","meta":{"inline_featured_image":false},"product_brand":[],"product_cat":[1956],"product_tag":[2249],"class_list":{"0":"post-1370","1":"product","2":"type-product","3":"status-publish","4":"has-post-thumbnail","6":"product_cat-follow-focus-manuel","7":"product_tag-pas-de-facture","9":"first","10":"instock","11":"taxable","12":"shipping-taxable","13":"purchasable","14":"product-type-rentable"},"acf":[],"_links":{"self":[{"href":"https:\/\/indie.rent\/catalogue\/wp-json\/wp\/v2\/product\/1370","targetHints":{"allow":["GET"]}}],"collection":[{"href":"https:\/\/indie.rent\/catalogue\/wp-json\/wp\/v2\/product"}],"about":[{"href":"https:\/\/indie.rent\/catalogue\/wp-json\/wp\/v2\/types\/product"}],"version-history":[{"count":1,"href":"https:\/\/indie.rent\/catalogue\/wp-json\/wp\/v2\/product\/1370\/revisions"}],"predecessor-version":[{"id":6756,"href":"https:\/\/indie.rent\/catalogue\/wp-json\/wp\/v2\/product\/1370\/revisions\/6756"}],"wp:featuredmedia":[{"embeddable":true,"href":"https:\/\/indie.rent\/catalogue\/wp-json\/wp\/v2\/media\/1856"}],"wp:attachment":[{"href":"https:\/\/indie.rent\/catalogue\/wp-json\/wp\/v2\/media?parent=1370"}],"wp:term":[{"taxonomy":"product_brand","embeddable":true,"href":"https:\/\/indie.rent\/catalogue\/wp-json\/wp\/v2\/product_brand?post=1370"},{"taxonomy":"product_cat","embeddable":true,"href":"https:\/\/indie.rent\/catalogue\/wp-json\/wp\/v2\/product_cat?post=1370"},{"taxonomy":"product_tag","embeddable":true,"href":"https:\/\/indie.rent\/catalogue\/wp-json\/wp\/v2\/product_tag?post=1370"}],"curies":[{"name":"wp","href":"https:\/\/api.w.org\/{rel}","templated":true}]}}