{"id":1369,"date":"2025-01-10T17:30:41","date_gmt":"2025-01-10T16:30:41","guid":{"rendered":"https:\/\/indie.rent\/catalogue\/produit\/follow-focus-manuel-durus-cinevate\/"},"modified":"2026-04-14T17:14:12","modified_gmt":"2026-04-14T15:14:12","slug":"follow-focus-manuel-durus-cinevate","status":"publish","type":"product","link":"https:\/\/indie.rent\/catalogue\/produit\/follow-focus-manuel-durus-cinevate\/","title":{"rendered":"Follow Focus Manuel &#8211; Durus Cinevate"},"content":{"rendered":"<p>Follow Focus Cinevate Durus &#8211; 15mm<\/p>\n<p>Le Follow Focus Cinevate Durus est un follow focus manuel, adaptable de base sur des tiges de 15 mm mais qui peut \u00eatre \u00e9quip\u00e9 pour s\u2019adapter sur des tiges de 19 mm. Il est con\u00e7u de sorte a \u00eatre tr\u00e8s robuste et durable. L\u2019anneau de marquage est magn\u00e9tique, ce qui facilite son utilisation pour l\u2019enlever et le remettre sur le follow focus. Un des plus du Cinevate Durus est qu\u2019il peut s\u2019incliner tr\u00e8s facilement, vers le haut ou vers le bas, afin de s\u2019adapter \u00e0 chaque configurations cam\u00e9ras ou angles lors de la prise de vue.<\/p>\n","protected":false},"excerpt":{"rendered":"<p>Follow Focus Cinevate Durus &#8211; 15mm Le Follow Focus Cinevate Durus est un follow focus manuel, adaptable de base sur des tiges de 15 mm mais qui peut \u00eatre \u00e9quip\u00e9 pour s\u2019adapter sur des tiges de 19 mm. Il est con\u00e7u de sorte a \u00eatre tr\u00e8s robuste et durable. L\u2019anneau de marquage est magn\u00e9tique, ce [&hellip;]<\/p>\n","protected":false},"featured_media":1855,"template":"","meta":{"inline_featured_image":false},"product_brand":[],"product_cat":[1956],"product_tag":[],"class_list":{"0":"post-1369","1":"product","2":"type-product","3":"status-publish","4":"has-post-thumbnail","6":"product_cat-follow-focus-manuel","8":"first","9":"instock","10":"taxable","11":"shipping-taxable","12":"purchasable","13":"product-type-rentable"},"acf":[],"_links":{"self":[{"href":"https:\/\/indie.rent\/catalogue\/wp-json\/wp\/v2\/product\/1369","targetHints":{"allow":["GET"]}}],"collection":[{"href":"https:\/\/indie.rent\/catalogue\/wp-json\/wp\/v2\/product"}],"about":[{"href":"https:\/\/indie.rent\/catalogue\/wp-json\/wp\/v2\/types\/product"}],"version-history":[{"count":0,"href":"https:\/\/indie.rent\/catalogue\/wp-json\/wp\/v2\/product\/1369\/revisions"}],"wp:featuredmedia":[{"embeddable":true,"href":"https:\/\/indie.rent\/catalogue\/wp-json\/wp\/v2\/media\/1855"}],"wp:attachment":[{"href":"https:\/\/indie.rent\/catalogue\/wp-json\/wp\/v2\/media?parent=1369"}],"wp:term":[{"taxonomy":"product_brand","embeddable":true,"href":"https:\/\/indie.rent\/catalogue\/wp-json\/wp\/v2\/product_brand?post=1369"},{"taxonomy":"product_cat","embeddable":true,"href":"https:\/\/indie.rent\/catalogue\/wp-json\/wp\/v2\/product_cat?post=1369"},{"taxonomy":"product_tag","embeddable":true,"href":"https:\/\/indie.rent\/catalogue\/wp-json\/wp\/v2\/product_tag?post=1369"}],"curies":[{"name":"wp","href":"https:\/\/api.w.org\/{rel}","templated":true}]}}