{"id":1364,"date":"2025-01-10T17:30:40","date_gmt":"2025-01-10T16:30:40","guid":{"rendered":"https:\/\/indie.rent\/catalogue\/produit\/profoto-octobox-4ft-avec-speedring\/"},"modified":"2026-04-10T10:27:51","modified_gmt":"2026-04-10T08:27:51","slug":"profoto-octobox-4ft-avec-speedring","status":"publish","type":"product","link":"https:\/\/indie.rent\/catalogue\/produit\/profoto-octobox-4ft-avec-speedring\/","title":{"rendered":"Profoto octobox 4ft avec speedring"},"content":{"rendered":"<p>BOITE A LUMIERE RFI OCTA 4&#8242; (120CM)<\/p>\n<p>inclus : Speedring Profoto Adaptateur Bo\u00eete \u00e0 lumi\u00e8re RFI pour Profoto<\/p>\n","protected":false},"excerpt":{"rendered":"<p>BOITE A LUMIERE RFI OCTA 4&#8242; (120CM) inclus : Speedring Profoto Adaptateur Bo\u00eete \u00e0 lumi\u00e8re RFI pour Profoto<\/p>\n","protected":false},"featured_media":2472,"template":"","meta":{"inline_featured_image":false},"product_brand":[],"product_cat":[2183],"product_tag":[],"class_list":{"0":"post-1364","1":"product","2":"type-product","3":"status-publish","4":"has-post-thumbnail","6":"product_cat-accessoires-flash","8":"first","9":"instock","10":"taxable","11":"shipping-taxable","12":"purchasable","13":"product-type-rentable"},"acf":[],"_links":{"self":[{"href":"https:\/\/indie.rent\/catalogue\/wp-json\/wp\/v2\/product\/1364","targetHints":{"allow":["GET"]}}],"collection":[{"href":"https:\/\/indie.rent\/catalogue\/wp-json\/wp\/v2\/product"}],"about":[{"href":"https:\/\/indie.rent\/catalogue\/wp-json\/wp\/v2\/types\/product"}],"version-history":[{"count":0,"href":"https:\/\/indie.rent\/catalogue\/wp-json\/wp\/v2\/product\/1364\/revisions"}],"wp:featuredmedia":[{"embeddable":true,"href":"https:\/\/indie.rent\/catalogue\/wp-json\/wp\/v2\/media\/2472"}],"wp:attachment":[{"href":"https:\/\/indie.rent\/catalogue\/wp-json\/wp\/v2\/media?parent=1364"}],"wp:term":[{"taxonomy":"product_brand","embeddable":true,"href":"https:\/\/indie.rent\/catalogue\/wp-json\/wp\/v2\/product_brand?post=1364"},{"taxonomy":"product_cat","embeddable":true,"href":"https:\/\/indie.rent\/catalogue\/wp-json\/wp\/v2\/product_cat?post=1364"},{"taxonomy":"product_tag","embeddable":true,"href":"https:\/\/indie.rent\/catalogue\/wp-json\/wp\/v2\/product_tag?post=1364"}],"curies":[{"name":"wp","href":"https:\/\/api.w.org\/{rel}","templated":true}]}}