{"id":1362,"date":"2025-01-10T17:30:39","date_gmt":"2025-01-10T16:30:39","guid":{"rendered":"https:\/\/indie.rent\/catalogue\/produit\/cinesaddle-bag\/"},"modified":"2026-04-05T00:16:16","modified_gmt":"2026-04-04T22:16:16","slug":"cinesaddle-bag","status":"publish","type":"product","link":"https:\/\/indie.rent\/catalogue\/produit\/cinesaddle-bag\/","title":{"rendered":"Cinesaddle bag"},"content":{"rendered":"<p>Le Cinesaddle est con\u00e7u pour servir de support \u00e0 votre cam\u00e9ra et fonctionne comme une plate-forme de montage qui s&#8217;adapte \u00e0 des terrains aux formes \u00e9tranges, bien que vous puissiez \u00e9galement l&#8217;utiliser sur des surfaces planes. Le Cinesaddle n&#8217;est pas un stabilisateur ; cependant, il absorbe les vibrations, ce qui le rend bien adapt\u00e9 aux plateformes mobiles telles que les voitures.<\/p>\n<p>Le Cinesaddle est \u00e9quip\u00e9 d&#8217;une bandouli\u00e8re semi-d\u00e9tachable et de trois poches ouvertes vous permettent de r\u00e9cup\u00e9rer de petits objets. Le Cinesaddle comprend un kit de montage qui peut \u00eatre utilis\u00e9 pour fixer votre cam\u00e9ra sur un support ou un objet mobile.<\/p>\n","protected":false},"excerpt":{"rendered":"<p>Le Cinesaddle est con\u00e7u pour servir de support \u00e0 votre cam\u00e9ra et fonctionne comme une plate-forme de montage qui s&#8217;adapte \u00e0 des terrains aux formes \u00e9tranges, bien que vous puissiez \u00e9galement l&#8217;utiliser sur des surfaces planes. Le Cinesaddle n&#8217;est pas un stabilisateur ; cependant, il absorbe les vibrations, ce qui le rend bien adapt\u00e9 aux [&hellip;]<\/p>\n","protected":false},"featured_media":2409,"template":"","meta":{"inline_featured_image":false},"product_brand":[],"product_cat":[1996],"product_tag":[],"class_list":{"0":"post-1362","1":"product","2":"type-product","3":"status-publish","4":"has-post-thumbnail","6":"product_cat-gueuses-poids","8":"first","9":"instock","10":"taxable","11":"shipping-taxable","12":"purchasable","13":"product-type-rentable"},"acf":[],"_links":{"self":[{"href":"https:\/\/indie.rent\/catalogue\/wp-json\/wp\/v2\/product\/1362","targetHints":{"allow":["GET"]}}],"collection":[{"href":"https:\/\/indie.rent\/catalogue\/wp-json\/wp\/v2\/product"}],"about":[{"href":"https:\/\/indie.rent\/catalogue\/wp-json\/wp\/v2\/types\/product"}],"version-history":[{"count":0,"href":"https:\/\/indie.rent\/catalogue\/wp-json\/wp\/v2\/product\/1362\/revisions"}],"wp:featuredmedia":[{"embeddable":true,"href":"https:\/\/indie.rent\/catalogue\/wp-json\/wp\/v2\/media\/2409"}],"wp:attachment":[{"href":"https:\/\/indie.rent\/catalogue\/wp-json\/wp\/v2\/media?parent=1362"}],"wp:term":[{"taxonomy":"product_brand","embeddable":true,"href":"https:\/\/indie.rent\/catalogue\/wp-json\/wp\/v2\/product_brand?post=1362"},{"taxonomy":"product_cat","embeddable":true,"href":"https:\/\/indie.rent\/catalogue\/wp-json\/wp\/v2\/product_cat?post=1362"},{"taxonomy":"product_tag","embeddable":true,"href":"https:\/\/indie.rent\/catalogue\/wp-json\/wp\/v2\/product_tag?post=1362"}],"curies":[{"name":"wp","href":"https:\/\/api.w.org\/{rel}","templated":true}]}}