{"id":1360,"date":"2025-01-10T17:30:39","date_gmt":"2025-01-10T16:30:39","guid":{"rendered":"https:\/\/indie.rent\/catalogue\/produit\/kit-spacebeam\/"},"modified":"2026-04-13T18:49:49","modified_gmt":"2026-04-13T16:49:49","slug":"kit-spacebeam","status":"publish","type":"product","link":"https:\/\/indie.rent\/catalogue\/produit\/kit-spacebeam\/","title":{"rendered":"Kit Spacebeam"},"content":{"rendered":"<p>La polyvalence a toujours \u00e9t\u00e9 la pr\u00e9occupation premi\u00e8re dans la cr\u00e9ation des projecteurs de K5600 Lighting. Naturellement, lorsque qu&#8217;ils ont cr\u00e9\u00e9 la gamme Alpha, ils ont voulu appliquer ce principe. L\u2019Alpha en lui-m\u00eame repr\u00e9sente d\u00e9j\u00e0 deux projecteurs en un : un Fresnel et un Open face unique avec un faisceau tr\u00e8s large et uniforme.<\/p>\n<p>Le Spacebeam est un accessoire qui remplit deux r\u00f4les : transformer l\u2019Alpha 4 en un Beam Projector (angle de 3\u00b0) ou en un Spacelight HMI.<\/p>\n<p>Avantage du Spacelight K5600, Il est rigide et ne souffre pas du vent. Sa lumi\u00e8re ne flotte pas, le tout est silencieux.<\/p>\n","protected":false},"excerpt":{"rendered":"<p>La polyvalence a toujours \u00e9t\u00e9 la pr\u00e9occupation premi\u00e8re dans la cr\u00e9ation des projecteurs de K5600 Lighting. Naturellement, lorsque qu&#8217;ils ont cr\u00e9\u00e9 la gamme Alpha, ils ont voulu appliquer ce principe. L\u2019Alpha en lui-m\u00eame repr\u00e9sente d\u00e9j\u00e0 deux projecteurs en un : un Fresnel et un Open face unique avec un faisceau tr\u00e8s large et uniforme. Le [&hellip;]<\/p>\n","protected":false},"featured_media":2520,"template":"","meta":{"inline_featured_image":false},"product_brand":[],"product_cat":[2099],"product_tag":[],"class_list":{"0":"post-1360","1":"product","2":"type-product","3":"status-publish","4":"has-post-thumbnail","6":"product_cat-beamer","8":"first","9":"instock","10":"taxable","11":"shipping-taxable","12":"purchasable","13":"product-type-rentable"},"acf":[],"_links":{"self":[{"href":"https:\/\/indie.rent\/catalogue\/wp-json\/wp\/v2\/product\/1360","targetHints":{"allow":["GET"]}}],"collection":[{"href":"https:\/\/indie.rent\/catalogue\/wp-json\/wp\/v2\/product"}],"about":[{"href":"https:\/\/indie.rent\/catalogue\/wp-json\/wp\/v2\/types\/product"}],"version-history":[{"count":0,"href":"https:\/\/indie.rent\/catalogue\/wp-json\/wp\/v2\/product\/1360\/revisions"}],"wp:featuredmedia":[{"embeddable":true,"href":"https:\/\/indie.rent\/catalogue\/wp-json\/wp\/v2\/media\/2520"}],"wp:attachment":[{"href":"https:\/\/indie.rent\/catalogue\/wp-json\/wp\/v2\/media?parent=1360"}],"wp:term":[{"taxonomy":"product_brand","embeddable":true,"href":"https:\/\/indie.rent\/catalogue\/wp-json\/wp\/v2\/product_brand?post=1360"},{"taxonomy":"product_cat","embeddable":true,"href":"https:\/\/indie.rent\/catalogue\/wp-json\/wp\/v2\/product_cat?post=1360"},{"taxonomy":"product_tag","embeddable":true,"href":"https:\/\/indie.rent\/catalogue\/wp-json\/wp\/v2\/product_tag?post=1360"}],"curies":[{"name":"wp","href":"https:\/\/api.w.org\/{rel}","templated":true}]}}