{"id":1359,"date":"2025-01-10T17:30:39","date_gmt":"2025-01-10T16:30:39","guid":{"rendered":"https:\/\/indie.rent\/catalogue\/produit\/cadre-pliable-avec-fixations-12x-12-360x360cm\/"},"modified":"2026-04-16T18:03:53","modified_gmt":"2026-04-16T16:03:53","slug":"cadre-pliable-avec-fixations-12x-12-360x360cm","status":"publish","type":"product","link":"https:\/\/indie.rent\/catalogue\/produit\/cadre-pliable-avec-fixations-12x-12-360x360cm\/","title":{"rendered":"Cadre Pliable avec fixations 12&#8217;x 12&#8217;\/ 360x360cm"},"content":{"rendered":"<p>Le cadre pliable compact H2512 est un cadre pliable plus compact que le cadre pliable classique de Avenger.<br \/>Fourni avec des fixations pour pieds lumi\u00e8re, le cadre mesure 366 x 366 cm une fois d\u00e9pli\u00e9. <br \/>Ce cadre au design Cardellini b\u00e9n\u00e9ficie d\u2019une structure unique qui se plie et se d\u00e9plie. <br \/>Si vous avez besoin de passer rapidement d\u2019un plateau \u00e0 un autre, il suffit de retirer la toile et les fixations du cadre, de d\u00e9sactiver les connecteurs coulissants et de replier le cadre pour le transporter. Ensuite, re-d\u00e9pliez le cadre, activez les connecteurs coulissants, fixez le cadre sur une paire de pieds lumi\u00e8re avec rotule puis attachez votre toile pour reprendre le travail. Les cadres pliables compacts se transportent facilement d\u2019un studio \u00e0 un autre.<\/p>\n<p>Dimensions de transport : 190,5 x 16,5 x 8,5 cm<br \/>Poids : 16kg<br \/>Mat\u00e9riaux : Aluminium<\/p>\n","protected":false},"excerpt":{"rendered":"<p>Le cadre pliable compact H2512 est un cadre pliable plus compact que le cadre pliable classique de Avenger.Fourni avec des fixations pour pieds lumi\u00e8re, le cadre mesure 366 x 366 cm une fois d\u00e9pli\u00e9. Ce cadre au design Cardellini b\u00e9n\u00e9ficie d\u2019une structure unique qui se plie et se d\u00e9plie. Si vous avez besoin de passer [&hellip;]<\/p>\n","protected":false},"featured_media":3635,"template":"","meta":{"inline_featured_image":false},"product_brand":[],"product_cat":[2116],"product_tag":[],"class_list":{"0":"post-1359","1":"product","2":"type-product","3":"status-publish","4":"has-post-thumbnail","6":"product_cat-cadres","8":"first","9":"instock","10":"featured","11":"taxable","12":"shipping-taxable","13":"purchasable","14":"product-type-rentable"},"acf":[],"_links":{"self":[{"href":"https:\/\/indie.rent\/catalogue\/wp-json\/wp\/v2\/product\/1359","targetHints":{"allow":["GET"]}}],"collection":[{"href":"https:\/\/indie.rent\/catalogue\/wp-json\/wp\/v2\/product"}],"about":[{"href":"https:\/\/indie.rent\/catalogue\/wp-json\/wp\/v2\/types\/product"}],"version-history":[{"count":0,"href":"https:\/\/indie.rent\/catalogue\/wp-json\/wp\/v2\/product\/1359\/revisions"}],"wp:featuredmedia":[{"embeddable":true,"href":"https:\/\/indie.rent\/catalogue\/wp-json\/wp\/v2\/media\/3635"}],"wp:attachment":[{"href":"https:\/\/indie.rent\/catalogue\/wp-json\/wp\/v2\/media?parent=1359"}],"wp:term":[{"taxonomy":"product_brand","embeddable":true,"href":"https:\/\/indie.rent\/catalogue\/wp-json\/wp\/v2\/product_brand?post=1359"},{"taxonomy":"product_cat","embeddable":true,"href":"https:\/\/indie.rent\/catalogue\/wp-json\/wp\/v2\/product_cat?post=1359"},{"taxonomy":"product_tag","embeddable":true,"href":"https:\/\/indie.rent\/catalogue\/wp-json\/wp\/v2\/product_tag?post=1359"}],"curies":[{"name":"wp","href":"https:\/\/api.w.org\/{rel}","templated":true}]}}