{"id":1358,"date":"2025-01-10T17:30:38","date_gmt":"2025-01-10T16:30:38","guid":{"rendered":"https:\/\/indie.rent\/catalogue\/produit\/module-dextension-pour-red-komodo\/"},"modified":"2026-04-10T10:25:44","modified_gmt":"2026-04-10T08:25:44","slug":"module-dextension-pour-red-komodo","status":"publish","type":"product","link":"https:\/\/indie.rent\/catalogue\/produit\/module-dextension-pour-red-komodo\/","title":{"rendered":"Module d&#8217;Extension pour Red Komodo"},"content":{"rendered":"<p>Le RED Expander Module est un module d\u2019extension pour la cam\u00e9ra RED KOMODO qui fournit des connecteurs vid\u00e9o, d\u2019alimentation et de communication suppl\u00e9mentaires. Ces connecteurs vid\u00e9o professionnels incluent des ports TIMECODE IN, GENLOCK et GPI BNC ainsi qu\u2019une interface de contr\u00f4le \u00e0 4 broches.<\/p>\n<p>Ce module d\u2019extension int\u00e8gre plusieurs filetages anti-torsion de type 1\/4\u2033-20, 3\/8\u2033-16 et ARRI pour ajouter des accessoires. Il dispose \u00e9galement d\u2019une plaque de d\u00e9gagement rapide et b\u00e9n\u00e9ficie d\u2019une construction en aluminium durable.<\/p>\n","protected":false},"excerpt":{"rendered":"<p>Le RED Expander Module est un module d\u2019extension pour la cam\u00e9ra RED KOMODO qui fournit des connecteurs vid\u00e9o, d\u2019alimentation et de communication suppl\u00e9mentaires. Ces connecteurs vid\u00e9o professionnels incluent des ports TIMECODE IN, GENLOCK et GPI BNC ainsi qu\u2019une interface de contr\u00f4le \u00e0 4 broches. Ce module d\u2019extension int\u00e8gre plusieurs filetages anti-torsion de type 1\/4\u2033-20, 3\/8\u2033-16 [&hellip;]<\/p>\n","protected":false},"featured_media":2439,"template":"","meta":{"inline_featured_image":false},"product_brand":[],"product_cat":[1951],"product_tag":[],"class_list":{"0":"post-1358","1":"product","2":"type-product","3":"status-publish","4":"has-post-thumbnail","6":"product_cat-accessoires-red","8":"first","9":"instock","10":"taxable","11":"shipping-taxable","12":"purchasable","13":"product-type-rentable"},"acf":[],"_links":{"self":[{"href":"https:\/\/indie.rent\/catalogue\/wp-json\/wp\/v2\/product\/1358","targetHints":{"allow":["GET"]}}],"collection":[{"href":"https:\/\/indie.rent\/catalogue\/wp-json\/wp\/v2\/product"}],"about":[{"href":"https:\/\/indie.rent\/catalogue\/wp-json\/wp\/v2\/types\/product"}],"version-history":[{"count":0,"href":"https:\/\/indie.rent\/catalogue\/wp-json\/wp\/v2\/product\/1358\/revisions"}],"wp:featuredmedia":[{"embeddable":true,"href":"https:\/\/indie.rent\/catalogue\/wp-json\/wp\/v2\/media\/2439"}],"wp:attachment":[{"href":"https:\/\/indie.rent\/catalogue\/wp-json\/wp\/v2\/media?parent=1358"}],"wp:term":[{"taxonomy":"product_brand","embeddable":true,"href":"https:\/\/indie.rent\/catalogue\/wp-json\/wp\/v2\/product_brand?post=1358"},{"taxonomy":"product_cat","embeddable":true,"href":"https:\/\/indie.rent\/catalogue\/wp-json\/wp\/v2\/product_cat?post=1358"},{"taxonomy":"product_tag","embeddable":true,"href":"https:\/\/indie.rent\/catalogue\/wp-json\/wp\/v2\/product_tag?post=1358"}],"curies":[{"name":"wp","href":"https:\/\/api.w.org\/{rel}","templated":true}]}}