{"id":1356,"date":"2025-01-10T17:30:38","date_gmt":"2025-01-10T16:30:38","guid":{"rendered":"https:\/\/indie.rent\/catalogue\/produit\/grande-ez-up-3x3m-noire\/"},"modified":"2026-04-16T17:29:03","modified_gmt":"2026-04-16T15:29:03","slug":"grande-tente-noire-3mx3m-ez-up","status":"publish","type":"product","link":"https:\/\/indie.rent\/catalogue\/produit\/grande-tente-noire-3mx3m-ez-up\/","title":{"rendered":"Grande Tente Noire &#8211;  3mx3m &#8211; EZ-UP"},"content":{"rendered":"<p>De Grande EZ-Up 3x3m NOIR sont disponibles \u00e0 la location chez Indie !<\/p>\n<p>Description :<br \/>Taille : 3m x 3m<br \/>Poids : 32,4kg<br \/>Hauteur sous armature : 2,1m<br \/>Hauteur au fa\u00eetage : 3,4m<br \/>Hauteur sous cantonni\u00e8re : 2,1m<br \/>Couleur : Noir<\/p>\n","protected":false},"excerpt":{"rendered":"<p>De Grande EZ-Up 3x3m NOIR sont disponibles \u00e0 la location chez Indie ! Description :Taille : 3m x 3mPoids : 32,4kgHauteur sous armature : 2,1mHauteur au fa\u00eetage : 3,4mHauteur sous cantonni\u00e8re : 2,1mCouleur : Noir<\/p>\n","protected":false},"featured_media":3576,"template":"","meta":{"inline_featured_image":false},"product_brand":[],"product_cat":[2157],"product_tag":[],"class_list":{"0":"post-1356","1":"product","2":"type-product","3":"status-publish","4":"has-post-thumbnail","6":"product_cat-tente","8":"first","9":"instock","10":"taxable","11":"shipping-taxable","12":"purchasable","13":"product-type-rentable"},"acf":[],"_links":{"self":[{"href":"https:\/\/indie.rent\/catalogue\/wp-json\/wp\/v2\/product\/1356","targetHints":{"allow":["GET"]}}],"collection":[{"href":"https:\/\/indie.rent\/catalogue\/wp-json\/wp\/v2\/product"}],"about":[{"href":"https:\/\/indie.rent\/catalogue\/wp-json\/wp\/v2\/types\/product"}],"version-history":[{"count":0,"href":"https:\/\/indie.rent\/catalogue\/wp-json\/wp\/v2\/product\/1356\/revisions"}],"wp:featuredmedia":[{"embeddable":true,"href":"https:\/\/indie.rent\/catalogue\/wp-json\/wp\/v2\/media\/3576"}],"wp:attachment":[{"href":"https:\/\/indie.rent\/catalogue\/wp-json\/wp\/v2\/media?parent=1356"}],"wp:term":[{"taxonomy":"product_brand","embeddable":true,"href":"https:\/\/indie.rent\/catalogue\/wp-json\/wp\/v2\/product_brand?post=1356"},{"taxonomy":"product_cat","embeddable":true,"href":"https:\/\/indie.rent\/catalogue\/wp-json\/wp\/v2\/product_cat?post=1356"},{"taxonomy":"product_tag","embeddable":true,"href":"https:\/\/indie.rent\/catalogue\/wp-json\/wp\/v2\/product_tag?post=1356"}],"curies":[{"name":"wp","href":"https:\/\/api.w.org\/{rel}","templated":true}]}}